{"id":3377,"date":"2015-11-25T07:33:06","date_gmt":"2015-11-25T07:33:06","guid":{"rendered":"http:\/\/smartyschool.stylemixthemes.com\/?page_id=23"},"modified":"2026-02-03T18:13:45","modified_gmt":"2026-02-03T17:13:45","slug":"contacts","status":"publish","type":"page","link":"https:\/\/www.arahf.be\/?page_id=3377","title":{"rendered":"Contacts"},"content":{"rendered":"<p>[vc_row full_width=&#8221;stretch_row_content_no_spaces&#8221;][vc_column width=&#8221;1\/2&#8243;][vc_gmaps link=&#8221;#E-8_JTNDaWZyYW1lJTIwc3JjJTNEJTIyaHR0cHMlM0ElMkYlMkZ3d3cuZ29vZ2xlLmNvbSUyRm1hcHMlMkZlbWJlZCUzRnBiJTNEJTIxMW0xOCUyMTFtMTIlMjExbTMlMjExZDQwNjgzLjAwNzE0OTUzMDA2JTIxMmQ1Ljk0MjA1NjY2MjMxOTY5OSUyMTNkNTAuNDA5NjUyOTQ0MTI0NjIlMjEybTMlMjExZjAlMjEyZjAlMjEzZjAlMjEzbTIlMjExaTEwMjQlMjEyaTc2OCUyMTRmMTMuMSUyMTNtMyUyMTFtMiUyMTFzMHg0N2MwN2I5NGM5YWMwZDgxJTI1M0EweDg3ZjE5M2NhNjc2ODY0MCUyMTJzQXRoJTI1QzMlMjVBOW4lMjVDMyUyNUE5ZSUyNTIwUm95YWwlMjUyMEFyZGVubmUlMjUyMC0lMjUyMEhhdXRlcyUyNTIwRmFnbmVzJTIxNWUwJTIxM20yJTIxMXNmciUyMTJzYmUlMjE0djE2MzcxNjgwMDQwODYlMjE1bTIlMjExc2ZyJTIxMnNiZSUyMiUyMHdpZHRoJTNEJTIyNjAwJTIyJTIwaGVpZ2h0JTNEJTIyNDUwJTIyJTIwc3R5bGUlM0QlMjJib3JkZXIlM0EwJTNCJTIyJTIwYWxsb3dmdWxsc2NyZWVuJTNEJTIyJTIyJTIwbG9hZGluZyUzRCUyMmxhenklMjIlM0UlM0MlMkZpZnJhbWUlM0U=&#8221;][\/vc_column][vc_column width=&#8221;1\/2&#8243;][vc_gmaps link=&#8221;#E-8_JTNDaWZyYW1lJTIwc3JjJTNEJTIyaHR0cHMlM0ElMkYlMkZ3d3cuZ29vZ2xlLmNvbSUyRm1hcHMlMkZlbWJlZCUzRnBiJTNEJTIxMW0xOCUyMTFtMTIlMjExbTMlMjExZDI1NDMuMzUwMjY5MzMyMjE1NyUyMTJkNS45MzAwMDU1MTU2MTM4MjMlMjEzZDUwLjM5NzMwOTQ3OTQ2ODE1NiUyMTJtMyUyMTFmMCUyMTJmMCUyMTNmMCUyMTNtMiUyMTFpMTAyNCUyMTJpNzY4JTIxNGYxMy4xJTIxM20zJTIxMW0yJTIxMXMweDQ3YzA2NTI5NDUzM2JlN2QlMjUzQTB4MzgzZTkzZWViMzAyZGE1ZiUyMTJzQXRoJTI1QzMlMjVBOW4lMjVDMyUyNUE5ZSUyNTIwUm95YWwlMjUyMEFyZGVubmUlMjUyMC0lMjUyMEhhdXRlcyUyNTIwRmFnbmVzJTIxNWUwJTIxM20yJTIxMXNmciUyMTJzYmUlMjE0djE2MzcxNjc3OTg1OTQlMjE1bTIlMjExc2ZyJTIxMnNiZSUyMiUyMHdpZHRoJTNEJTIyNjAwJTIyJTIwaGVpZ2h0JTNEJTIyNDUwJTIyJTIwc3R5bGUlM0QlMjJib3JkZXIlM0EwJTNCJTIyJTIwYWxsb3dmdWxsc2NyZWVuJTNEJTIyJTIyJTIwbG9hZGluZyUzRCUyMmxhenklMjIlM0UlM0MlMkZpZnJhbWUlM0U=&#8221;][\/vc_column][\/vc_row][vc_row][vc_column width=&#8221;1\/2&#8243;][stm_title title_tag=&#8221;h2&#8243; sep_color=&#8221;green&#8221; sep_enable=&#8221;true&#8221; title=&#8221;Contactez-nous !&#8221;][\/stm_title][vc_row_inner css=&#8221;.vc_custom_1567252686934{margin-bottom: 56px !important;}&#8221;][vc_column_inner el_id=&#8221;Pour contacter l&#8217;\u00e9ducateur de votre enfant:&#8221;][vc_column_text]Pour contacter les \u00e9ducateurs de votre enfant:<\/p>\n<p>Si ce n&#8217;est pas urgent:<\/p>\n<ul>\n<li>educ.malmedy@arahf.be\u00a0 et\u00a0 \u00a0educ.stavelot@arahf.be<\/li>\n<li>\u00e0 Stavelot: de 8h00 \u00e0 16h00 au 080\/29 12 00<\/li>\n<\/ul>\n<p>Uniquement pour l&#8217;implantation de Malmedy:<\/p>\n<p class=\"x_elementToProof\"><span data-olk-copy-source=\"MessageBody\">\ud83d\udcde Mme GERARDY (1M \/ 4M \/ 4TQ) : 0479 88 73 10<\/span><\/p>\n<p class=\"x_elementToProof\">\ud83d\udcde Mme CARO (2M \/ 5M \/ 5TQ) : 0479 86 11 28<\/p>\n<p class=\"x_elementToProof\">\ud83d\udcde M. IMPENS (3M \/ 6M \/ 6TQ) : \u00a00479 86 41 81<\/p>\n<div class=\"x_elementToProof\">Les SMS sont accept\u00e9s pour pr\u00e9venir d&#8217;une absence mais veillez \u00e0 pr\u00e9ciser le nom et pr\u00e9nom de l&#8217;\u00e9l\u00e8ve. Merci d\u2019encoder le num\u00e9ro correspondant \u00e0 l\u2019\u00e9ducateur de votre enfant dans vos contacts.<\/div>\n<p>[\/vc_column_text][\/vc_column_inner][\/vc_row_inner][\/vc_column][vc_column width=&#8221;1\/2&#8243;][stm_contact_person name=&#8221;Mme Vinciane Leblan&#8221; question=&#8221;Directrice&#8221; tel=&#8221;+32 (0)80 79 11 22 et 0499\/53.89.41&#8243; email=&#8221;direction@arahf.be&#8221; css=&#8221;.vc_custom_1736356063155{margin-bottom: 50px !important;}&#8221;][stm_contact_person name=&#8221;Mme Servais Sabrina&#8221; question=&#8221;Directeur adjoint ARAHF | Stavelot&#8221; tel=&#8221;+32 (0)80 29 12 00&#8243; email=&#8221;proviseur@arahf.be&#8221; css=&#8221;.vc_custom_1736675721964{margin-bottom: 50px !important;}&#8221;][stm_contact_person name=&#8221;Mme Frusch&#8221; question=&#8221;Directrice du fondamental de Malmedy&#8221; tel=&#8221;+32 (0)80 79 11 25&#8243; email=&#8221;fondamental.malmedy@arahf.be&#8221; css=&#8221;.vc_custom_1736675774489{margin-bottom: 50px !important;}&#8221;][stm_contact_person name=&#8221;Mme Kalavasis&#8221; question=&#8221;Directrice du fondamental Stavelot&#8221; tel=&#8221;+32 (0)80 29 12 01&#8243; email=&#8221;fondamental.stavelot@arahf.be&#8221; css=&#8221;.vc_custom_1770138821825{margin-bottom: 50px !important;}&#8221;][stm_contact_person question=&#8221;Secr\u00e9tariat&#8221; tel=&#8221;+32 (0)80 79 11 20&#8243; email=&#8221;secretariat@arahf.be&#8221; css=&#8221;.vc_custom_1736675759793{margin-bottom: 50px !important;}&#8221; name=&#8221;Secr\u00e9tariat&#8221;][stm_contact_person name=&#8221;Economat&#8221; tel=&#8221;+32 (0)80 79 11 24&#8243; email=&#8221;economat@arahf.be&#8221; css=&#8221;.vc_custom_1719317305304{margin-bottom: 50px !important;}&#8221;][\/vc_column][\/vc_row]<\/p>\n","protected":false},"excerpt":{"rendered":"<p>[vc_row full_width=&#8221;stretch_row_content_no_spaces&#8221;][vc_column width=&#8221;1\/2&#8243;][vc_gmaps link=&#8221;#E-8_JTNDaWZyYW1lJTIwc3JjJTNEJTIyaHR0cHMlM0ElMkYlMkZ3d3cuZ29vZ2xlLmNvbSUyRm1hcHMlMkZlbWJlZCUzRnBiJTNEJTIxMW0xOCUyMTFtMTIlMjExbTMlMjExZDQwNjgzLjAwNzE0OTUzMDA2JTIxMmQ1Ljk0MjA1NjY2MjMxOTY5OSUyMTNkNTAuNDA5NjUyOTQ0MTI0NjIlMjEybTMlMjExZjAlMjEyZjAlMjEzZjAlMjEzbTIlMjExaTEwMjQlMjEyaTc2OCUyMTRmMTMuMSUyMTNtMyUyMTFtMiUyMTFzMHg0N2MwN2I5NGM5YWMwZDgxJTI1M0EweDg3ZjE5M2NhNjc2ODY0MCUyMTJzQXRoJTI1QzMlMjVBOW4lMjVDMyUyNUE5ZSUyNTIwUm95YWwlMjUyMEFyZGVubmUlMjUyMC0lMjUyMEhhdXRlcyUyNTIwRmFnbmVzJTIxNWUwJTIxM20yJTIxMXNmciUyMTJzYmUlMjE0djE2MzcxNjgwMDQwODYlMjE1bTIlMjExc2ZyJTIxMnNiZSUyMiUyMHdpZHRoJTNEJTIyNjAwJTIyJTIwaGVpZ2h0JTNEJTIyNDUwJTIyJTIwc3R5bGUlM0QlMjJib3JkZXIlM0EwJTNCJTIyJTIwYWxsb3dmdWxsc2NyZWVuJTNEJTIyJTIyJTIwbG9hZGluZyUzRCUyMmxhenklMjIlM0UlM0MlMkZpZnJhbWUlM0U=&#8221;][\/vc_column][vc_column width=&#8221;1\/2&#8243;][vc_gmaps link=&#8221;#E-8_JTNDaWZyYW1lJTIwc3JjJTNEJTIyaHR0cHMlM0ElMkYlMkZ3d3cuZ29vZ2xlLmNvbSUyRm1hcHMlMkZlbWJlZCUzRnBiJTNEJTIxMW0xOCUyMTFtMTIlMjExbTMlMjExZDI1NDMuMzUwMjY5MzMyMjE1NyUyMTJkNS45MzAwMDU1MTU2MTM4MjMlMjEzZDUwLjM5NzMwOTQ3OTQ2ODE1NiUyMTJtMyUyMTFmMCUyMTJmMCUyMTNmMCUyMTNtMiUyMTFpMTAyNCUyMTJpNzY4JTIxNGYxMy4xJTIxM20zJTIxMW0yJTIxMXMweDQ3YzA2NTI5NDUzM2JlN2QlMjUzQTB4MzgzZTkzZWViMzAyZGE1ZiUyMTJzQXRoJTI1QzMlMjVBOW4lMjVDMyUyNUE5ZSUyNTIwUm95YWwlMjUyMEFyZGVubmUlMjUyMC0lMjUyMEhhdXRlcyUyNTIwRmFnbmVzJTIxNWUwJTIxM20yJTIxMXNmciUyMTJzYmUlMjE0djE2MzcxNjc3OTg1OTQlMjE1bTIlMjExc2ZyJTIxMnNiZSUyMiUyMHdpZHRoJTNEJTIyNjAwJTIyJTIwaGVpZ2h0JTNEJTIyNDUwJTIyJTIwc3R5bGUlM0QlMjJib3JkZXIlM0EwJTNCJTIyJTIwYWxsb3dmdWxsc2NyZWVuJTNEJTIyJTIyJTIwbG9hZGluZyUzRCUyMmxhenklMjIlM0UlM0MlMkZpZnJhbWUlM0U=&#8221;][\/vc_column][\/vc_row][vc_row][vc_column width=&#8221;1\/2&#8243;][stm_title title_tag=&#8221;h2&#8243; sep_color=&#8221;green&#8221; sep_enable=&#8221;true&#8221; title=&#8221;Contactez-nous !&#8221;][\/stm_title][vc_row_inner css=&#8221;.vc_custom_1567252686934{margin-bottom: 56px !important;}&#8221;][vc_column_inner el_id=&#8221;Pour contacter l&#8217;\u00e9ducateur de votre enfant:&#8221;][vc_column_text]Pour contacter les \u00e9ducateurs de votre enfant: Si ce n&#8217;est pas urgent: educ.malmedy@arahf.be\u00a0 et\u00a0 \u00a0educ.stavelot@arahf.be \u00e0 Stavelot: de 8h00 \u00e0 16h00 au 080\/29 12 00 Uniquement pour l&#8217;implantation de Malmedy: \ud83d\udcde Mme GERARDY (1M \/ [&hellip;]<\/p>\n","protected":false},"author":1,"featured_media":0,"parent":0,"menu_order":0,"comment_status":"closed","ping_status":"closed","template":"","meta":{"content-type":"","om_disable_all_campaigns":false,"footnotes":""},"class_list":["post-3377","page","type-page","status-publish","hentry"],"yoast_head":"<!-- This site is optimized with the Yoast SEO plugin v27.4 - https:\/\/yoast.com\/product\/yoast-seo-wordpress\/ -->\n<title>Contacts - Bienvenue \u00e0 l&#039;ARAHF<\/title>\n<meta name=\"robots\" content=\"index, follow, max-snippet:-1, max-image-preview:large, max-video-preview:-1\" \/>\n<link rel=\"canonical\" href=\"https:\/\/www.arahf.be\/?page_id=3377\" \/>\n<meta property=\"og:locale\" content=\"fr_FR\" \/>\n<meta property=\"og:type\" content=\"article\" \/>\n<meta property=\"og:title\" content=\"Contacts - Bienvenue \u00e0 l&#039;ARAHF\" \/>\n<meta property=\"og:description\" content=\"[vc_row full_width=&#8221;stretch_row_content_no_spaces&#8221;][vc_column width=&#8221;1\/2&#8243;][vc_gmaps link=&#8221;#E-8_JTNDaWZyYW1lJTIwc3JjJTNEJTIyaHR0cHMlM0ElMkYlMkZ3d3cuZ29vZ2xlLmNvbSUyRm1hcHMlMkZlbWJlZCUzRnBiJTNEJTIxMW0xOCUyMTFtMTIlMjExbTMlMjExZDQwNjgzLjAwNzE0OTUzMDA2JTIxMmQ1Ljk0MjA1NjY2MjMxOTY5OSUyMTNkNTAuNDA5NjUyOTQ0MTI0NjIlMjEybTMlMjExZjAlMjEyZjAlMjEzZjAlMjEzbTIlMjExaTEwMjQlMjEyaTc2OCUyMTRmMTMuMSUyMTNtMyUyMTFtMiUyMTFzMHg0N2MwN2I5NGM5YWMwZDgxJTI1M0EweDg3ZjE5M2NhNjc2ODY0MCUyMTJzQXRoJTI1QzMlMjVBOW4lMjVDMyUyNUE5ZSUyNTIwUm95YWwlMjUyMEFyZGVubmUlMjUyMC0lMjUyMEhhdXRlcyUyNTIwRmFnbmVzJTIxNWUwJTIxM20yJTIxMXNmciUyMTJzYmUlMjE0djE2MzcxNjgwMDQwODYlMjE1bTIlMjExc2ZyJTIxMnNiZSUyMiUyMHdpZHRoJTNEJTIyNjAwJTIyJTIwaGVpZ2h0JTNEJTIyNDUwJTIyJTIwc3R5bGUlM0QlMjJib3JkZXIlM0EwJTNCJTIyJTIwYWxsb3dmdWxsc2NyZWVuJTNEJTIyJTIyJTIwbG9hZGluZyUzRCUyMmxhenklMjIlM0UlM0MlMkZpZnJhbWUlM0U=&#8221;][\/vc_column][vc_column width=&#8221;1\/2&#8243;][vc_gmaps link=&#8221;#E-8_JTNDaWZyYW1lJTIwc3JjJTNEJTIyaHR0cHMlM0ElMkYlMkZ3d3cuZ29vZ2xlLmNvbSUyRm1hcHMlMkZlbWJlZCUzRnBiJTNEJTIxMW0xOCUyMTFtMTIlMjExbTMlMjExZDI1NDMuMzUwMjY5MzMyMjE1NyUyMTJkNS45MzAwMDU1MTU2MTM4MjMlMjEzZDUwLjM5NzMwOTQ3OTQ2ODE1NiUyMTJtMyUyMTFmMCUyMTJmMCUyMTNmMCUyMTNtMiUyMTFpMTAyNCUyMTJpNzY4JTIxNGYxMy4xJTIxM20zJTIxMW0yJTIxMXMweDQ3YzA2NTI5NDUzM2JlN2QlMjUzQTB4MzgzZTkzZWViMzAyZGE1ZiUyMTJzQXRoJTI1QzMlMjVBOW4lMjVDMyUyNUE5ZSUyNTIwUm95YWwlMjUyMEFyZGVubmUlMjUyMC0lMjUyMEhhdXRlcyUyNTIwRmFnbmVzJTIxNWUwJTIxM20yJTIxMXNmciUyMTJzYmUlMjE0djE2MzcxNjc3OTg1OTQlMjE1bTIlMjExc2ZyJTIxMnNiZSUyMiUyMHdpZHRoJTNEJTIyNjAwJTIyJTIwaGVpZ2h0JTNEJTIyNDUwJTIyJTIwc3R5bGUlM0QlMjJib3JkZXIlM0EwJTNCJTIyJTIwYWxsb3dmdWxsc2NyZWVuJTNEJTIyJTIyJTIwbG9hZGluZyUzRCUyMmxhenklMjIlM0UlM0MlMkZpZnJhbWUlM0U=&#8221;][\/vc_column][\/vc_row][vc_row][vc_column width=&#8221;1\/2&#8243;][stm_title title_tag=&#8221;h2&#8243; sep_color=&#8221;green&#8221; sep_enable=&#8221;true&#8221; title=&#8221;Contactez-nous !&#8221;][\/stm_title][vc_row_inner css=&#8221;.vc_custom_1567252686934{margin-bottom: 56px !important;}&#8221;][vc_column_inner el_id=&#8221;Pour contacter l&#8217;\u00e9ducateur de votre enfant:&#8221;][vc_column_text]Pour contacter les \u00e9ducateurs de votre enfant: Si ce n&#8217;est pas urgent: educ.malmedy@arahf.be\u00a0 et\u00a0 \u00a0educ.stavelot@arahf.be \u00e0 Stavelot: de 8h00 \u00e0 16h00 au 080\/29 12 00 Uniquement pour l&#8217;implantation de Malmedy: \ud83d\udcde Mme GERARDY (1M \/ [&hellip;]\" \/>\n<meta property=\"og:url\" content=\"https:\/\/www.arahf.be\/?page_id=3377\" \/>\n<meta property=\"og:site_name\" content=\"Bienvenue \u00e0 l&#039;ARAHF\" \/>\n<meta property=\"article:modified_time\" content=\"2026-02-03T17:13:45+00:00\" \/>\n<meta name=\"twitter:card\" content=\"summary_large_image\" \/>\n<meta name=\"twitter:label1\" content=\"Dur\u00e9e de lecture estim\u00e9e\" \/>\n\t<meta name=\"twitter:data1\" content=\"2 minutes\" \/>\n<script type=\"application\/ld+json\" class=\"yoast-schema-graph\">{\"@context\":\"https:\\\/\\\/schema.org\",\"@graph\":[{\"@type\":\"WebPage\",\"@id\":\"https:\\\/\\\/www.arahf.be\\\/?page_id=3377\",\"url\":\"https:\\\/\\\/www.arahf.be\\\/?page_id=3377\",\"name\":\"Contacts - Bienvenue \u00e0 l&#039;ARAHF\",\"isPartOf\":{\"@id\":\"https:\\\/\\\/www.arahf.be\\\/#website\"},\"datePublished\":\"2015-11-25T07:33:06+00:00\",\"dateModified\":\"2026-02-03T17:13:45+00:00\",\"breadcrumb\":{\"@id\":\"https:\\\/\\\/www.arahf.be\\\/?page_id=3377#breadcrumb\"},\"inLanguage\":\"fr-FR\",\"potentialAction\":[{\"@type\":\"ReadAction\",\"target\":[\"https:\\\/\\\/www.arahf.be\\\/?page_id=3377\"]}]},{\"@type\":\"BreadcrumbList\",\"@id\":\"https:\\\/\\\/www.arahf.be\\\/?page_id=3377#breadcrumb\",\"itemListElement\":[{\"@type\":\"ListItem\",\"position\":1,\"name\":\"Accueil\",\"item\":\"https:\\\/\\\/www.arahf.be\\\/\"},{\"@type\":\"ListItem\",\"position\":2,\"name\":\"Contacts\"}]},{\"@type\":\"WebSite\",\"@id\":\"https:\\\/\\\/www.arahf.be\\\/#website\",\"url\":\"https:\\\/\\\/www.arahf.be\\\/\",\"name\":\"Bienvenue \u00e0 l&#039;ARAHF\",\"description\":\"\",\"potentialAction\":[{\"@type\":\"SearchAction\",\"target\":{\"@type\":\"EntryPoint\",\"urlTemplate\":\"https:\\\/\\\/www.arahf.be\\\/?s={search_term_string}\"},\"query-input\":{\"@type\":\"PropertyValueSpecification\",\"valueRequired\":true,\"valueName\":\"search_term_string\"}}],\"inLanguage\":\"fr-FR\"}]}<\/script>\n<!-- \/ Yoast SEO plugin. -->","yoast_head_json":{"title":"Contacts - Bienvenue \u00e0 l&#039;ARAHF","robots":{"index":"index","follow":"follow","max-snippet":"max-snippet:-1","max-image-preview":"max-image-preview:large","max-video-preview":"max-video-preview:-1"},"canonical":"https:\/\/www.arahf.be\/?page_id=3377","og_locale":"fr_FR","og_type":"article","og_title":"Contacts - Bienvenue \u00e0 l&#039;ARAHF","og_description":"[vc_row full_width=&#8221;stretch_row_content_no_spaces&#8221;][vc_column width=&#8221;1\/2&#8243;][vc_gmaps link=&#8221;#E-8_JTNDaWZyYW1lJTIwc3JjJTNEJTIyaHR0cHMlM0ElMkYlMkZ3d3cuZ29vZ2xlLmNvbSUyRm1hcHMlMkZlbWJlZCUzRnBiJTNEJTIxMW0xOCUyMTFtMTIlMjExbTMlMjExZDQwNjgzLjAwNzE0OTUzMDA2JTIxMmQ1Ljk0MjA1NjY2MjMxOTY5OSUyMTNkNTAuNDA5NjUyOTQ0MTI0NjIlMjEybTMlMjExZjAlMjEyZjAlMjEzZjAlMjEzbTIlMjExaTEwMjQlMjEyaTc2OCUyMTRmMTMuMSUyMTNtMyUyMTFtMiUyMTFzMHg0N2MwN2I5NGM5YWMwZDgxJTI1M0EweDg3ZjE5M2NhNjc2ODY0MCUyMTJzQXRoJTI1QzMlMjVBOW4lMjVDMyUyNUE5ZSUyNTIwUm95YWwlMjUyMEFyZGVubmUlMjUyMC0lMjUyMEhhdXRlcyUyNTIwRmFnbmVzJTIxNWUwJTIxM20yJTIxMXNmciUyMTJzYmUlMjE0djE2MzcxNjgwMDQwODYlMjE1bTIlMjExc2ZyJTIxMnNiZSUyMiUyMHdpZHRoJTNEJTIyNjAwJTIyJTIwaGVpZ2h0JTNEJTIyNDUwJTIyJTIwc3R5bGUlM0QlMjJib3JkZXIlM0EwJTNCJTIyJTIwYWxsb3dmdWxsc2NyZWVuJTNEJTIyJTIyJTIwbG9hZGluZyUzRCUyMmxhenklMjIlM0UlM0MlMkZpZnJhbWUlM0U=&#8221;][\/vc_column][vc_column width=&#8221;1\/2&#8243;][vc_gmaps link=&#8221;#E-8_JTNDaWZyYW1lJTIwc3JjJTNEJTIyaHR0cHMlM0ElMkYlMkZ3d3cuZ29vZ2xlLmNvbSUyRm1hcHMlMkZlbWJlZCUzRnBiJTNEJTIxMW0xOCUyMTFtMTIlMjExbTMlMjExZDI1NDMuMzUwMjY5MzMyMjE1NyUyMTJkNS45MzAwMDU1MTU2MTM4MjMlMjEzZDUwLjM5NzMwOTQ3OTQ2ODE1NiUyMTJtMyUyMTFmMCUyMTJmMCUyMTNmMCUyMTNtMiUyMTFpMTAyNCUyMTJpNzY4JTIxNGYxMy4xJTIxM20zJTIxMW0yJTIxMXMweDQ3YzA2NTI5NDUzM2JlN2QlMjUzQTB4MzgzZTkzZWViMzAyZGE1ZiUyMTJzQXRoJTI1QzMlMjVBOW4lMjVDMyUyNUE5ZSUyNTIwUm95YWwlMjUyMEFyZGVubmUlMjUyMC0lMjUyMEhhdXRlcyUyNTIwRmFnbmVzJTIxNWUwJTIxM20yJTIxMXNmciUyMTJzYmUlMjE0djE2MzcxNjc3OTg1OTQlMjE1bTIlMjExc2ZyJTIxMnNiZSUyMiUyMHdpZHRoJTNEJTIyNjAwJTIyJTIwaGVpZ2h0JTNEJTIyNDUwJTIyJTIwc3R5bGUlM0QlMjJib3JkZXIlM0EwJTNCJTIyJTIwYWxsb3dmdWxsc2NyZWVuJTNEJTIyJTIyJTIwbG9hZGluZyUzRCUyMmxhenklMjIlM0UlM0MlMkZpZnJhbWUlM0U=&#8221;][\/vc_column][\/vc_row][vc_row][vc_column width=&#8221;1\/2&#8243;][stm_title title_tag=&#8221;h2&#8243; sep_color=&#8221;green&#8221; sep_enable=&#8221;true&#8221; title=&#8221;Contactez-nous !&#8221;][\/stm_title][vc_row_inner css=&#8221;.vc_custom_1567252686934{margin-bottom: 56px !important;}&#8221;][vc_column_inner el_id=&#8221;Pour contacter l&#8217;\u00e9ducateur de votre enfant:&#8221;][vc_column_text]Pour contacter les \u00e9ducateurs de votre enfant: Si ce n&#8217;est pas urgent: educ.malmedy@arahf.be\u00a0 et\u00a0 \u00a0educ.stavelot@arahf.be \u00e0 Stavelot: de 8h00 \u00e0 16h00 au 080\/29 12 00 Uniquement pour l&#8217;implantation de Malmedy: \ud83d\udcde Mme GERARDY (1M \/ [&hellip;]","og_url":"https:\/\/www.arahf.be\/?page_id=3377","og_site_name":"Bienvenue \u00e0 l&#039;ARAHF","article_modified_time":"2026-02-03T17:13:45+00:00","twitter_card":"summary_large_image","twitter_misc":{"Dur\u00e9e de lecture estim\u00e9e":"2 minutes"},"schema":{"@context":"https:\/\/schema.org","@graph":[{"@type":"WebPage","@id":"https:\/\/www.arahf.be\/?page_id=3377","url":"https:\/\/www.arahf.be\/?page_id=3377","name":"Contacts - Bienvenue \u00e0 l&#039;ARAHF","isPartOf":{"@id":"https:\/\/www.arahf.be\/#website"},"datePublished":"2015-11-25T07:33:06+00:00","dateModified":"2026-02-03T17:13:45+00:00","breadcrumb":{"@id":"https:\/\/www.arahf.be\/?page_id=3377#breadcrumb"},"inLanguage":"fr-FR","potentialAction":[{"@type":"ReadAction","target":["https:\/\/www.arahf.be\/?page_id=3377"]}]},{"@type":"BreadcrumbList","@id":"https:\/\/www.arahf.be\/?page_id=3377#breadcrumb","itemListElement":[{"@type":"ListItem","position":1,"name":"Accueil","item":"https:\/\/www.arahf.be\/"},{"@type":"ListItem","position":2,"name":"Contacts"}]},{"@type":"WebSite","@id":"https:\/\/www.arahf.be\/#website","url":"https:\/\/www.arahf.be\/","name":"Bienvenue \u00e0 l&#039;ARAHF","description":"","potentialAction":[{"@type":"SearchAction","target":{"@type":"EntryPoint","urlTemplate":"https:\/\/www.arahf.be\/?s={search_term_string}"},"query-input":{"@type":"PropertyValueSpecification","valueRequired":true,"valueName":"search_term_string"}}],"inLanguage":"fr-FR"}]}},"_links":{"self":[{"href":"https:\/\/www.arahf.be\/index.php?rest_route=\/wp\/v2\/pages\/3377","targetHints":{"allow":["GET"]}}],"collection":[{"href":"https:\/\/www.arahf.be\/index.php?rest_route=\/wp\/v2\/pages"}],"about":[{"href":"https:\/\/www.arahf.be\/index.php?rest_route=\/wp\/v2\/types\/page"}],"author":[{"embeddable":true,"href":"https:\/\/www.arahf.be\/index.php?rest_route=\/wp\/v2\/users\/1"}],"replies":[{"embeddable":true,"href":"https:\/\/www.arahf.be\/index.php?rest_route=%2Fwp%2Fv2%2Fcomments&post=3377"}],"version-history":[{"count":36,"href":"https:\/\/www.arahf.be\/index.php?rest_route=\/wp\/v2\/pages\/3377\/revisions"}],"predecessor-version":[{"id":9145,"href":"https:\/\/www.arahf.be\/index.php?rest_route=\/wp\/v2\/pages\/3377\/revisions\/9145"}],"wp:attachment":[{"href":"https:\/\/www.arahf.be\/index.php?rest_route=%2Fwp%2Fv2%2Fmedia&parent=3377"}],"curies":[{"name":"wp","href":"https:\/\/api.w.org\/{rel}","templated":true}]}}