{"id":3508,"date":"2019-03-05T12:53:07","date_gmt":"2019-03-05T11:53:07","guid":{"rendered":"http:\/\/wp2019.arahf.be\/?page_id=3508"},"modified":"2021-12-20T15:22:09","modified_gmt":"2021-12-20T14:22:09","slug":"projet-detablissement","status":"publish","type":"page","link":"https:\/\/www.arahf.be\/?page_id=3508","title":{"rendered":"PROJET D&#8217;\u00c9TABLISSEMENT"},"content":{"rendered":"<p>[vc_row css=&#8221;.vc_custom_1567242580059{margin-top: 0px !important;margin-bottom: 0px !important;border-top-width: 0px !important;border-bottom-width: 0px !important;padding-top: 0px !important;padding-bottom: 0px !important;}&#8221;][vc_column][vc_column_text css_animation=&#8221;slideInLeft&#8221;]<\/p>\n<h2>La force de la tradition &#8211; L&#8217;audace du 3<sup>e<\/sup> mill\u00e9naire<\/h2>\n<p><strong>Celui-ci veut offrir \u00e0 tous ses \u00e9l\u00e8ves la possibilit\u00e9 d\u2019acqu\u00e9rir une formation solide, r\u00e9aliste et ouverte sur l\u2019avenir<\/strong><\/p>\n<p>Pour chacun d\u2019eux, cette formation doit contribuer:<\/p>\n<ul>\n<li>\u00e0 l\u2019acquisition de savoirs, de savoir-faire et de comp\u00e9tences intellectuelles ;<\/li>\n<li>au d\u00e9veloppement des valeurs d\u00e9mocratiques, citoyennes et plurielles ;<\/li>\n<li>\u00e0 promouvoir la confiance en soi, le sens des responsabilit\u00e9s et la solidarit\u00e9 ;<\/li>\n<li>\u00e0 l\u2019acquisition progressive de l\u2019autonomie.<\/li>\n<\/ul>\n<p><strong>Pour atteindre ces objectifs, la Communaut\u00e9 \u00e9ducative s\u2019efforce d\u2019instaurer un climat de respect mutuel et de discipline tout en cr\u00e9ant un espace culturel et d&#8217;ouverture sur le monde ext<\/strong><strong>\u00e9rieur.<\/strong><\/p>\n<p><strong>Notre projet a donc l\u2019ambition de faire de chaque \u00e9l\u00e8ve,<\/strong><\/p>\n<ul>\n<li>un enfant, un adolescent, heureux, ouvert, autonome,<\/li>\n<li>un citoyen responsable et solidaire,<\/li>\n<li>un homme ou une femme <strong>&#8220;BIEN DANS SA PEAU, BIEN DANS LA VIE&#8221;<\/strong><\/li>\n<\/ul>\n<p>&nbsp;<\/p>\n<p><strong><span style=\"text-decoration: underline;\">Accueil des \u00e9l\u00e8ves et des parents:<\/span>\u00a0 \u00a0 \u00a0 \u00a0 \u00a0 <\/strong><\/p>\n<p>A tous les niveaux, nous voulons offrir aux \u00e9l\u00e8ves un environnement fonctionnel, motivant et dynamisant, des locaux agr\u00e9ables, propres et accueillants. En d\u00e9but d\u2019ann\u00e9e scolaire sont distribu\u00e9s diff\u00e9rents documents reprenant les informations importantes de l\u2019\u00e9cole comme l\u2019horaire, le prix des repas, les consignes de s\u00e9curit\u00e9, le calendrier de l\u2019ann\u00e9e scolaire \u2026<br \/>\nLes parents sont p\u00e9riodiquement invit\u00e9s \u00e0 des activit\u00e9s o\u00f9 la possibilit\u00e9 leur est donn\u00e9e de rencontrer des enseignants dans d\u2019autres circonstances que la classe (BBQ de rentr\u00e9e en 1\u00e8re , repas \u00e0 th\u00e8me, march\u00e9 de No\u00ebl, go\u00fbter de carnaval, f\u00eate de l\u2019\u00e9cole, repr\u00e9sentations th\u00e9\u00e2trales, \u2026)<br \/>\nLe matin est pr\u00e9vu un accueil adapt\u00e9 aux diff\u00e9rentes classes d\u2019\u00e2ge ; tous les \u00e9l\u00e8ves ont la possibilit\u00e9 d\u2019entrer dans le b\u00e2timent et de s\u2019installer dans des lieux appropri\u00e9s.<\/p>\n<p><strong><span style=\"text-decoration: underline;\">Accueil des \u00e9l\u00e8ves de 1\u00e8re secondaire:<\/span><\/strong><br \/>\nA la rentr\u00e9e de septembre, des journ\u00e9es d\u2019accueil sont organis\u00e9es pour les \u00e9l\u00e8ves de 1\u00e8re secondaire. Leur but essentiel est de permettre aux enfants de faire connaissance entre eux, avec les professeurs et avec leur nouveau cadre de vie:<\/p>\n<ul>\n<li>Le 1er jour: un petit d\u00e9jeuner r\u00e9unit les \u00e9l\u00e8ves, les parents et les professeurs.<\/li>\n<li>Le 2\u00e8me jour: apr\u00e8s une\u00a0 promenade con\u00e7ue pour que les \u00e9l\u00e8ves d\u00e9couvrent leur milieu de vie tout en continuant \u00e0 lier des contacts entre eux, un barbecue est organis\u00e9 pour les \u00e9l\u00e8ves, les parents et les professeurs.<\/li>\n<li>Le 3\u00e8me jour: un escape game est organis\u00e9 pour permettre de d\u00e9couvrir toute l&#8217;\u00e9cole et de se lier d&#8217;amiti\u00e9 en collaborant de mani\u00e8re ludique.<\/li>\n<\/ul>\n<p>[\/vc_column_text][\/vc_column][\/vc_row][vc_section][vc_row][vc_column][vc_column_text]<\/p>\n<h3>L\u2019Ath\u00e9n\u00e9e Royal Ardenne &#8211; Hautes Fagnes offre \u00e0 vos enfants<\/h3>\n<p>[\/vc_column_text][\/vc_column][\/vc_row][\/vc_section][vc_row][vc_column][vc_single_image image=&#8221;3832&#8243; img_size=&#8221;full&#8221; add_caption=&#8221;yes&#8221; alignment=&#8221;center&#8221;][\/vc_column][\/vc_row][vc_row][vc_column][vc_column_text]<\/p>\n<h3 style=\"text-align: left;\">STAVELOT<\/h3>\n<h4>ENSEIGNEMENT MATERNEL &#8211; ENSEIGNEMENT PRIMAIRE<\/h4>\n<p>Directrice : Mme Remacle &#8211; t\u00e9l. 080\u00a0 29 12 01<\/p>\n<p>Haute Lev\u00e9e, 3 &#8211; B-4950 (voir la rubrique &#8220;contacts&#8221;)<\/p>\n<h4>ENSEIGNEMENT SECONDAIRE &#8211; ENSEIGNEMENT G\u00c9N\u00c9RAL<\/h4>\n<ul>\n<li>1er degr\u00e9 options: latin, artistique, scientifico-\u00e9conomique (+ 1er degr\u00e9 diff\u00e9renci\u00e9)<\/li>\n<li>2e degr\u00e9 options: latin, sciences, langues, sciences \u00e9conomiques, sciences sociales<\/li>\n<li>3e degr\u00e9 orientations \u00e0 dominantes scientifique, \u00e9conomique, langues modernes et sciences humaines<\/li>\n<\/ul>\n<p>Directeur adjoint : Yves G\u00e9rardy[\/vc_column_text][\/vc_column][\/vc_row][vc_row][vc_column][vc_single_image image=&#8221;3835&#8243; img_size=&#8221;full&#8221; add_caption=&#8221;yes&#8221; alignment=&#8221;center&#8221;][vc_column_text]<\/p>\n<h3 style=\"text-align: left;\">MALMEDY<\/h3>\n<p style=\"text-align: left;\">Route de Falize, 21 &#8211; B-4960<\/p>\n<h4><strong>Enseignement maternel &#8211; Enseignement primaire<\/strong><\/h4>\n<p><span style=\"font-size: 12pt;\">Enseignement de la 1<sup>\u00e8re<\/sup> maternelle \u00e0 la 6<sup>e<\/sup> primaire<sup><br \/>\n<\/sup>Possibilit\u00e9 de l&#8217;immersion en allemand \u00e0 partir de la 3<sup>\u00e8me<\/sup> maternelle \u00e0 mi-temps.<\/span><br \/>\n<span style=\"font-size: 12pt;\">Classes d\u2019immersion en allemand<\/span><br \/>\n<span style=\"font-size: 12pt;\">Directrice: Mme Ch. Gillot &#8211; T\u00e9l. 080 79 11 25<\/span><\/p>\n<h4><strong>Enseignement g\u00e9n\u00e9ral<\/strong><\/h4>\n<ul>\n<li>1er degr\u00e9 options latine, artistique, scientifico-\u00e9conomique apprentissage en immersion ald<\/li>\n<li>2e degr\u00e9 options latin, sciences, langues, sciences \u00e9conomiques<\/li>\n<li>3e degr\u00e9 orientations \u00e0 dominantes scientifique, \u00e9conomique, classique et sciences humaines<\/li>\n<\/ul>\n<h4><\/h4>\n<h4><strong>Enseignement technique de qualification<\/strong><\/h4>\n<ul>\n<li>2e degr\u00e9 secteur: arts appliqu\u00e9s option: techniques artistiques<\/li>\n<li>3e degr\u00e9 secteur: arts appliqu\u00e9s option: technicien(ne) en infographie<\/li>\n<\/ul>\n<p>Directrice: Mme S. Layouni &#8211; t\u00e9l. 080 \u2013 79.11.22[\/vc_column_text][\/vc_column][\/vc_row]<\/p>\n","protected":false},"excerpt":{"rendered":"<p>[vc_row css=&#8221;.vc_custom_1567242580059{margin-top: 0px !important;margin-bottom: 0px !important;border-top-width: 0px !important;border-bottom-width: 0px !important;padding-top: 0px !important;padding-bottom: 0px !important;}&#8221;][vc_column][vc_column_text css_animation=&#8221;slideInLeft&#8221;] La force de la tradition &#8211; L&#8217;audace du 3e mill\u00e9naire Celui-ci veut offrir \u00e0 tous ses \u00e9l\u00e8ves la possibilit\u00e9 d\u2019acqu\u00e9rir une formation solide, r\u00e9aliste et ouverte sur l\u2019avenir Pour chacun d\u2019eux, cette formation doit contribuer: \u00e0 l\u2019acquisition de savoirs, de [&hellip;]<\/p>\n","protected":false},"author":1,"featured_media":0,"parent":0,"menu_order":0,"comment_status":"closed","ping_status":"closed","template":"","meta":{"content-type":"","om_disable_all_campaigns":false,"footnotes":""},"class_list":["post-3508","page","type-page","status-publish","hentry"],"yoast_head":"<!-- This site is optimized with the Yoast SEO plugin v27.4 - https:\/\/yoast.com\/product\/yoast-seo-wordpress\/ -->\n<title>PROJET D&#039;\u00c9TABLISSEMENT - Bienvenue \u00e0 l&#039;ARAHF<\/title>\n<meta name=\"robots\" content=\"index, follow, max-snippet:-1, max-image-preview:large, max-video-preview:-1\" \/>\n<link rel=\"canonical\" href=\"https:\/\/www.arahf.be\/?page_id=3508\" \/>\n<meta property=\"og:locale\" content=\"fr_FR\" \/>\n<meta property=\"og:type\" content=\"article\" \/>\n<meta property=\"og:title\" content=\"PROJET D&#039;\u00c9TABLISSEMENT - Bienvenue \u00e0 l&#039;ARAHF\" \/>\n<meta property=\"og:description\" content=\"[vc_row css=&#8221;.vc_custom_1567242580059{margin-top: 0px !important;margin-bottom: 0px !important;border-top-width: 0px !important;border-bottom-width: 0px !important;padding-top: 0px !important;padding-bottom: 0px !important;}&#8221;][vc_column][vc_column_text css_animation=&#8221;slideInLeft&#8221;] La force de la tradition &#8211; L&#8217;audace du 3e mill\u00e9naire Celui-ci veut offrir \u00e0 tous ses \u00e9l\u00e8ves la possibilit\u00e9 d\u2019acqu\u00e9rir une formation solide, r\u00e9aliste et ouverte sur l\u2019avenir Pour chacun d\u2019eux, cette formation doit contribuer: \u00e0 l\u2019acquisition de savoirs, de [&hellip;]\" \/>\n<meta property=\"og:url\" content=\"https:\/\/www.arahf.be\/?page_id=3508\" \/>\n<meta property=\"og:site_name\" content=\"Bienvenue \u00e0 l&#039;ARAHF\" \/>\n<meta property=\"article:modified_time\" content=\"2021-12-20T14:22:09+00:00\" \/>\n<meta name=\"twitter:card\" content=\"summary_large_image\" \/>\n<meta name=\"twitter:label1\" content=\"Dur\u00e9e de lecture estim\u00e9e\" \/>\n\t<meta name=\"twitter:data1\" content=\"4 minutes\" \/>\n<script type=\"application\/ld+json\" class=\"yoast-schema-graph\">{\"@context\":\"https:\\\/\\\/schema.org\",\"@graph\":[{\"@type\":\"WebPage\",\"@id\":\"https:\\\/\\\/www.arahf.be\\\/?page_id=3508\",\"url\":\"https:\\\/\\\/www.arahf.be\\\/?page_id=3508\",\"name\":\"PROJET D'\u00c9TABLISSEMENT - Bienvenue \u00e0 l&#039;ARAHF\",\"isPartOf\":{\"@id\":\"https:\\\/\\\/www.arahf.be\\\/#website\"},\"datePublished\":\"2019-03-05T11:53:07+00:00\",\"dateModified\":\"2021-12-20T14:22:09+00:00\",\"breadcrumb\":{\"@id\":\"https:\\\/\\\/www.arahf.be\\\/?page_id=3508#breadcrumb\"},\"inLanguage\":\"fr-FR\",\"potentialAction\":[{\"@type\":\"ReadAction\",\"target\":[\"https:\\\/\\\/www.arahf.be\\\/?page_id=3508\"]}]},{\"@type\":\"BreadcrumbList\",\"@id\":\"https:\\\/\\\/www.arahf.be\\\/?page_id=3508#breadcrumb\",\"itemListElement\":[{\"@type\":\"ListItem\",\"position\":1,\"name\":\"Accueil\",\"item\":\"https:\\\/\\\/www.arahf.be\\\/\"},{\"@type\":\"ListItem\",\"position\":2,\"name\":\"PROJET D&#8217;\u00c9TABLISSEMENT\"}]},{\"@type\":\"WebSite\",\"@id\":\"https:\\\/\\\/www.arahf.be\\\/#website\",\"url\":\"https:\\\/\\\/www.arahf.be\\\/\",\"name\":\"Bienvenue \u00e0 l&#039;ARAHF\",\"description\":\"\",\"potentialAction\":[{\"@type\":\"SearchAction\",\"target\":{\"@type\":\"EntryPoint\",\"urlTemplate\":\"https:\\\/\\\/www.arahf.be\\\/?s={search_term_string}\"},\"query-input\":{\"@type\":\"PropertyValueSpecification\",\"valueRequired\":true,\"valueName\":\"search_term_string\"}}],\"inLanguage\":\"fr-FR\"}]}<\/script>\n<!-- \/ Yoast SEO plugin. -->","yoast_head_json":{"title":"PROJET D'\u00c9TABLISSEMENT - Bienvenue \u00e0 l&#039;ARAHF","robots":{"index":"index","follow":"follow","max-snippet":"max-snippet:-1","max-image-preview":"max-image-preview:large","max-video-preview":"max-video-preview:-1"},"canonical":"https:\/\/www.arahf.be\/?page_id=3508","og_locale":"fr_FR","og_type":"article","og_title":"PROJET D'\u00c9TABLISSEMENT - Bienvenue \u00e0 l&#039;ARAHF","og_description":"[vc_row css=&#8221;.vc_custom_1567242580059{margin-top: 0px !important;margin-bottom: 0px !important;border-top-width: 0px !important;border-bottom-width: 0px !important;padding-top: 0px !important;padding-bottom: 0px !important;}&#8221;][vc_column][vc_column_text css_animation=&#8221;slideInLeft&#8221;] La force de la tradition &#8211; L&#8217;audace du 3e mill\u00e9naire Celui-ci veut offrir \u00e0 tous ses \u00e9l\u00e8ves la possibilit\u00e9 d\u2019acqu\u00e9rir une formation solide, r\u00e9aliste et ouverte sur l\u2019avenir Pour chacun d\u2019eux, cette formation doit contribuer: \u00e0 l\u2019acquisition de savoirs, de [&hellip;]","og_url":"https:\/\/www.arahf.be\/?page_id=3508","og_site_name":"Bienvenue \u00e0 l&#039;ARAHF","article_modified_time":"2021-12-20T14:22:09+00:00","twitter_card":"summary_large_image","twitter_misc":{"Dur\u00e9e de lecture estim\u00e9e":"4 minutes"},"schema":{"@context":"https:\/\/schema.org","@graph":[{"@type":"WebPage","@id":"https:\/\/www.arahf.be\/?page_id=3508","url":"https:\/\/www.arahf.be\/?page_id=3508","name":"PROJET D'\u00c9TABLISSEMENT - Bienvenue \u00e0 l&#039;ARAHF","isPartOf":{"@id":"https:\/\/www.arahf.be\/#website"},"datePublished":"2019-03-05T11:53:07+00:00","dateModified":"2021-12-20T14:22:09+00:00","breadcrumb":{"@id":"https:\/\/www.arahf.be\/?page_id=3508#breadcrumb"},"inLanguage":"fr-FR","potentialAction":[{"@type":"ReadAction","target":["https:\/\/www.arahf.be\/?page_id=3508"]}]},{"@type":"BreadcrumbList","@id":"https:\/\/www.arahf.be\/?page_id=3508#breadcrumb","itemListElement":[{"@type":"ListItem","position":1,"name":"Accueil","item":"https:\/\/www.arahf.be\/"},{"@type":"ListItem","position":2,"name":"PROJET D&#8217;\u00c9TABLISSEMENT"}]},{"@type":"WebSite","@id":"https:\/\/www.arahf.be\/#website","url":"https:\/\/www.arahf.be\/","name":"Bienvenue \u00e0 l&#039;ARAHF","description":"","potentialAction":[{"@type":"SearchAction","target":{"@type":"EntryPoint","urlTemplate":"https:\/\/www.arahf.be\/?s={search_term_string}"},"query-input":{"@type":"PropertyValueSpecification","valueRequired":true,"valueName":"search_term_string"}}],"inLanguage":"fr-FR"}]}},"_links":{"self":[{"href":"https:\/\/www.arahf.be\/index.php?rest_route=\/wp\/v2\/pages\/3508","targetHints":{"allow":["GET"]}}],"collection":[{"href":"https:\/\/www.arahf.be\/index.php?rest_route=\/wp\/v2\/pages"}],"about":[{"href":"https:\/\/www.arahf.be\/index.php?rest_route=\/wp\/v2\/types\/page"}],"author":[{"embeddable":true,"href":"https:\/\/www.arahf.be\/index.php?rest_route=\/wp\/v2\/users\/1"}],"replies":[{"embeddable":true,"href":"https:\/\/www.arahf.be\/index.php?rest_route=%2Fwp%2Fv2%2Fcomments&post=3508"}],"version-history":[{"count":21,"href":"https:\/\/www.arahf.be\/index.php?rest_route=\/wp\/v2\/pages\/3508\/revisions"}],"predecessor-version":[{"id":4670,"href":"https:\/\/www.arahf.be\/index.php?rest_route=\/wp\/v2\/pages\/3508\/revisions\/4670"}],"wp:attachment":[{"href":"https:\/\/www.arahf.be\/index.php?rest_route=%2Fwp%2Fv2%2Fmedia&parent=3508"}],"curies":[{"name":"wp","href":"https:\/\/api.w.org\/{rel}","templated":true}]}}