{"id":3517,"date":"2019-03-05T12:55:39","date_gmt":"2019-03-05T11:55:39","guid":{"rendered":"http:\/\/wp2019.arahf.be\/?page_id=3517"},"modified":"2021-10-28T10:03:27","modified_gmt":"2021-10-28T08:03:27","slug":"remediation","status":"publish","type":"page","link":"https:\/\/www.arahf.be\/?page_id=3517","title":{"rendered":"REM\u00c9DIATION"},"content":{"rendered":"<p>[vc_row][vc_column][vc_column_text]<strong>Notre \u00e9cole tient \u00e0 \u00e9pauler les \u00e9l\u00e8ves qui font face \u00e0 des difficult\u00e9s lors de leur scolarit\u00e9. En effet, ils pourront trouver tout le soutien n\u00e9cessaire gr\u00e2ce \u00e0 un encadrement particulier et cibl\u00e9.<\/strong><\/p>\n<p>Chaque semaine, les \u00e9l\u00e8ves du premier degr\u00e9 peuvent suivre un programme de rem\u00e9diation en fran\u00e7ais, math\u00e9matiques, langues modernes et sciences.<\/p>\n<p>Une communication et un dialogue entre tous les acteurs (professeurs, direction, \u00e9l\u00e8ves, \u00e9ducateurs, parents) sont indispensables pour que la rem\u00e9diation puisse d\u00e9ployer tous ses effets.<\/p>\n<p>Le premier rem\u00e9diant est avant tout le professeur titulaire du cours, d\u2019o\u00f9 l\u2019importance d\u2019une rem\u00e9diation imm\u00e9diate. La rem\u00e9diation en classe doit \u00eatre privil\u00e9gi\u00e9e. Dans l\u2019\u00e9ventualit\u00e9 d\u2019une rem\u00e9diation de deuxi\u00e8me ligne, le professeur de mati\u00e8re est le mieux plac\u00e9 pour rep\u00e9rer les difficult\u00e9s rencontr\u00e9es afin d\u2019\u00e9pauler le professeur rem\u00e9diant dans son action. Le travail en duo de professeurs au sein d\u2019une m\u00eame classe est \u00e9galement une piste envisag\u00e9e pour favoriser la diff\u00e9renciation des m\u00e9thodes ou aider les \u00e9l\u00e8ves en difficult\u00e9 durant le cours.<\/p>\n<p>Deux cas de figure se pr\u00e9sentent : soit l\u2019\u00e9l\u00e8ve a \u00e9t\u00e9 orient\u00e9 vers l\u2019ann\u00e9e compl\u00e9mentaire du premier degr\u00e9, soit il a \u00e9t\u00e9 admis en deuxi\u00e8me ann\u00e9e commune.<\/p>\n<p>Les \u00e9l\u00e8ves de l\u2019ann\u00e9e compl\u00e9mentaire (dite \u2018deuxi\u00e8me bis\u2019) sont convi\u00e9s aux quatre heures de rem\u00e9diation qui prennent place dans l\u2019horaire parall\u00e8lement aux activit\u00e9s compl\u00e9mentaires.<\/p>\n<p>Ceux de deuxi\u00e8me ann\u00e9e commune ont pu choisir une des options d\u2019activit\u00e9s compl\u00e9mentaires (latin, arts plastiques ou activit\u00e9s scientifiques et \u00e9conomiques). Une ou plusieurs de ces quatre heures seront donc syst\u00e9matiquement remplac\u00e9es par de la rem\u00e9diation. Lors du conseil de classe de premi\u00e8re p\u00e9riode, nous \u00e9tablirons si besoin un Plan Individuel d\u2019Apprentissage dans le but de rem\u00e9dier aux faiblesses d\u00e9tect\u00e9es.<\/p>\n<p><span style=\"text-decoration: underline;\">Activit\u00e9s de rem\u00e9diation \u00e0 suivre durant la premi\u00e8re p\u00e9riode :<\/span><\/p>\n<p>Fran\u00e7ais\/ Math\u00e9matiques \/Langue moderne : Anglais &#8211; Allemand \/ Sciences<\/p>\n<p><span style=\"text-decoration: underline;\">Rattrapage(s) :<\/span> Fr. \u2013 Math. \u2013 Anglais &#8211; Allemand<\/p>\n<p><span style=\"text-decoration: underline;\">Dynamique de la r\u00e9ussite:<\/span> m\u00e9thode de travail<\/p>\n<p>&nbsp;<\/p>\n<p>La rem\u00e9diation a pour but premier de combler les lacunes des \u00e9l\u00e8ves et d\u2019am\u00e9liorer la ma\u00eetrise des comp\u00e9tences. Ainsi elle peut am\u00e9liorer l\u2019\u00e9galit\u00e9 des chances pour tous dans le syst\u00e8me scolaire.<\/p>\n<table style=\"border-collapse: collapse; width: 100%;\">\n<tbody>\n<tr>\n<td style=\"width: 50%;\"><img loading=\"lazy\" decoding=\"async\" class=\"alignnone size-medium wp-image-4499\" src=\"http:\/\/wp2019.arahf.be\/wp-content\/uploads\/2021\/09\/courssciences-2-300x165.png\" alt=\"\" width=\"300\" height=\"165\" srcset=\"https:\/\/www.arahf.be\/wp-content\/uploads\/2021\/09\/courssciences-2-300x165.png 300w, https:\/\/www.arahf.be\/wp-content\/uploads\/2021\/09\/courssciences-2-1024x563.png 1024w, https:\/\/www.arahf.be\/wp-content\/uploads\/2021\/09\/courssciences-2-768x422.png 768w, https:\/\/www.arahf.be\/wp-content\/uploads\/2021\/09\/courssciences-2.png 1031w\" sizes=\"auto, (max-width: 300px) 100vw, 300px\" \/><\/td>\n<td style=\"width: 50%;\"><img loading=\"lazy\" decoding=\"async\" class=\"alignnone size-medium wp-image-4500\" src=\"http:\/\/wp2019.arahf.be\/wp-content\/uploads\/2021\/09\/bibliotheque-2-300x181.png\" alt=\"\" width=\"300\" height=\"181\" srcset=\"https:\/\/www.arahf.be\/wp-content\/uploads\/2021\/09\/bibliotheque-2-300x181.png 300w, https:\/\/www.arahf.be\/wp-content\/uploads\/2021\/09\/bibliotheque-2.png 495w\" sizes=\"auto, (max-width: 300px) 100vw, 300px\" \/><\/td>\n<\/tr>\n<\/tbody>\n<\/table>\n<p>[\/vc_column_text][\/vc_column][\/vc_row]<\/p>\n","protected":false},"excerpt":{"rendered":"<p>[vc_row][vc_column][vc_column_text]Notre \u00e9cole tient \u00e0 \u00e9pauler les \u00e9l\u00e8ves qui font face \u00e0 des difficult\u00e9s lors de leur scolarit\u00e9. En effet, ils pourront trouver tout le soutien n\u00e9cessaire gr\u00e2ce \u00e0 un encadrement particulier et cibl\u00e9. Chaque semaine, les \u00e9l\u00e8ves du premier degr\u00e9 peuvent suivre un programme de rem\u00e9diation en fran\u00e7ais, math\u00e9matiques, langues modernes et sciences. Une communication [&hellip;]<\/p>\n","protected":false},"author":1,"featured_media":0,"parent":0,"menu_order":0,"comment_status":"closed","ping_status":"closed","template":"","meta":{"content-type":"","om_disable_all_campaigns":false,"footnotes":""},"class_list":["post-3517","page","type-page","status-publish","hentry"],"yoast_head":"<!-- This site is optimized with the Yoast SEO plugin v27.4 - https:\/\/yoast.com\/product\/yoast-seo-wordpress\/ -->\n<title>REM\u00c9DIATION - Bienvenue \u00e0 l&#039;ARAHF<\/title>\n<meta name=\"robots\" content=\"index, follow, max-snippet:-1, max-image-preview:large, max-video-preview:-1\" \/>\n<link rel=\"canonical\" href=\"https:\/\/www.arahf.be\/?page_id=3517\" \/>\n<meta property=\"og:locale\" content=\"fr_FR\" \/>\n<meta property=\"og:type\" content=\"article\" \/>\n<meta property=\"og:title\" content=\"REM\u00c9DIATION - Bienvenue \u00e0 l&#039;ARAHF\" \/>\n<meta property=\"og:description\" content=\"[vc_row][vc_column][vc_column_text]Notre \u00e9cole tient \u00e0 \u00e9pauler les \u00e9l\u00e8ves qui font face \u00e0 des difficult\u00e9s lors de leur scolarit\u00e9. En effet, ils pourront trouver tout le soutien n\u00e9cessaire gr\u00e2ce \u00e0 un encadrement particulier et cibl\u00e9. Chaque semaine, les \u00e9l\u00e8ves du premier degr\u00e9 peuvent suivre un programme de rem\u00e9diation en fran\u00e7ais, math\u00e9matiques, langues modernes et sciences. Une communication [&hellip;]\" \/>\n<meta property=\"og:url\" content=\"https:\/\/www.arahf.be\/?page_id=3517\" \/>\n<meta property=\"og:site_name\" content=\"Bienvenue \u00e0 l&#039;ARAHF\" \/>\n<meta property=\"article:modified_time\" content=\"2021-10-28T08:03:27+00:00\" \/>\n<meta property=\"og:image\" content=\"http:\/\/wp2019.arahf.be\/wp-content\/uploads\/2021\/09\/courssciences-2-300x165.png\" \/>\n<meta name=\"twitter:card\" content=\"summary_large_image\" \/>\n<meta name=\"twitter:label1\" content=\"Dur\u00e9e de lecture estim\u00e9e\" \/>\n\t<meta name=\"twitter:data1\" content=\"2 minutes\" \/>\n<script type=\"application\/ld+json\" class=\"yoast-schema-graph\">{\"@context\":\"https:\\\/\\\/schema.org\",\"@graph\":[{\"@type\":\"WebPage\",\"@id\":\"https:\\\/\\\/www.arahf.be\\\/?page_id=3517\",\"url\":\"https:\\\/\\\/www.arahf.be\\\/?page_id=3517\",\"name\":\"REM\u00c9DIATION - Bienvenue \u00e0 l&#039;ARAHF\",\"isPartOf\":{\"@id\":\"https:\\\/\\\/www.arahf.be\\\/#website\"},\"primaryImageOfPage\":{\"@id\":\"https:\\\/\\\/www.arahf.be\\\/?page_id=3517#primaryimage\"},\"image\":{\"@id\":\"https:\\\/\\\/www.arahf.be\\\/?page_id=3517#primaryimage\"},\"thumbnailUrl\":\"http:\\\/\\\/wp2019.arahf.be\\\/wp-content\\\/uploads\\\/2021\\\/09\\\/courssciences-2-300x165.png\",\"datePublished\":\"2019-03-05T11:55:39+00:00\",\"dateModified\":\"2021-10-28T08:03:27+00:00\",\"breadcrumb\":{\"@id\":\"https:\\\/\\\/www.arahf.be\\\/?page_id=3517#breadcrumb\"},\"inLanguage\":\"fr-FR\",\"potentialAction\":[{\"@type\":\"ReadAction\",\"target\":[\"https:\\\/\\\/www.arahf.be\\\/?page_id=3517\"]}]},{\"@type\":\"ImageObject\",\"inLanguage\":\"fr-FR\",\"@id\":\"https:\\\/\\\/www.arahf.be\\\/?page_id=3517#primaryimage\",\"url\":\"http:\\\/\\\/wp2019.arahf.be\\\/wp-content\\\/uploads\\\/2021\\\/09\\\/courssciences-2-300x165.png\",\"contentUrl\":\"http:\\\/\\\/wp2019.arahf.be\\\/wp-content\\\/uploads\\\/2021\\\/09\\\/courssciences-2-300x165.png\"},{\"@type\":\"BreadcrumbList\",\"@id\":\"https:\\\/\\\/www.arahf.be\\\/?page_id=3517#breadcrumb\",\"itemListElement\":[{\"@type\":\"ListItem\",\"position\":1,\"name\":\"Accueil\",\"item\":\"https:\\\/\\\/www.arahf.be\\\/\"},{\"@type\":\"ListItem\",\"position\":2,\"name\":\"REM\u00c9DIATION\"}]},{\"@type\":\"WebSite\",\"@id\":\"https:\\\/\\\/www.arahf.be\\\/#website\",\"url\":\"https:\\\/\\\/www.arahf.be\\\/\",\"name\":\"Bienvenue \u00e0 l&#039;ARAHF\",\"description\":\"\",\"potentialAction\":[{\"@type\":\"SearchAction\",\"target\":{\"@type\":\"EntryPoint\",\"urlTemplate\":\"https:\\\/\\\/www.arahf.be\\\/?s={search_term_string}\"},\"query-input\":{\"@type\":\"PropertyValueSpecification\",\"valueRequired\":true,\"valueName\":\"search_term_string\"}}],\"inLanguage\":\"fr-FR\"}]}<\/script>\n<!-- \/ Yoast SEO plugin. -->","yoast_head_json":{"title":"REM\u00c9DIATION - Bienvenue \u00e0 l&#039;ARAHF","robots":{"index":"index","follow":"follow","max-snippet":"max-snippet:-1","max-image-preview":"max-image-preview:large","max-video-preview":"max-video-preview:-1"},"canonical":"https:\/\/www.arahf.be\/?page_id=3517","og_locale":"fr_FR","og_type":"article","og_title":"REM\u00c9DIATION - Bienvenue \u00e0 l&#039;ARAHF","og_description":"[vc_row][vc_column][vc_column_text]Notre \u00e9cole tient \u00e0 \u00e9pauler les \u00e9l\u00e8ves qui font face \u00e0 des difficult\u00e9s lors de leur scolarit\u00e9. En effet, ils pourront trouver tout le soutien n\u00e9cessaire gr\u00e2ce \u00e0 un encadrement particulier et cibl\u00e9. Chaque semaine, les \u00e9l\u00e8ves du premier degr\u00e9 peuvent suivre un programme de rem\u00e9diation en fran\u00e7ais, math\u00e9matiques, langues modernes et sciences. Une communication [&hellip;]","og_url":"https:\/\/www.arahf.be\/?page_id=3517","og_site_name":"Bienvenue \u00e0 l&#039;ARAHF","article_modified_time":"2021-10-28T08:03:27+00:00","og_image":[{"url":"http:\/\/wp2019.arahf.be\/wp-content\/uploads\/2021\/09\/courssciences-2-300x165.png","type":"","width":"","height":""}],"twitter_card":"summary_large_image","twitter_misc":{"Dur\u00e9e de lecture estim\u00e9e":"2 minutes"},"schema":{"@context":"https:\/\/schema.org","@graph":[{"@type":"WebPage","@id":"https:\/\/www.arahf.be\/?page_id=3517","url":"https:\/\/www.arahf.be\/?page_id=3517","name":"REM\u00c9DIATION - Bienvenue \u00e0 l&#039;ARAHF","isPartOf":{"@id":"https:\/\/www.arahf.be\/#website"},"primaryImageOfPage":{"@id":"https:\/\/www.arahf.be\/?page_id=3517#primaryimage"},"image":{"@id":"https:\/\/www.arahf.be\/?page_id=3517#primaryimage"},"thumbnailUrl":"http:\/\/wp2019.arahf.be\/wp-content\/uploads\/2021\/09\/courssciences-2-300x165.png","datePublished":"2019-03-05T11:55:39+00:00","dateModified":"2021-10-28T08:03:27+00:00","breadcrumb":{"@id":"https:\/\/www.arahf.be\/?page_id=3517#breadcrumb"},"inLanguage":"fr-FR","potentialAction":[{"@type":"ReadAction","target":["https:\/\/www.arahf.be\/?page_id=3517"]}]},{"@type":"ImageObject","inLanguage":"fr-FR","@id":"https:\/\/www.arahf.be\/?page_id=3517#primaryimage","url":"http:\/\/wp2019.arahf.be\/wp-content\/uploads\/2021\/09\/courssciences-2-300x165.png","contentUrl":"http:\/\/wp2019.arahf.be\/wp-content\/uploads\/2021\/09\/courssciences-2-300x165.png"},{"@type":"BreadcrumbList","@id":"https:\/\/www.arahf.be\/?page_id=3517#breadcrumb","itemListElement":[{"@type":"ListItem","position":1,"name":"Accueil","item":"https:\/\/www.arahf.be\/"},{"@type":"ListItem","position":2,"name":"REM\u00c9DIATION"}]},{"@type":"WebSite","@id":"https:\/\/www.arahf.be\/#website","url":"https:\/\/www.arahf.be\/","name":"Bienvenue \u00e0 l&#039;ARAHF","description":"","potentialAction":[{"@type":"SearchAction","target":{"@type":"EntryPoint","urlTemplate":"https:\/\/www.arahf.be\/?s={search_term_string}"},"query-input":{"@type":"PropertyValueSpecification","valueRequired":true,"valueName":"search_term_string"}}],"inLanguage":"fr-FR"}]}},"_links":{"self":[{"href":"https:\/\/www.arahf.be\/index.php?rest_route=\/wp\/v2\/pages\/3517","targetHints":{"allow":["GET"]}}],"collection":[{"href":"https:\/\/www.arahf.be\/index.php?rest_route=\/wp\/v2\/pages"}],"about":[{"href":"https:\/\/www.arahf.be\/index.php?rest_route=\/wp\/v2\/types\/page"}],"author":[{"embeddable":true,"href":"https:\/\/www.arahf.be\/index.php?rest_route=\/wp\/v2\/users\/1"}],"replies":[{"embeddable":true,"href":"https:\/\/www.arahf.be\/index.php?rest_route=%2Fwp%2Fv2%2Fcomments&post=3517"}],"version-history":[{"count":9,"href":"https:\/\/www.arahf.be\/index.php?rest_route=\/wp\/v2\/pages\/3517\/revisions"}],"predecessor-version":[{"id":4576,"href":"https:\/\/www.arahf.be\/index.php?rest_route=\/wp\/v2\/pages\/3517\/revisions\/4576"}],"wp:attachment":[{"href":"https:\/\/www.arahf.be\/index.php?rest_route=%2Fwp%2Fv2%2Fmedia&parent=3517"}],"curies":[{"name":"wp","href":"https:\/\/api.w.org\/{rel}","templated":true}]}}