{"id":3534,"date":"2019-03-05T12:58:49","date_gmt":"2019-03-05T11:58:49","guid":{"rendered":"http:\/\/wp2019.arahf.be\/?page_id=3534"},"modified":"2021-12-20T15:21:48","modified_gmt":"2021-12-20T14:21:48","slug":"le-centre-pms","status":"publish","type":"page","link":"https:\/\/www.arahf.be\/?page_id=3534","title":{"rendered":"LE CENTRE PMS"},"content":{"rendered":"<p>[vc_row][vc_column][vc_column_text]<\/p>\n<h3><span style=\"font-size: 12pt; color: #000000;\">Les Centres psycho-m\u00e9dico-sociaux de la F\u00e9d\u00e9ration Wallonie-Bruxelles (CPMS)<\/span><\/h3>\n<p><span style=\"font-size: 12pt; color: #000000;\">\u2022 Ils sont un lieu d&#8217;accueil, d&#8217;\u00e9coute et de dialogue \u00e0 la disposition des parents et des \u00e9l\u00e8ves. Les questions qui les pr\u00e9occupent en mati\u00e8re de scolarit\u00e9, d&#8217;\u00e9ducation, de d\u00e9veloppement, d\u2019adaptation, d&#8217;orientation scolaire et professionnelle, de sant\u00e9,\u2026 y sont abord\u00e9es.<\/span><\/p>\n<p><span style=\"font-size: 12pt; color: #000000;\"> \u2022 Leur service au public est gratuit.<\/span><\/p>\n<p class=\"texte_bleu\" align=\"left\"><span style=\"font-size: 12pt; color: #000000;\">\u2022 Ils fonctionnent en \u00e9quipes constitu\u00e9es de conseillers psychop\u00e9dagogiques, d\u2019assistants sociaux, d\u2019infirmiers et de m\u00e9decins attach\u00e9s au centre, de mani\u00e8re \u00e0 apporter une r\u00e9ponse globale la plus efficace possible qui tient compte des dimensions \u00e0 la fois sociale, physique\/m\u00e9dicale et psychop\u00e9dagogique de l\u2019\u00e9l\u00e8ve.<\/span><\/p>\n<p class=\"texte_bleu\" align=\"left\"><span style=\"font-size: 12pt; color: #000000;\">\u2022 Les agents travaillent en \u00e9troite collaboration avec les familles et les \u00e9tablissements scolaires desservis.<\/span><\/p>\n<p class=\"texte_bleu\" align=\"left\"><span style=\"font-size: 12pt; color: #000000;\">\u2022 Partenaires privil\u00e9gi\u00e9s des \u00e9coles, ils jouent un r\u00f4le d\u2019interface entre le monde scolaire et extrascolaire.<\/span><\/p>\n<p class=\"texte_bleu\" align=\"left\"><span style=\"font-size: 12pt; color: #000000;\">\u2022 Dans une action conjointe avec l\u2019ensemble des partenaires du syst\u00e8me \u00e9ducatif, ils contribuent \u00e0 l\u2019\u00e9panouissement et \u00e0 l\u2019autonomie du jeune depuis son entr\u00e9e en 1\u00e8re maternelle et tout au long de sa scolarit\u00e9 obligatoire.<\/span><\/p>\n<p class=\"texte_bleu\" align=\"left\"><span style=\"font-size: 12pt; color: #000000;\">\u2022 Dans une optique d\u2019orientation tout au long de la vie, ils le soutiennent dans la construction positive de son projet de vie personnelle, scolaire et professionnel.<\/span><\/p>\n<p class=\"texte_bleu\" align=\"left\"><span style=\"font-size: 12pt; color: #000000;\">\u2022 Dans le cadre de la Promotion de la Sant\u00e9 \u00e0 l&#8217;\u00e9cole, ils sont responsables de l\u2019organisation des visites m\u00e9dicales, de la prophylaxie des maladies contagieuses, de la promotion de la vaccination et d\u2019un environnement scolaire favorable \u00e0 la sant\u00e9.<\/span><\/p>\n<p class=\"texte_bleu\" align=\"left\"><span style=\"font-size: 12pt; color: #000000;\">\u2022 Leur ind\u00e9pendance vis-\u00e0-vis des \u00e9coles et de tout autre organisme leur permet de toujours agir dans l\u2019int\u00e9r\u00eat de l\u2019\u00e9l\u00e8ve. \u2022 Ils sont neutres et accueillent les consultants dans le respect de leurs particularit\u00e9s. \u2022 Toute demande est \u00e9cout\u00e9e dans le respect du secret professionnel.<\/span><\/p>\n<p class=\"texte_bleu\" align=\"left\"><span style=\"font-size: 12pt; color: #000000;\">\u2022 Toute demande est analys\u00e9e avec m\u00e9thode et re\u00e7oit une r\u00e9ponse.<\/span><\/p>\n<p class=\"texte_bleu\" align=\"left\"><span style=\"font-size: 12pt; color: #000000;\">\u2022 Les consultants gardent leur libert\u00e9 de d\u00e9cision quant aux informations et conseils re\u00e7us. Remarque : Lors de l\u2019inscription d\u2019un \u00e9l\u00e8ve dans une \u00e9cole, les parents sont libres d\u2019accepter ou de refuser les interventions du centre PMS. En cas de refus, les parents doivent prendre contact avec la Direction du Centre PMS. Dans certains cas, l\u2019intervention du centre est obligatoire (ex : d\u00e9rogation d\u2019\u00e2ge dans le fondamental, orientation vers l\u2019enseignement sp\u00e9cialis\u00e9, visites m\u00e9dicales).<\/span><\/p>\n<p class=\"texte_bleu\" align=\"left\"><span style=\"font-size: 12pt; color: #000000;\">Remarque : lors de l\u2019inscription d\u2019un \u00e9l\u00e8ve dans une \u00e9cole, les parents sont libres d\u2019accepter ou de refuser les interventions du centre PMS. En cas de refus, les parents doivent prendre contact avec la Direction du Centre PMS. Dans certains cas, l\u2019intervention du centre est obligatoire (ex : d\u00e9rogation d\u2019\u00e2ge dans le fondamental, orientation vers l\u2019enseignement sp\u00e9cialis\u00e9, visites m\u00e9dicales).<\/span><\/p>\n<p class=\"titre\" align=\"left\"><span style=\"font-size: 14pt;\"><strong><span style=\"color: #000000;\">LE CENTRE PMS W-BE de SPA<\/span><\/strong><\/span><\/p>\n<p class=\"texte_bleu\" align=\"left\"><span style=\"font-size: 12pt; color: #000000;\">Notre \u00e9cole b\u00e9n\u00e9ficie de l&#8217;encadrement du CPMS de Spa. Tant les familles que les \u00e9l\u00e8ves peuvent b\u00e9n\u00e9ficier de l&#8217;expertise de madame Zoratti et de son \u00e9quipe.<\/span><\/p>\n<p class=\"texte_bleu\" align=\"left\"><span style=\"font-size: 12pt; color: #000000;\">Le CPMS se compose d\u2019un centre principal et de cabinets de consultations situ\u00e9s \u00e0 proximit\u00e9 des \u00e9coles \u00ab attach\u00e9es \u00bb. Des permanences hebdomadaires sont assur\u00e9es par les \u00e9quipes dans le souci d\u2019offrir un service accessible \u00e0 tous avec un maximum de \u00abdisponibilit\u00e9s\u00bb. Dans le m\u00eame ordre d\u2019id\u00e9e, des locaux au sein des \u00e9coles sont \u00e9galement mis \u00e0 la disposition des \u00e9quipes quand cela se justifie.<\/span><\/p>\n<p class=\"texte_bleu\" align=\"left\"><span style=\"font-size: 12pt; color: #000000;\">Les \u00e9tablissements scolaires desservis sont : AR de Spa, AR Ardenne &#8211; Hautes Fagnes (site de Malmedy et Stavelot), AR de Waimes, AR d\u2019Aywaille, EFACF de Ferri\u00e8res, AR de Vielsalm-Manhay (site de Vielsalm, Manhay et Rencheux), EFACF de Lierneux, Ecoles Communales de Goronne, H\u00e9bronval, Petit-Thier, Regn\u00e9 et Salmch\u00e2teau.<\/span><\/p>\n<p class=\"texte_bleu\" align=\"left\"><span style=\"font-size: 12pt; color: #000000;\">Compte tenu de l\u2019\u00e9tendue de notre ressort et de notre chiffre de population qui compte environ 4500 \u00e9l\u00e8ves de l\u2019enseignement maternel \u00e0 l\u2019enseignement secondaire (fili\u00e8res g\u00e9n\u00e9rales, techniques et professionnelles), nous travaillons principalement sur rendez-vous. Le t\u00e9l\u00e9phone reste le moyen le plus simple pour les parents de nous contacter. N\u2019h\u00e9sitez pas !<\/span><\/p>\n<p align=\"left\"><span style=\"font-size: 12pt; color: #000000;\"><span style=\"font-family: georgia, palatino, serif;\"><strong>Direction:<\/strong> Anne Zoratti<\/span><\/span><\/p>\n<h5><span style=\"font-size: 12pt; color: #000000;\"><span style=\"font-family: georgia, palatino, serif;\"><span style=\"font-size: 10pt;\">Adresse: 2, rue de Sclessin\u00a0\u00a0 4900\u00a0 Spa\u00a0\u00a0\u00a0\u00a0<\/span>\u00a0\u00a0\u00a0\u00a0\u00a0\u00a0\u00a0\u00a0\u00a0\u00a0\u00a0\u00a0\u00a0\u00a0\u00a0\u00a0\u00a0\u00a0\u00a0\u00a0\u00a0<\/span><\/span><\/h5>\n<h5><span style=\"font-size: 12pt; color: #000000;\"><span style=\"font-family: georgia, palatino, serif;\">T\u00e9l: 087\/77.13.28<\/span><\/span><\/h5>\n<h5><span style=\"font-size: 12pt; color: #000000;\"><span style=\"font-family: georgia, palatino, serif;\">Mail: cpmscfspa@gmail.com<\/span><\/span><\/h5>\n<p class=\"direction_titre\" align=\"left\"><strong><span style=\"font-size: 14pt; color: #000000;\"><span style=\"text-decoration: underline;\"><span style=\"font-family: georgia, palatino, serif;\">Nous vous accueillons : <\/span><\/span><\/span><\/strong><\/p>\n<p class=\"texte_bleu\" align=\"left\"><strong><span style=\"font-size: 14pt; color: #000000;\"><span style=\"text-decoration: underline;\"><span style=\"font-family: georgia, palatino, serif;\">Au cabinet de consultation de MALMEDY: <\/span><\/span><\/span><\/strong><\/p>\n<p class=\"texte_bleu\" align=\"left\"><span style=\"font-size: 12pt; color: #000000;\"><span style=\"font-family: georgia, palatino, serif;\">Route de Falize, 2A \u2013 4960 MALMEDY<\/span><\/span><\/p>\n<p class=\"texte_bleu\" align=\"left\"><span style=\"font-size: 12pt; color: #000000;\"><span style=\"font-family: georgia, palatino, serif;\">T\u00e9l\/Fax : 080 33 02 86<\/span><\/span><\/p>\n<h5><span style=\"font-size: 12pt; color: #000000;\"><span style=\"font-family: georgia, palatino, serif;\">Mail:\u00a0<a style=\"color: #000000;\" href=\"mailto:cpmsfwbmalmedy@gmail.com\">cpmsfwbmalmedy@gmail.com<\/a><\/span><\/span><\/h5>\n<h5><span style=\"font-size: 12pt; color: #000000;\"><span style=\"font-family: georgia, palatino, serif;\">Psychologue: Nathalie MAGGIO, 0499\/05.89.84<\/span><\/span><\/h5>\n<h5><span style=\"font-size: 12pt; color: #000000;\"><span style=\"font-family: georgia, palatino, serif;\">Assistante sociale: Viviane VAN ESCH, 0499\/05.99.99<br \/>\n<\/span><\/span><\/h5>\n<h5><span style=\"font-size: 12pt; color: #000000;\"><span style=\"font-family: georgia, palatino, serif;\">Infirmi\u00e8re: Anne LAMBERMONT, 0499\/05.89.85<\/span><\/span><\/h5>\n<h5><strong><span style=\"font-size: 14pt; color: #000000;\"><span style=\"text-decoration: underline;\"><span style=\"font-family: georgia, palatino, serif;\">Au cabinet de consultation de STAVELOT:<\/span><\/span><\/span><\/strong><\/h5>\n<h5><span style=\"font-size: 12pt; color: #000000;\"><span style=\"font-family: georgia, palatino, serif;\">Cabinet: 2, rue Marlennes 4970 Stavelot\u00a0\u00a0\u00a0\u00a0\u00a0\u00a0\u00a0T\u00e9l: 080\/86.26.96<\/span><\/span><\/h5>\n<h5><span style=\"font-size: 12pt; color: #000000;\"><span style=\"font-family: georgia, palatino, serif;\">Mail:\u00a0<a style=\"color: #000000;\" href=\"mailto:cpmsfwbstavelot@gmail.com\">cpmsfwbstavelot@gmail.com<\/a><\/span><\/span><\/h5>\n<h5><span style=\"font-size: 12pt; color: #000000;\"><span style=\"font-family: georgia, palatino, serif;\">Psychologue: Nathalie MAGGIO, 0499\/05.89.84<\/span><\/span><\/h5>\n<h5><span style=\"font-size: 12pt; color: #000000;\"><span style=\"font-family: georgia, palatino, serif;\">Assistante sociale: St\u00e9phanie LEGROS-COLLARD, 0499\/05.89.82<\/span><\/span><\/h5>\n<h5><span style=\"font-size: 12pt; color: #000000;\"><span style=\"font-family: georgia, palatino, serif;\">Infirmi\u00e8re: Anne LAMBERMONT, 0499\/05.89.85<\/span><\/span><\/h5>\n<p>[\/vc_column_text][\/vc_column][\/vc_row][vc_row][vc_column][vc_gmaps link=&#8221;#E-8_JTNDaWZyYW1lJTIwc3JjJTNEJTIyaHR0cHMlM0ElMkYlMkZ3d3cuZ29vZ2xlLmNvbSUyRm1hcHMlMkZlbWJlZCUzRnBiJTNEJTIxMW0xOCUyMTFtMTIlMjExbTMlMjExZDYwOC41MzA5MjExMzQ4NzgxJTIxMmQ2LjAyMTEzMDk5ODYyMzc0OCUyMTNkNTAuNDI0NDkyMjQ5NjczNDM1JTIxMm0zJTIxMWYwJTIxMmYwJTIxM2YwJTIxM20yJTIxMWkxMDI0JTIxMmk3NjglMjE0ZjEzLjElMjEzbTMlMjExbTIlMjExczB4NDdjMDdiOTRiMzIxNTI0MyUyNTNBMHhmY2MwODdmNTdiMTY1NDQxJTIxMnNSb3V0ZSUyQmRlJTJCRmFsaXplJTJCMiUyNTJDJTJCNDk2MCUyQk1hbG1lZHklMjE1ZTAlMjEzbTIlMjExc2ZyJTIxMnNiZSUyMTR2MTU2NjM3NjQyNDQ4NiUyMTVtMiUyMTFzZnIlMjEyc2JlJTIyJTIwd2lkdGglM0QlMjI2MDAlMjIlMjBoZWlnaHQlM0QlMjI0NTAlMjIlMjBmcmFtZWJvcmRlciUzRCUyMjAlMjIlMjBzdHlsZSUzRCUyMmJvcmRlciUzQTAlMjIlMjBhbGxvd2Z1bGxzY3JlZW4lM0UlM0MlMkZpZnJhbWUlM0U=&#8221; title=&#8221;Pms Malmedy&#8221;][\/vc_column][\/vc_row][vc_row][vc_column][\/vc_column][\/vc_row][vc_row][vc_column][vc_gmaps link=&#8221;#E-8_JTNDaWZyYW1lJTIwc3JjJTNEJTIyaHR0cHMlM0ElMkYlMkZ3d3cuZ29vZ2xlLmNvbSUyRm1hcHMlMkZlbWJlZCUzRnBiJTNEJTIxMW0xOCUyMTFtMTIlMjExbTMlMjExZDYwOC44OTAxOTY0NDE3MDU2JTIxMmQ1LjkzMTE0NDEyMzk4MzYyMDUlMjEzZDUwLjM5NjUyNjU3NzkwMzk1NiUyMTJtMyUyMTFmMCUyMTJmMCUyMTNmMCUyMTNtMiUyMTFpMTAyNCUyMTJpNzY4JTIxNGYxMy4xJTIxM20zJTIxMW0yJTIxMXMweDQ3YzA2NTJlZjNmZDI1NTUlMjUzQTB4N2YxMDQ1ZTlkOTkwNTEwMSUyMTJzUnVlJTJCTWFybGVubmVzJTJCMiUyNTJDJTJCNDk3MCUyQlN0YXZlbG90JTIxNWUwJTIxM20yJTIxMXNmciUyMTJzYmUlMjE0djE1NjYzNzY1NDg2NjclMjE1bTIlMjExc2ZyJTIxMnNiZSUyMiUyMHdpZHRoJTNEJTIyNjAwJTIyJTIwaGVpZ2h0JTNEJTIyNDUwJTIyJTIwZnJhbWVib3JkZXIlM0QlMjIwJTIyJTIwc3R5bGUlM0QlMjJib3JkZXIlM0EwJTIyJTIwYWxsb3dmdWxsc2NyZWVuJTNFJTNDJTJGaWZyYW1lJTNF&#8221; title=&#8221;Pms Stavelot&#8221;][\/vc_column][\/vc_row]<\/p>\n","protected":false},"excerpt":{"rendered":"<p>[vc_row][vc_column][vc_column_text] Les Centres psycho-m\u00e9dico-sociaux de la F\u00e9d\u00e9ration Wallonie-Bruxelles (CPMS) \u2022 Ils sont un lieu d&#8217;accueil, d&#8217;\u00e9coute et de dialogue \u00e0 la disposition des parents et des \u00e9l\u00e8ves. Les questions qui les pr\u00e9occupent en mati\u00e8re de scolarit\u00e9, d&#8217;\u00e9ducation, de d\u00e9veloppement, d\u2019adaptation, d&#8217;orientation scolaire et professionnelle, de sant\u00e9,\u2026 y sont abord\u00e9es. \u2022 Leur service au public est [&hellip;]<\/p>\n","protected":false},"author":1,"featured_media":0,"parent":0,"menu_order":0,"comment_status":"closed","ping_status":"closed","template":"","meta":{"content-type":"","om_disable_all_campaigns":false,"footnotes":""},"class_list":["post-3534","page","type-page","status-publish","hentry"],"yoast_head":"<!-- This site is optimized with the Yoast SEO plugin v27.4 - https:\/\/yoast.com\/product\/yoast-seo-wordpress\/ -->\n<title>LE CENTRE PMS - Bienvenue \u00e0 l&#039;ARAHF<\/title>\n<meta name=\"robots\" content=\"index, follow, max-snippet:-1, max-image-preview:large, max-video-preview:-1\" \/>\n<link rel=\"canonical\" href=\"https:\/\/www.arahf.be\/?page_id=3534\" \/>\n<meta property=\"og:locale\" content=\"fr_FR\" \/>\n<meta property=\"og:type\" content=\"article\" \/>\n<meta property=\"og:title\" content=\"LE CENTRE PMS - Bienvenue \u00e0 l&#039;ARAHF\" \/>\n<meta property=\"og:description\" content=\"[vc_row][vc_column][vc_column_text] Les Centres psycho-m\u00e9dico-sociaux de la F\u00e9d\u00e9ration Wallonie-Bruxelles (CPMS) \u2022 Ils sont un lieu d&#8217;accueil, d&#8217;\u00e9coute et de dialogue \u00e0 la disposition des parents et des \u00e9l\u00e8ves. Les questions qui les pr\u00e9occupent en mati\u00e8re de scolarit\u00e9, d&#8217;\u00e9ducation, de d\u00e9veloppement, d\u2019adaptation, d&#8217;orientation scolaire et professionnelle, de sant\u00e9,\u2026 y sont abord\u00e9es. \u2022 Leur service au public est [&hellip;]\" \/>\n<meta property=\"og:url\" content=\"https:\/\/www.arahf.be\/?page_id=3534\" \/>\n<meta property=\"og:site_name\" content=\"Bienvenue \u00e0 l&#039;ARAHF\" \/>\n<meta property=\"article:modified_time\" content=\"2021-12-20T14:21:48+00:00\" \/>\n<meta name=\"twitter:card\" content=\"summary_large_image\" \/>\n<meta name=\"twitter:label1\" content=\"Dur\u00e9e de lecture estim\u00e9e\" \/>\n\t<meta name=\"twitter:data1\" content=\"5 minutes\" \/>\n<script type=\"application\/ld+json\" class=\"yoast-schema-graph\">{\"@context\":\"https:\\\/\\\/schema.org\",\"@graph\":[{\"@type\":\"WebPage\",\"@id\":\"https:\\\/\\\/www.arahf.be\\\/?page_id=3534\",\"url\":\"https:\\\/\\\/www.arahf.be\\\/?page_id=3534\",\"name\":\"LE CENTRE PMS - Bienvenue \u00e0 l&#039;ARAHF\",\"isPartOf\":{\"@id\":\"https:\\\/\\\/www.arahf.be\\\/#website\"},\"datePublished\":\"2019-03-05T11:58:49+00:00\",\"dateModified\":\"2021-12-20T14:21:48+00:00\",\"breadcrumb\":{\"@id\":\"https:\\\/\\\/www.arahf.be\\\/?page_id=3534#breadcrumb\"},\"inLanguage\":\"fr-FR\",\"potentialAction\":[{\"@type\":\"ReadAction\",\"target\":[\"https:\\\/\\\/www.arahf.be\\\/?page_id=3534\"]}]},{\"@type\":\"BreadcrumbList\",\"@id\":\"https:\\\/\\\/www.arahf.be\\\/?page_id=3534#breadcrumb\",\"itemListElement\":[{\"@type\":\"ListItem\",\"position\":1,\"name\":\"Accueil\",\"item\":\"https:\\\/\\\/www.arahf.be\\\/\"},{\"@type\":\"ListItem\",\"position\":2,\"name\":\"LE CENTRE PMS\"}]},{\"@type\":\"WebSite\",\"@id\":\"https:\\\/\\\/www.arahf.be\\\/#website\",\"url\":\"https:\\\/\\\/www.arahf.be\\\/\",\"name\":\"Bienvenue \u00e0 l&#039;ARAHF\",\"description\":\"\",\"potentialAction\":[{\"@type\":\"SearchAction\",\"target\":{\"@type\":\"EntryPoint\",\"urlTemplate\":\"https:\\\/\\\/www.arahf.be\\\/?s={search_term_string}\"},\"query-input\":{\"@type\":\"PropertyValueSpecification\",\"valueRequired\":true,\"valueName\":\"search_term_string\"}}],\"inLanguage\":\"fr-FR\"}]}<\/script>\n<!-- \/ Yoast SEO plugin. -->","yoast_head_json":{"title":"LE CENTRE PMS - Bienvenue \u00e0 l&#039;ARAHF","robots":{"index":"index","follow":"follow","max-snippet":"max-snippet:-1","max-image-preview":"max-image-preview:large","max-video-preview":"max-video-preview:-1"},"canonical":"https:\/\/www.arahf.be\/?page_id=3534","og_locale":"fr_FR","og_type":"article","og_title":"LE CENTRE PMS - Bienvenue \u00e0 l&#039;ARAHF","og_description":"[vc_row][vc_column][vc_column_text] Les Centres psycho-m\u00e9dico-sociaux de la F\u00e9d\u00e9ration Wallonie-Bruxelles (CPMS) \u2022 Ils sont un lieu d&#8217;accueil, d&#8217;\u00e9coute et de dialogue \u00e0 la disposition des parents et des \u00e9l\u00e8ves. Les questions qui les pr\u00e9occupent en mati\u00e8re de scolarit\u00e9, d&#8217;\u00e9ducation, de d\u00e9veloppement, d\u2019adaptation, d&#8217;orientation scolaire et professionnelle, de sant\u00e9,\u2026 y sont abord\u00e9es. \u2022 Leur service au public est [&hellip;]","og_url":"https:\/\/www.arahf.be\/?page_id=3534","og_site_name":"Bienvenue \u00e0 l&#039;ARAHF","article_modified_time":"2021-12-20T14:21:48+00:00","twitter_card":"summary_large_image","twitter_misc":{"Dur\u00e9e de lecture estim\u00e9e":"5 minutes"},"schema":{"@context":"https:\/\/schema.org","@graph":[{"@type":"WebPage","@id":"https:\/\/www.arahf.be\/?page_id=3534","url":"https:\/\/www.arahf.be\/?page_id=3534","name":"LE CENTRE PMS - Bienvenue \u00e0 l&#039;ARAHF","isPartOf":{"@id":"https:\/\/www.arahf.be\/#website"},"datePublished":"2019-03-05T11:58:49+00:00","dateModified":"2021-12-20T14:21:48+00:00","breadcrumb":{"@id":"https:\/\/www.arahf.be\/?page_id=3534#breadcrumb"},"inLanguage":"fr-FR","potentialAction":[{"@type":"ReadAction","target":["https:\/\/www.arahf.be\/?page_id=3534"]}]},{"@type":"BreadcrumbList","@id":"https:\/\/www.arahf.be\/?page_id=3534#breadcrumb","itemListElement":[{"@type":"ListItem","position":1,"name":"Accueil","item":"https:\/\/www.arahf.be\/"},{"@type":"ListItem","position":2,"name":"LE CENTRE PMS"}]},{"@type":"WebSite","@id":"https:\/\/www.arahf.be\/#website","url":"https:\/\/www.arahf.be\/","name":"Bienvenue \u00e0 l&#039;ARAHF","description":"","potentialAction":[{"@type":"SearchAction","target":{"@type":"EntryPoint","urlTemplate":"https:\/\/www.arahf.be\/?s={search_term_string}"},"query-input":{"@type":"PropertyValueSpecification","valueRequired":true,"valueName":"search_term_string"}}],"inLanguage":"fr-FR"}]}},"_links":{"self":[{"href":"https:\/\/www.arahf.be\/index.php?rest_route=\/wp\/v2\/pages\/3534","targetHints":{"allow":["GET"]}}],"collection":[{"href":"https:\/\/www.arahf.be\/index.php?rest_route=\/wp\/v2\/pages"}],"about":[{"href":"https:\/\/www.arahf.be\/index.php?rest_route=\/wp\/v2\/types\/page"}],"author":[{"embeddable":true,"href":"https:\/\/www.arahf.be\/index.php?rest_route=\/wp\/v2\/users\/1"}],"replies":[{"embeddable":true,"href":"https:\/\/www.arahf.be\/index.php?rest_route=%2Fwp%2Fv2%2Fcomments&post=3534"}],"version-history":[{"count":17,"href":"https:\/\/www.arahf.be\/index.php?rest_route=\/wp\/v2\/pages\/3534\/revisions"}],"predecessor-version":[{"id":4667,"href":"https:\/\/www.arahf.be\/index.php?rest_route=\/wp\/v2\/pages\/3534\/revisions\/4667"}],"wp:attachment":[{"href":"https:\/\/www.arahf.be\/index.php?rest_route=%2Fwp%2Fv2%2Fmedia&parent=3534"}],"curies":[{"name":"wp","href":"https:\/\/api.w.org\/{rel}","templated":true}]}}