{"id":3571,"date":"2019-03-05T15:35:51","date_gmt":"2019-03-05T14:35:51","guid":{"rendered":"http:\/\/wp2019.arahf.be\/?page_id=3571"},"modified":"2021-11-17T18:09:43","modified_gmt":"2021-11-17T17:09:43","slug":"horaire-des-cours","status":"publish","type":"page","link":"https:\/\/www.arahf.be\/?page_id=3571","title":{"rendered":"HORAIRE DES COURS"},"content":{"rendered":"<p>[vc_row][vc_column][vc_column_text]<\/p>\n<h4><strong>Horaire du fondamental pour Stavelot<\/strong><\/h4>\n<table style=\"width: 70.0585%; height: 312px;\">\n<tbody>\n<tr style=\"height: 24px;\">\n<td style=\"height: 24px; width: 135.111%;\" colspan=\"2\"><strong>Garderie \u00e0 partir \u2013 7h30 \u2013 Ouverture de l\u2019\u00e9cole<\/strong><\/td>\n<\/tr>\n<tr class=\"alt\" style=\"height: 24px;\">\n<td style=\"height: 24px; width: 54.0145%;\" width=\"33%\">1<sup>\u00e8re<\/sup> heure<\/td>\n<td style=\"height: 24px; width: 81.0965%;\" width=\"66%\">8h25 \u2013 9h10<\/td>\n<\/tr>\n<tr style=\"height: 24px;\">\n<td style=\"height: 24px; width: 54.0145%;\" width=\"33%\">2<sup>\u00e8me<\/sup> heure<\/td>\n<td style=\"height: 24px; width: 81.0965%;\" width=\"66%\">9h10 \u2013 10h05<\/td>\n<\/tr>\n<tr class=\"alt\" style=\"height: 24px;\">\n<td style=\"height: 24px; width: 135.111%;\" colspan=\"2\"><strong>R\u00e9cr\u00e9ation<\/strong><\/td>\n<\/tr>\n<tr style=\"height: 24px;\">\n<td style=\"height: 24px; width: 54.0145%;\" width=\"33%\">3<sup>\u00e8me<\/sup> heure<\/td>\n<td style=\"height: 24px; width: 81.0965%;\" width=\"66%\">10h20 \u2013 11h05<\/td>\n<\/tr>\n<tr class=\"alt\" style=\"height: 24px;\">\n<td style=\"height: 24px; width: 54.0145%;\" width=\"33%\">4<sup>\u00e8me<\/sup> heure<\/td>\n<td style=\"height: 24px; width: 81.0965%;\" width=\"66%\">11h05 \u2013 12h00<\/td>\n<\/tr>\n<tr style=\"height: 24px;\">\n<td style=\"height: 24px; width: 54.0145%;\" width=\"33%\"><strong>Repas\/R\u00e9cr\u00e9ation<br \/>\n<\/strong><\/td>\n<td style=\"height: 24px; width: 81.0965%;\" width=\"66%\">12h00\u2013 12h30<\/td>\n<\/tr>\n<tr class=\"alt\" style=\"height: 24px;\">\n<td style=\"height: 24px; width: 54.0145%;\" width=\"33%\"><strong>R\u00e9cr\u00e9ation<\/strong><\/td>\n<td style=\"height: 24px; width: 81.0965%;\" width=\"66%\">12h30 \u2013 13h20<\/td>\n<\/tr>\n<tr style=\"height: 24px;\">\n<td style=\"height: 24px; width: 54.0145%;\" width=\"33%\"><sup><span style=\"font-size: 16px;\">6<\/span>\u00e8me<\/sup> heure<\/td>\n<td style=\"height: 24px; width: 81.0965%;\" width=\"66%\">13h20 \u2013 14h10<\/td>\n<\/tr>\n<tr class=\"alt\" style=\"height: 24px;\">\n<td style=\"height: 24px; width: 54.0145%;\" width=\"33%\"><strong>R\u00e9cr\u00e9ation<\/strong><\/td>\n<td style=\"height: 24px; width: 81.0965%;\" width=\"66%\">14h10 \u2013 14h30<\/td>\n<\/tr>\n<tr style=\"height: 24px;\">\n<td style=\"height: 24px; width: 54.0145%;\" width=\"33%\"><sup><span style=\"font-size: 16px;\">7<\/span>\u00e8me<\/sup> heure<\/td>\n<td style=\"height: 24px; width: 81.0965%;\" width=\"66%\">14h35 \u2013 15h20<\/td>\n<\/tr>\n<tr style=\"height: 24px;\">\n<td style=\"width: 54.0145%; height: 24px;\"><strong>Garderie<\/strong><\/td>\n<td style=\"width: 81.0965%; height: 24px;\">15h25 \u00e0 18h00<\/td>\n<\/tr>\n<tr style=\"height: 24px;\">\n<td style=\"width: 54.0145%; height: 24px;\"><\/td>\n<td style=\"width: 81.0965%; height: 24px;\"><\/td>\n<\/tr>\n<\/tbody>\n<\/table>\n<p><strong>Garderie<\/strong> du mercredi : 12h00 \u00e0 13h00 mais l\u2019accueil extra scolaire \u00ab R\u00e9Cr\u00e9ation \u00bb de Stavelot peut accueillir les enfants le mercredi apr\u00e8s-midi, sur inscription.<\/p>\n<h4><\/h4>\n<h4><strong>Heures de cours secondaire pour Stavelot<\/strong><\/h4>\n<table style=\"width: 71.4487%; height: 326px;\" width=\"97%\">\n<tbody>\n<tr style=\"height: 24px;\">\n<td style=\"width: 136.329%; height: 24px;\" colspan=\"2\"><strong>7h30 \u2013 Ouverture de l\u2019\u00e9cole<\/strong><\/td>\n<\/tr>\n<tr class=\"alt\" style=\"height: 26px;\">\n<td style=\"width: 52.8445%; height: 26px;\" width=\"33%\">1<sup>\u00e8re<\/sup> heure<\/td>\n<td style=\"width: 83.4847%; height: 26px;\" width=\"66%\">8h20 \u2013 9h10<\/td>\n<\/tr>\n<tr style=\"height: 26px;\">\n<td style=\"width: 52.8445%; height: 26px;\" width=\"33%\">2<sup>\u00e8me<\/sup> heure<\/td>\n<td style=\"width: 83.4847%; height: 26px;\" width=\"66%\">9h10 \u2013 10h00<\/td>\n<\/tr>\n<tr class=\"alt\" style=\"height: 24px;\">\n<td style=\"width: 136.329%; height: 24px;\" colspan=\"2\"><strong>R\u00e9cr\u00e9ation<\/strong><\/td>\n<\/tr>\n<tr style=\"height: 26px;\">\n<td style=\"width: 52.8445%; height: 26px;\" width=\"33%\">3\u00e8<sup>me<\/sup> heure<\/td>\n<td style=\"width: 83.4847%; height: 26px;\" width=\"66%\">10h15 \u2013 11h05<\/td>\n<\/tr>\n<tr class=\"alt\" style=\"height: 26px;\">\n<td style=\"width: 52.8445%; height: 26px;\" width=\"33%\">4<sup>\u00e8me<\/sup> heure<\/td>\n<td style=\"width: 83.4847%; height: 26px;\" width=\"66%\">11h05 \u2013 11h55<\/td>\n<\/tr>\n<tr style=\"height: 24px;\">\n<td style=\"width: 52.8445%; height: 24px;\" width=\"33%\"><strong>Repas ou 5\u00e8me heure<br \/>\n<\/strong><\/td>\n<td style=\"width: 83.4847%; height: 24px;\" width=\"66%\">11h55\u2013 12h45<\/td>\n<\/tr>\n<tr class=\"alt\" style=\"height: 24px;\">\n<td style=\"width: 52.8445%; height: 24px;\" width=\"33%\"><strong>Repas<\/strong><\/td>\n<td style=\"width: 83.4847%; height: 24px;\" width=\"66%\">12h45 \u2013 13h35<\/td>\n<\/tr>\n<tr style=\"height: 26px;\">\n<td style=\"width: 52.8445%; height: 26px;\" width=\"33%\">7<sup>\u00e8me<\/sup> heure<\/td>\n<td style=\"width: 83.4847%; height: 26px;\" width=\"66%\">13h35 \u2013 14h20<\/td>\n<\/tr>\n<tr class=\"alt\" style=\"height: 26px;\">\n<td style=\"width: 52.8445%; height: 26px;\" width=\"33%\">8\u00e8<sup>me<\/sup> heure<\/td>\n<td style=\"width: 83.4847%; height: 26px;\" width=\"66%\">14h20 \u2013 15h10<\/td>\n<\/tr>\n<tr style=\"height: 26px;\">\n<td style=\"width: 52.8445%; height: 26px;\" width=\"33%\">9<sup>\u00e8me<\/sup> heure<\/td>\n<td style=\"width: 83.4847%; height: 26px;\" width=\"66%\">15h10 \u2013 15h55<\/td>\n<\/tr>\n<tr style=\"height: 24px;\">\n<td style=\"width: 52.8445%; height: 24px;\"><\/td>\n<td style=\"width: 83.4847%; height: 24px;\"><\/td>\n<\/tr>\n<tr style=\"height: 24px;\">\n<td style=\"width: 52.8445%; height: 24px;\"><\/td>\n<td style=\"width: 83.4847%; height: 24px;\"><\/td>\n<\/tr>\n<\/tbody>\n<\/table>\n<h4><\/h4>\n<h4><strong>Heures du fondamental pour Malmedy<\/strong><\/h4>\n<table style=\"width: 71.404%;\">\n<tbody>\n<tr>\n<td style=\"width: 136.455%;\" colspan=\"2\"><strong>Garderie \u00e0 partir \u2013 7h30 \u2013 Ouverture de l\u2019\u00e9cole<\/strong><\/td>\n<\/tr>\n<tr class=\"alt\">\n<td style=\"width: 52.7671%;\" width=\"33%\">1<sup>\u00e8re<\/sup> heure<\/td>\n<td style=\"width: 83.688%;\" width=\"66%\">8h25 \u2013 9h10<\/td>\n<\/tr>\n<tr>\n<td style=\"width: 52.7671%;\" width=\"33%\">2<sup>\u00e8me<\/sup> heure<\/td>\n<td style=\"width: 83.688%;\" width=\"66%\">9h10 \u2013 10h05<\/td>\n<\/tr>\n<tr class=\"alt\">\n<td style=\"width: 136.455%;\" colspan=\"2\"><strong>R\u00e9cr\u00e9ation<\/strong><\/td>\n<\/tr>\n<tr>\n<td style=\"width: 52.7671%;\" width=\"33%\">3<sup>\u00e8me<\/sup> heure<\/td>\n<td style=\"width: 83.688%;\" width=\"66%\">10h20 \u2013 11h05<\/td>\n<\/tr>\n<tr class=\"alt\">\n<td style=\"width: 52.7671%;\" width=\"33%\">4<sup>\u00e8me<\/sup> heure<\/td>\n<td style=\"width: 83.688%;\" width=\"66%\">11h05 \u2013 12h00<\/td>\n<\/tr>\n<tr>\n<td style=\"width: 52.7671%;\" width=\"33%\"><strong>Repas\/R\u00e9cr\u00e9ation<br \/>\n<\/strong><\/td>\n<td style=\"width: 83.688%;\" width=\"66%\">12h00\u2013 12h30<\/td>\n<\/tr>\n<tr class=\"alt\">\n<td style=\"width: 52.7671%;\" width=\"33%\"><strong>R\u00e9cr\u00e9ation<\/strong><\/td>\n<td style=\"width: 83.688%;\" width=\"66%\">12h30 \u2013 13h30<\/td>\n<\/tr>\n<tr>\n<td style=\"width: 52.7671%;\" width=\"33%\"><sup><span style=\"font-size: 16px;\">6<\/span>\u00e8me<\/sup> heure<\/td>\n<td style=\"width: 83.688%;\" width=\"66%\">13h30 \u2013 14h20<\/td>\n<\/tr>\n<tr class=\"alt\">\n<td style=\"width: 52.7671%;\" width=\"33%\"><strong>R\u00e9cr\u00e9ation<\/strong><\/td>\n<td style=\"width: 83.688%;\" width=\"66%\">14h05 \u2013 14h20<\/td>\n<\/tr>\n<tr>\n<td style=\"width: 52.7671%;\" width=\"33%\"><sup>7\u00e8me<\/sup> heure<\/td>\n<td style=\"width: 83.688%;\" width=\"66%\">14h05 \u2013 14h20<\/td>\n<\/tr>\n<tr>\n<td style=\"width: 52.7671%;\"><strong>Garderie<\/strong><\/td>\n<td style=\"width: 83.688%;\">15h15 \u00e0 17h30<\/td>\n<\/tr>\n<tr>\n<td style=\"width: 52.7671%;\"><strong>\u00c9tude<br \/>\n<\/strong><\/td>\n<td style=\"width: 83.688%;\"><strong> 15h15 \u00e0 16h15<\/strong><\/td>\n<\/tr>\n<\/tbody>\n<\/table>\n<p><strong>Garderie<\/strong> du mercredi : 12h00 \u00e0 13h00<\/p>\n<h4><strong>Heures de cours secondaire pour Malmedy<\/strong><\/h4>\n<table style=\"width: 71.3843%;\">\n<tbody>\n<tr>\n<td style=\"width: 130.485%;\" colspan=\"2\"><strong>7h30 \u2013 Ouverture de l\u2019\u00e9cole<\/strong><\/td>\n<\/tr>\n<tr class=\"alt\">\n<td style=\"width: 52.3945%;\" width=\"33%\">1<sup>\u00e8re<\/sup> heure<\/td>\n<td style=\"width: 78.0906%;\" width=\"66%\">8h20 \u2013 9h10<\/td>\n<\/tr>\n<tr>\n<td style=\"width: 52.3945%;\" width=\"33%\">2<sup>\u00e8me<\/sup> heure<\/td>\n<td style=\"width: 78.0906%;\" width=\"66%\">9h10 \u2013 10h00<\/td>\n<\/tr>\n<tr class=\"alt\">\n<td style=\"width: 130.485%;\" colspan=\"2\"><strong>R\u00e9cr\u00e9ation<\/strong><\/td>\n<\/tr>\n<tr>\n<td style=\"width: 52.3945%;\" width=\"33%\">3<sup>\u00e8me<\/sup> heure<\/td>\n<td style=\"width: 78.0906%;\" width=\"66%\">10h15 \u2013 11h05<\/td>\n<\/tr>\n<tr class=\"alt\">\n<td style=\"width: 52.3945%;\" width=\"33%\">4<sup>\u00e8me<\/sup> heure<\/td>\n<td style=\"width: 78.0906%;\" width=\"66%\">11h05 \u2013 11h55<\/td>\n<\/tr>\n<tr>\n<td style=\"width: 52.3945%;\" width=\"33%\"><strong>Repas ou 5\u00e8me heure<br \/>\n<\/strong><\/td>\n<td style=\"width: 78.0906%;\" width=\"66%\">12h00\u2013 12h45<\/td>\n<\/tr>\n<tr class=\"alt\">\n<td style=\"width: 52.3945%;\" width=\"33%\"><strong>Repas<\/strong><\/td>\n<td style=\"width: 78.0906%;\" width=\"66%\">12h45 \u2013 13h45<\/td>\n<\/tr>\n<tr>\n<td style=\"width: 52.3945%;\" width=\"33%\">7<sup>\u00e8me<\/sup> heure<\/td>\n<td style=\"width: 78.0906%;\" width=\"66%\">13h45 \u2013 14h35<\/td>\n<\/tr>\n<tr class=\"alt\">\n<td style=\"width: 52.3945%;\" width=\"33%\">8<sup>\u00e8me<\/sup> heure<\/td>\n<td style=\"width: 78.0906%;\" width=\"66%\">14h35 \u2013 15h25<\/td>\n<\/tr>\n<tr>\n<td style=\"width: 52.3945%;\" width=\"33%\">9<sup>\u00e8me<\/sup> heure<\/td>\n<td style=\"width: 78.0906%;\" width=\"66%\">15h25 \u2013 16h15<\/td>\n<\/tr>\n<\/tbody>\n<\/table>\n<p>&nbsp;[\/vc_column_text][\/vc_column][\/vc_row]<\/p>\n","protected":false},"excerpt":{"rendered":"<p>[vc_row][vc_column][vc_column_text] Horaire du fondamental pour Stavelot Garderie \u00e0 partir \u2013 7h30 \u2013 Ouverture de l\u2019\u00e9cole 1\u00e8re heure 8h25 \u2013 9h10 2\u00e8me heure 9h10 \u2013 10h05 R\u00e9cr\u00e9ation 3\u00e8me heure 10h20 \u2013 11h05 4\u00e8me heure 11h05 \u2013 12h00 Repas\/R\u00e9cr\u00e9ation 12h00\u2013 12h30 R\u00e9cr\u00e9ation 12h30 \u2013 13h20 6\u00e8me heure 13h20 \u2013 14h10 R\u00e9cr\u00e9ation 14h10 \u2013 14h30 7\u00e8me heure 14h35 [&hellip;]<\/p>\n","protected":false},"author":1,"featured_media":0,"parent":0,"menu_order":0,"comment_status":"closed","ping_status":"closed","template":"","meta":{"content-type":"","om_disable_all_campaigns":false,"footnotes":""},"class_list":["post-3571","page","type-page","status-publish","hentry"],"yoast_head":"<!-- This site is optimized with the Yoast SEO plugin v27.4 - https:\/\/yoast.com\/product\/yoast-seo-wordpress\/ -->\n<title>HORAIRE DES COURS - Bienvenue \u00e0 l&#039;ARAHF<\/title>\n<meta name=\"robots\" content=\"index, follow, max-snippet:-1, max-image-preview:large, max-video-preview:-1\" \/>\n<link rel=\"canonical\" href=\"https:\/\/www.arahf.be\/?page_id=3571\" \/>\n<meta property=\"og:locale\" content=\"fr_FR\" \/>\n<meta property=\"og:type\" content=\"article\" \/>\n<meta property=\"og:title\" content=\"HORAIRE DES COURS - Bienvenue \u00e0 l&#039;ARAHF\" \/>\n<meta property=\"og:description\" content=\"[vc_row][vc_column][vc_column_text] Horaire du fondamental pour Stavelot Garderie \u00e0 partir \u2013 7h30 \u2013 Ouverture de l\u2019\u00e9cole 1\u00e8re heure 8h25 \u2013 9h10 2\u00e8me heure 9h10 \u2013 10h05 R\u00e9cr\u00e9ation 3\u00e8me heure 10h20 \u2013 11h05 4\u00e8me heure 11h05 \u2013 12h00 Repas\/R\u00e9cr\u00e9ation 12h00\u2013 12h30 R\u00e9cr\u00e9ation 12h30 \u2013 13h20 6\u00e8me heure 13h20 \u2013 14h10 R\u00e9cr\u00e9ation 14h10 \u2013 14h30 7\u00e8me heure 14h35 [&hellip;]\" \/>\n<meta property=\"og:url\" content=\"https:\/\/www.arahf.be\/?page_id=3571\" \/>\n<meta property=\"og:site_name\" content=\"Bienvenue \u00e0 l&#039;ARAHF\" \/>\n<meta property=\"article:modified_time\" content=\"2021-11-17T17:09:43+00:00\" \/>\n<meta name=\"twitter:card\" content=\"summary_large_image\" \/>\n<meta name=\"twitter:label1\" content=\"Dur\u00e9e de lecture estim\u00e9e\" \/>\n\t<meta name=\"twitter:data1\" content=\"1 minute\" \/>\n<script type=\"application\/ld+json\" class=\"yoast-schema-graph\">{\"@context\":\"https:\\\/\\\/schema.org\",\"@graph\":[{\"@type\":\"WebPage\",\"@id\":\"https:\\\/\\\/www.arahf.be\\\/?page_id=3571\",\"url\":\"https:\\\/\\\/www.arahf.be\\\/?page_id=3571\",\"name\":\"HORAIRE DES COURS - Bienvenue \u00e0 l&#039;ARAHF\",\"isPartOf\":{\"@id\":\"https:\\\/\\\/www.arahf.be\\\/#website\"},\"datePublished\":\"2019-03-05T14:35:51+00:00\",\"dateModified\":\"2021-11-17T17:09:43+00:00\",\"breadcrumb\":{\"@id\":\"https:\\\/\\\/www.arahf.be\\\/?page_id=3571#breadcrumb\"},\"inLanguage\":\"fr-FR\",\"potentialAction\":[{\"@type\":\"ReadAction\",\"target\":[\"https:\\\/\\\/www.arahf.be\\\/?page_id=3571\"]}]},{\"@type\":\"BreadcrumbList\",\"@id\":\"https:\\\/\\\/www.arahf.be\\\/?page_id=3571#breadcrumb\",\"itemListElement\":[{\"@type\":\"ListItem\",\"position\":1,\"name\":\"Accueil\",\"item\":\"https:\\\/\\\/www.arahf.be\\\/\"},{\"@type\":\"ListItem\",\"position\":2,\"name\":\"HORAIRE DES COURS\"}]},{\"@type\":\"WebSite\",\"@id\":\"https:\\\/\\\/www.arahf.be\\\/#website\",\"url\":\"https:\\\/\\\/www.arahf.be\\\/\",\"name\":\"Bienvenue \u00e0 l&#039;ARAHF\",\"description\":\"\",\"potentialAction\":[{\"@type\":\"SearchAction\",\"target\":{\"@type\":\"EntryPoint\",\"urlTemplate\":\"https:\\\/\\\/www.arahf.be\\\/?s={search_term_string}\"},\"query-input\":{\"@type\":\"PropertyValueSpecification\",\"valueRequired\":true,\"valueName\":\"search_term_string\"}}],\"inLanguage\":\"fr-FR\"}]}<\/script>\n<!-- \/ Yoast SEO plugin. -->","yoast_head_json":{"title":"HORAIRE DES COURS - Bienvenue \u00e0 l&#039;ARAHF","robots":{"index":"index","follow":"follow","max-snippet":"max-snippet:-1","max-image-preview":"max-image-preview:large","max-video-preview":"max-video-preview:-1"},"canonical":"https:\/\/www.arahf.be\/?page_id=3571","og_locale":"fr_FR","og_type":"article","og_title":"HORAIRE DES COURS - Bienvenue \u00e0 l&#039;ARAHF","og_description":"[vc_row][vc_column][vc_column_text] Horaire du fondamental pour Stavelot Garderie \u00e0 partir \u2013 7h30 \u2013 Ouverture de l\u2019\u00e9cole 1\u00e8re heure 8h25 \u2013 9h10 2\u00e8me heure 9h10 \u2013 10h05 R\u00e9cr\u00e9ation 3\u00e8me heure 10h20 \u2013 11h05 4\u00e8me heure 11h05 \u2013 12h00 Repas\/R\u00e9cr\u00e9ation 12h00\u2013 12h30 R\u00e9cr\u00e9ation 12h30 \u2013 13h20 6\u00e8me heure 13h20 \u2013 14h10 R\u00e9cr\u00e9ation 14h10 \u2013 14h30 7\u00e8me heure 14h35 [&hellip;]","og_url":"https:\/\/www.arahf.be\/?page_id=3571","og_site_name":"Bienvenue \u00e0 l&#039;ARAHF","article_modified_time":"2021-11-17T17:09:43+00:00","twitter_card":"summary_large_image","twitter_misc":{"Dur\u00e9e de lecture estim\u00e9e":"1 minute"},"schema":{"@context":"https:\/\/schema.org","@graph":[{"@type":"WebPage","@id":"https:\/\/www.arahf.be\/?page_id=3571","url":"https:\/\/www.arahf.be\/?page_id=3571","name":"HORAIRE DES COURS - Bienvenue \u00e0 l&#039;ARAHF","isPartOf":{"@id":"https:\/\/www.arahf.be\/#website"},"datePublished":"2019-03-05T14:35:51+00:00","dateModified":"2021-11-17T17:09:43+00:00","breadcrumb":{"@id":"https:\/\/www.arahf.be\/?page_id=3571#breadcrumb"},"inLanguage":"fr-FR","potentialAction":[{"@type":"ReadAction","target":["https:\/\/www.arahf.be\/?page_id=3571"]}]},{"@type":"BreadcrumbList","@id":"https:\/\/www.arahf.be\/?page_id=3571#breadcrumb","itemListElement":[{"@type":"ListItem","position":1,"name":"Accueil","item":"https:\/\/www.arahf.be\/"},{"@type":"ListItem","position":2,"name":"HORAIRE DES COURS"}]},{"@type":"WebSite","@id":"https:\/\/www.arahf.be\/#website","url":"https:\/\/www.arahf.be\/","name":"Bienvenue \u00e0 l&#039;ARAHF","description":"","potentialAction":[{"@type":"SearchAction","target":{"@type":"EntryPoint","urlTemplate":"https:\/\/www.arahf.be\/?s={search_term_string}"},"query-input":{"@type":"PropertyValueSpecification","valueRequired":true,"valueName":"search_term_string"}}],"inLanguage":"fr-FR"}]}},"_links":{"self":[{"href":"https:\/\/www.arahf.be\/index.php?rest_route=\/wp\/v2\/pages\/3571","targetHints":{"allow":["GET"]}}],"collection":[{"href":"https:\/\/www.arahf.be\/index.php?rest_route=\/wp\/v2\/pages"}],"about":[{"href":"https:\/\/www.arahf.be\/index.php?rest_route=\/wp\/v2\/types\/page"}],"author":[{"embeddable":true,"href":"https:\/\/www.arahf.be\/index.php?rest_route=\/wp\/v2\/users\/1"}],"replies":[{"embeddable":true,"href":"https:\/\/www.arahf.be\/index.php?rest_route=%2Fwp%2Fv2%2Fcomments&post=3571"}],"version-history":[{"count":15,"href":"https:\/\/www.arahf.be\/index.php?rest_route=\/wp\/v2\/pages\/3571\/revisions"}],"predecessor-version":[{"id":4641,"href":"https:\/\/www.arahf.be\/index.php?rest_route=\/wp\/v2\/pages\/3571\/revisions\/4641"}],"wp:attachment":[{"href":"https:\/\/www.arahf.be\/index.php?rest_route=%2Fwp%2Fv2%2Fmedia&parent=3571"}],"curies":[{"name":"wp","href":"https:\/\/api.w.org\/{rel}","templated":true}]}}