{"id":3595,"date":"2019-03-05T15:40:44","date_gmt":"2019-03-05T14:40:44","guid":{"rendered":"http:\/\/wp2019.arahf.be\/?page_id=3595"},"modified":"2024-01-31T14:23:45","modified_gmt":"2024-01-31T13:23:45","slug":"amicale-2","status":"publish","type":"page","link":"https:\/\/www.arahf.be\/?page_id=3595","title":{"rendered":"AMICALE"},"content":{"rendered":"<p>[vc_row css=&#8221;.vc_custom_1567245176431{margin-top: 0px !important;margin-bottom: 0px !important;border-top-width: 0px !important;border-bottom-width: 0px !important;padding-top: 0px !important;padding-bottom: 0px !important;}&#8221;][vc_column][vc_column_text css_animation=&#8221;appear&#8221;]<\/p>\n<div class=\"col-sm-8\">\n<div class=\"padding-content\">\n<p>L\u2019 Association Sans But Lucratif \u00ab L\u2019 Amicale de l&#8217;ARAHF \u00bb est un groupe de personnes (membres des personnels, honoraires ou actifs, anciens \u00e9l\u00e8ves, amis et sympathisants de l\u2019\u00e9cole) \u0153uvrant au confort de vie de notre belle \u00e9cole, assistant autant que possible la direction et le personnel enseignant, tant dans leurs t\u00e2ches p\u00e9dagogiques et \u00e9ducatives, que dans l\u2019organisation de manifestations didactiques et extra scolaires et dans le soutien aux \u00e9l\u00e8ves en difficult\u00e9s. L&#8217;amicale intervient \u00e9galement dans le co\u00fbt du pr\u00eat des livres, dans l&#8217;achat de livres pour la biblioth\u00e8que mais aussi dans toutes les excursions d&#8217;un jour ou plus.<\/p>\n<\/div>\n<p>Si l\u2019Ath\u00e9n\u00e9e \u00e9tait un enfant, l\u2019Amicale en serait sa marraine la bonne f\u00e9e\u2026<\/p>\n<div class=\"padding-content\">\n<div class=\"row\">\n<div class=\"col-sm-12\">\n<p><strong>L\u2019Amicale fait partie int\u00e9grante de la vie de l\u2019\u00e9cole. Elle s\u2019occupe notamment de la gestion :<\/strong><\/p>\n<\/div>\n<\/div>\n<p>L\u2019amicale peut poursuivre son action, encore et toujours, gr\u00e2ce aux fonds r\u00e9colt\u00e9s lors des diverses activit\u00e9s organis\u00e9es, mais aussi gr\u00e2ce aux donations et cotisations de ses membres (min. 15 \u20ac\/ann\u00e9e), mais surtout gr\u00e2ce aux efforts soutenus et inconditionnels de chacun de ses membres. Les administrateurs de l\u2019Amicale sont d\u2019ailleurs tous des b\u00e9n\u00e9voles agissant avec discr\u00e9tion et avec pour seul souci d\u2019\u00eatre efficace et utile. Aucun ne retire un quelconque avantage financier pour son action.<\/p>\n<h3><span style=\"text-decoration: underline; font-size: 12pt;\">Modalit\u00e9s de demande d&#8217;intervention<\/span><\/h3>\n<p>Toute demande d\u2019intervention, d\u2019aide, \u2026 doit \u00eatre introduite aupr\u00e8s des tr\u00e9soriers (voir composition ci-dessous).<\/p>\n<p>Celle-ci devra contenir toutes les informations utiles et indispensables \u00e0 la gestion du dossier telles que par exemple le montant de l\u2019aide demand\u00e9, le(s) objectif(s) poursuivi(s), &#8230;<\/p>\n<p><span style=\"text-decoration: underline;\"><span style=\"font-size: 14pt;\"><strong>L&#8217;amicale des Anciens pour l&#8217;Ath\u00e9n\u00e9e de Stavelot se compose comme suit:<\/strong><\/span><\/span><\/p>\n<p><strong>Pr\u00e9sidente:<\/strong> Sabine Close<\/p>\n<p><strong>Vice pr\u00e9sidente:<\/strong> Catherine Righi<\/p>\n<p><strong>Tr\u00e9sorier<\/strong>: St\u00e9phane Grosjean (stephan.grosjean@arahf.be) &#8211; Leblan Vinciane (co-tr\u00e9sori\u00e8re)<\/p>\n<p><strong>Secr\u00e9taires:<\/strong> Nathalie Sevrin et Dominique Otto<\/p>\n<p><span style=\"text-decoration: underline;\"><span style=\"font-size: 14pt;\"><strong>L&#8217;amicale de Malmedy pour l&#8217;Ath\u00e9n\u00e9e de Malmedy se compose comme suit:<\/strong><\/span><\/span><\/p>\n<p><strong>Vice pr\u00e9sidente:<\/strong> Bonmariage Delphine<\/p>\n<p><strong>Tr\u00e9soriers:<\/strong> Wertz St\u00e9phany (stephany.wertz@arahf.be) &#8211; Vanlangendonck Renaud\u00a0 (renaud.vanlangendonck@arahf.be)<\/p>\n<p><strong>Secr\u00e9taire:<\/strong> Rentmeister El\u00e9na (amicale-malmedy@arahf.be)<\/p>\n<\/div>\n<\/div>\n<p>[\/vc_column_text][\/vc_column][\/vc_row]<\/p>\n","protected":false},"excerpt":{"rendered":"<p>[vc_row css=&#8221;.vc_custom_1567245176431{margin-top: 0px !important;margin-bottom: 0px !important;border-top-width: 0px !important;border-bottom-width: 0px !important;padding-top: 0px !important;padding-bottom: 0px !important;}&#8221;][vc_column][vc_column_text css_animation=&#8221;appear&#8221;] L\u2019 Association Sans But Lucratif \u00ab L\u2019 Amicale de l&#8217;ARAHF \u00bb est un groupe de personnes (membres des personnels, honoraires ou actifs, anciens \u00e9l\u00e8ves, amis et sympathisants de l\u2019\u00e9cole) \u0153uvrant au confort de vie de notre belle \u00e9cole, assistant autant [&hellip;]<\/p>\n","protected":false},"author":1,"featured_media":0,"parent":0,"menu_order":0,"comment_status":"closed","ping_status":"closed","template":"","meta":{"content-type":"","om_disable_all_campaigns":false,"footnotes":""},"class_list":["post-3595","page","type-page","status-publish","hentry"],"yoast_head":"<!-- This site is optimized with the Yoast SEO plugin v27.4 - https:\/\/yoast.com\/product\/yoast-seo-wordpress\/ -->\n<title>AMICALE - Bienvenue \u00e0 l&#039;ARAHF<\/title>\n<meta name=\"robots\" content=\"index, follow, max-snippet:-1, max-image-preview:large, max-video-preview:-1\" \/>\n<link rel=\"canonical\" href=\"https:\/\/www.arahf.be\/?page_id=3595\" \/>\n<meta property=\"og:locale\" content=\"fr_FR\" \/>\n<meta property=\"og:type\" content=\"article\" \/>\n<meta property=\"og:title\" content=\"AMICALE - Bienvenue \u00e0 l&#039;ARAHF\" \/>\n<meta property=\"og:description\" content=\"[vc_row css=&#8221;.vc_custom_1567245176431{margin-top: 0px !important;margin-bottom: 0px !important;border-top-width: 0px !important;border-bottom-width: 0px !important;padding-top: 0px !important;padding-bottom: 0px !important;}&#8221;][vc_column][vc_column_text css_animation=&#8221;appear&#8221;] L\u2019 Association Sans But Lucratif \u00ab L\u2019 Amicale de l&#8217;ARAHF \u00bb est un groupe de personnes (membres des personnels, honoraires ou actifs, anciens \u00e9l\u00e8ves, amis et sympathisants de l\u2019\u00e9cole) \u0153uvrant au confort de vie de notre belle \u00e9cole, assistant autant [&hellip;]\" \/>\n<meta property=\"og:url\" content=\"https:\/\/www.arahf.be\/?page_id=3595\" \/>\n<meta property=\"og:site_name\" content=\"Bienvenue \u00e0 l&#039;ARAHF\" \/>\n<meta property=\"article:modified_time\" content=\"2024-01-31T13:23:45+00:00\" \/>\n<meta name=\"twitter:card\" content=\"summary_large_image\" \/>\n<meta name=\"twitter:label1\" content=\"Dur\u00e9e de lecture estim\u00e9e\" \/>\n\t<meta name=\"twitter:data1\" content=\"2 minutes\" \/>\n<script type=\"application\/ld+json\" class=\"yoast-schema-graph\">{\"@context\":\"https:\\\/\\\/schema.org\",\"@graph\":[{\"@type\":\"WebPage\",\"@id\":\"https:\\\/\\\/www.arahf.be\\\/?page_id=3595\",\"url\":\"https:\\\/\\\/www.arahf.be\\\/?page_id=3595\",\"name\":\"AMICALE - Bienvenue \u00e0 l&#039;ARAHF\",\"isPartOf\":{\"@id\":\"https:\\\/\\\/www.arahf.be\\\/#website\"},\"datePublished\":\"2019-03-05T14:40:44+00:00\",\"dateModified\":\"2024-01-31T13:23:45+00:00\",\"breadcrumb\":{\"@id\":\"https:\\\/\\\/www.arahf.be\\\/?page_id=3595#breadcrumb\"},\"inLanguage\":\"fr-FR\",\"potentialAction\":[{\"@type\":\"ReadAction\",\"target\":[\"https:\\\/\\\/www.arahf.be\\\/?page_id=3595\"]}]},{\"@type\":\"BreadcrumbList\",\"@id\":\"https:\\\/\\\/www.arahf.be\\\/?page_id=3595#breadcrumb\",\"itemListElement\":[{\"@type\":\"ListItem\",\"position\":1,\"name\":\"Accueil\",\"item\":\"https:\\\/\\\/www.arahf.be\\\/\"},{\"@type\":\"ListItem\",\"position\":2,\"name\":\"AMICALE\"}]},{\"@type\":\"WebSite\",\"@id\":\"https:\\\/\\\/www.arahf.be\\\/#website\",\"url\":\"https:\\\/\\\/www.arahf.be\\\/\",\"name\":\"Bienvenue \u00e0 l&#039;ARAHF\",\"description\":\"\",\"potentialAction\":[{\"@type\":\"SearchAction\",\"target\":{\"@type\":\"EntryPoint\",\"urlTemplate\":\"https:\\\/\\\/www.arahf.be\\\/?s={search_term_string}\"},\"query-input\":{\"@type\":\"PropertyValueSpecification\",\"valueRequired\":true,\"valueName\":\"search_term_string\"}}],\"inLanguage\":\"fr-FR\"}]}<\/script>\n<!-- \/ Yoast SEO plugin. -->","yoast_head_json":{"title":"AMICALE - Bienvenue \u00e0 l&#039;ARAHF","robots":{"index":"index","follow":"follow","max-snippet":"max-snippet:-1","max-image-preview":"max-image-preview:large","max-video-preview":"max-video-preview:-1"},"canonical":"https:\/\/www.arahf.be\/?page_id=3595","og_locale":"fr_FR","og_type":"article","og_title":"AMICALE - Bienvenue \u00e0 l&#039;ARAHF","og_description":"[vc_row css=&#8221;.vc_custom_1567245176431{margin-top: 0px !important;margin-bottom: 0px !important;border-top-width: 0px !important;border-bottom-width: 0px !important;padding-top: 0px !important;padding-bottom: 0px !important;}&#8221;][vc_column][vc_column_text css_animation=&#8221;appear&#8221;] L\u2019 Association Sans But Lucratif \u00ab L\u2019 Amicale de l&#8217;ARAHF \u00bb est un groupe de personnes (membres des personnels, honoraires ou actifs, anciens \u00e9l\u00e8ves, amis et sympathisants de l\u2019\u00e9cole) \u0153uvrant au confort de vie de notre belle \u00e9cole, assistant autant [&hellip;]","og_url":"https:\/\/www.arahf.be\/?page_id=3595","og_site_name":"Bienvenue \u00e0 l&#039;ARAHF","article_modified_time":"2024-01-31T13:23:45+00:00","twitter_card":"summary_large_image","twitter_misc":{"Dur\u00e9e de lecture estim\u00e9e":"2 minutes"},"schema":{"@context":"https:\/\/schema.org","@graph":[{"@type":"WebPage","@id":"https:\/\/www.arahf.be\/?page_id=3595","url":"https:\/\/www.arahf.be\/?page_id=3595","name":"AMICALE - Bienvenue \u00e0 l&#039;ARAHF","isPartOf":{"@id":"https:\/\/www.arahf.be\/#website"},"datePublished":"2019-03-05T14:40:44+00:00","dateModified":"2024-01-31T13:23:45+00:00","breadcrumb":{"@id":"https:\/\/www.arahf.be\/?page_id=3595#breadcrumb"},"inLanguage":"fr-FR","potentialAction":[{"@type":"ReadAction","target":["https:\/\/www.arahf.be\/?page_id=3595"]}]},{"@type":"BreadcrumbList","@id":"https:\/\/www.arahf.be\/?page_id=3595#breadcrumb","itemListElement":[{"@type":"ListItem","position":1,"name":"Accueil","item":"https:\/\/www.arahf.be\/"},{"@type":"ListItem","position":2,"name":"AMICALE"}]},{"@type":"WebSite","@id":"https:\/\/www.arahf.be\/#website","url":"https:\/\/www.arahf.be\/","name":"Bienvenue \u00e0 l&#039;ARAHF","description":"","potentialAction":[{"@type":"SearchAction","target":{"@type":"EntryPoint","urlTemplate":"https:\/\/www.arahf.be\/?s={search_term_string}"},"query-input":{"@type":"PropertyValueSpecification","valueRequired":true,"valueName":"search_term_string"}}],"inLanguage":"fr-FR"}]}},"_links":{"self":[{"href":"https:\/\/www.arahf.be\/index.php?rest_route=\/wp\/v2\/pages\/3595","targetHints":{"allow":["GET"]}}],"collection":[{"href":"https:\/\/www.arahf.be\/index.php?rest_route=\/wp\/v2\/pages"}],"about":[{"href":"https:\/\/www.arahf.be\/index.php?rest_route=\/wp\/v2\/types\/page"}],"author":[{"embeddable":true,"href":"https:\/\/www.arahf.be\/index.php?rest_route=\/wp\/v2\/users\/1"}],"replies":[{"embeddable":true,"href":"https:\/\/www.arahf.be\/index.php?rest_route=%2Fwp%2Fv2%2Fcomments&post=3595"}],"version-history":[{"count":10,"href":"https:\/\/www.arahf.be\/index.php?rest_route=\/wp\/v2\/pages\/3595\/revisions"}],"predecessor-version":[{"id":8028,"href":"https:\/\/www.arahf.be\/index.php?rest_route=\/wp\/v2\/pages\/3595\/revisions\/8028"}],"wp:attachment":[{"href":"https:\/\/www.arahf.be\/index.php?rest_route=%2Fwp%2Fv2%2Fmedia&parent=3595"}],"curies":[{"name":"wp","href":"https:\/\/api.w.org\/{rel}","templated":true}]}}