{"id":3797,"date":"2019-04-01T10:12:08","date_gmt":"2019-04-01T08:12:08","guid":{"rendered":"http:\/\/wp2019.arahf.be\/?page_id=3797"},"modified":"2021-12-16T19:07:38","modified_gmt":"2021-12-16T18:07:38","slug":"limmersion-precoce-en-allemand","status":"publish","type":"page","link":"https:\/\/www.arahf.be\/?page_id=3797","title":{"rendered":"L\u2019IMMERSION PR\u00c9COCE EN ALLEMAND"},"content":{"rendered":"<p>[vc_row css=&#8221;.vc_custom_1567256536166{margin-top: 0px !important;margin-bottom: 0px !important;border-top-width: 0px !important;border-bottom-width: 0px !important;padding-top: 0px !important;padding-bottom: 0px !important;}&#8221;][vc_column][vc_column_text]<\/p>\n<h3>Pourquoi l\u2019allemand et non une autre langue ?<\/h3>\n<p>Diff\u00e9rents crit\u00e8res justifient le choix de l\u2019allemand dans notre \u00e9tablissement : * La proximit\u00e9 g\u00e9ographique de la r\u00e9gion germanophone et de l\u2019Allemagne.\u00a0 * L\u2019allemand est la langue maternelle de quelque 93 millions d\u2019Europ\u00e9ens. * De nombreuses entreprises belges et \u00e9trang\u00e8res recherchent d\u00e9sesp\u00e9r\u00e9ment des personnes qualifi\u00e9es ma\u00eetrisant l\u2019allemand.<\/p>\n<p>En quoi consiste cet enseignement par immersion ?<\/p>\n<p>L\u2019immersion consiste \u00e0 plonger l\u2019\u00e9l\u00e8ve en milieu scolaire dans un bain de langue. Toutes les mati\u00e8res, \u00e0 l\u2019exception des cours d\u2019\u00e9ducation physique et des cours philosophiques, sont dispens\u00e9es dans la langue d\u2019immersion, l\u2019allemand, par un enseignant dont la langue maternelle est l\u2019allemand. Le contact avec la langue d\u2019immersion est important en 1\u00e8re et 2e ann\u00e9es, la communication entre l\u2019enseignant et les \u00e9l\u00e8ves s\u2019\u00e9tablit en allemand, et, d\u00e8s que possible, parmi les \u00e9l\u00e8ves entre eux. A partir de la 3e ann\u00e9e primaire, le nombre de p\u00e9riodes consacr\u00e9es \u00e0 la langue d\u2019immersion diminue, au profit de la langue maternelle. L\u2019objectif \u00e0 atteindre est la connaissance des deux langues en fin de 6e primaire.<\/p>\n<p>Liaison primaire \u2013 secondaire.<\/p>\n<p>Un tel projet doit n\u00e9cessairement se poursuivre dans l\u2019enseignement secondaire. A l\u2019Ath\u00e9n\u00e9e, l\u2019enseignement par immersion trouvera son prolongement par la possibilit\u00e9 qui sera offerte aux \u00e9tudiants de 1\u00e8re ann\u00e9e de l\u2019enseignement secondaire de choisir l\u2019allemand comme seconde langue (4 heures par semaine) ; de plus, 4 heures \/semaine de cours g\u00e9n\u00e9raux seront dispens\u00e9s en allemand.<\/p>\n<p>Importance de la relation famille \u2013 \u00e9cole.<\/p>\n<p>La r\u00e9flexion des parents s\u2019accompagnera n\u00e9cessairement de comparaisons avec l\u2019enseignement fondamental traditionnel. Il leur faudra admettre que les apprentissages en langue maternelle (lecture, \u00e9criture\u2026) ne d\u00e9butent que plus tard, et qu\u2019une comparaison avec l\u2019enseignement traditionnel n\u2019est pas appropri\u00e9e. Il leur faudra \u00e9galement surmonter leur inqui\u00e9tude face \u00e0 leur propre m\u00e9connaissance de la langue-cible, voire \u00e0 leur impossibilit\u00e9 d\u2019aider leur enfant dans certains cas. De fr\u00e9quentes r\u00e9unions d\u2019informations sont organis\u00e9es \u00e0 l\u2019intention des parents, dans le but de les aider et les conseiller.<\/p>\n<p>Organisation de l\u2019apprentissage :<\/p>\n<p>De la 1\u00e8re \u00e0 la 4\u00e8me ann\u00e9e :<br \/>\n. 18 p\u00e9riodes de cours donn\u00e9s en langue cible (allemand)<br \/>\n. 6 p\u00e9riodes de cours donn\u00e9s en fran\u00e7ais<\/p>\n<p>Remarque : en 1\u00e8re et 2\u00e8me ann\u00e9es le cours de fran\u00e7ais est ax\u00e9 principalement sur l\u2019apprentissage de la lecture<\/p>\n<p>En 5\u00e8me et 6\u00e8me ann\u00e9e :<br \/>\n. 12 p\u00e9riodes de cours donn\u00e9s en langue cible (allemand)<br \/>\n. 12 p\u00e9riodes de cours donn\u00e9s en fran\u00e7ais[\/vc_column_text][\/vc_column][\/vc_row]<\/p>\n","protected":false},"excerpt":{"rendered":"<p>[vc_row css=&#8221;.vc_custom_1567256536166{margin-top: 0px !important;margin-bottom: 0px !important;border-top-width: 0px !important;border-bottom-width: 0px !important;padding-top: 0px !important;padding-bottom: 0px !important;}&#8221;][vc_column][vc_column_text] Pourquoi l\u2019allemand et non une autre langue ? Diff\u00e9rents crit\u00e8res justifient le choix de l\u2019allemand dans notre \u00e9tablissement : * La proximit\u00e9 g\u00e9ographique de la r\u00e9gion germanophone et de l\u2019Allemagne.\u00a0 * L\u2019allemand est la langue maternelle de quelque 93 millions d\u2019Europ\u00e9ens. [&hellip;]<\/p>\n","protected":false},"author":1,"featured_media":0,"parent":0,"menu_order":0,"comment_status":"closed","ping_status":"closed","template":"","meta":{"content-type":"","om_disable_all_campaigns":false,"footnotes":""},"class_list":["post-3797","page","type-page","status-publish","hentry"],"yoast_head":"<!-- This site is optimized with the Yoast SEO plugin v27.4 - https:\/\/yoast.com\/product\/yoast-seo-wordpress\/ -->\n<title>L\u2019IMMERSION PR\u00c9COCE EN ALLEMAND - Bienvenue \u00e0 l&#039;ARAHF<\/title>\n<meta name=\"robots\" content=\"index, follow, max-snippet:-1, max-image-preview:large, max-video-preview:-1\" \/>\n<link rel=\"canonical\" href=\"https:\/\/www.arahf.be\/?page_id=3797\" \/>\n<meta property=\"og:locale\" content=\"fr_FR\" \/>\n<meta property=\"og:type\" content=\"article\" \/>\n<meta property=\"og:title\" content=\"L\u2019IMMERSION PR\u00c9COCE EN ALLEMAND - Bienvenue \u00e0 l&#039;ARAHF\" \/>\n<meta property=\"og:description\" content=\"[vc_row css=&#8221;.vc_custom_1567256536166{margin-top: 0px !important;margin-bottom: 0px !important;border-top-width: 0px !important;border-bottom-width: 0px !important;padding-top: 0px !important;padding-bottom: 0px !important;}&#8221;][vc_column][vc_column_text] Pourquoi l\u2019allemand et non une autre langue ? Diff\u00e9rents crit\u00e8res justifient le choix de l\u2019allemand dans notre \u00e9tablissement : * La proximit\u00e9 g\u00e9ographique de la r\u00e9gion germanophone et de l\u2019Allemagne.\u00a0 * L\u2019allemand est la langue maternelle de quelque 93 millions d\u2019Europ\u00e9ens. [&hellip;]\" \/>\n<meta property=\"og:url\" content=\"https:\/\/www.arahf.be\/?page_id=3797\" \/>\n<meta property=\"og:site_name\" content=\"Bienvenue \u00e0 l&#039;ARAHF\" \/>\n<meta property=\"article:modified_time\" content=\"2021-12-16T18:07:38+00:00\" \/>\n<meta name=\"twitter:card\" content=\"summary_large_image\" \/>\n<meta name=\"twitter:label1\" content=\"Dur\u00e9e de lecture estim\u00e9e\" \/>\n\t<meta name=\"twitter:data1\" content=\"2 minutes\" \/>\n<script type=\"application\/ld+json\" class=\"yoast-schema-graph\">{\"@context\":\"https:\\\/\\\/schema.org\",\"@graph\":[{\"@type\":\"WebPage\",\"@id\":\"https:\\\/\\\/www.arahf.be\\\/?page_id=3797\",\"url\":\"https:\\\/\\\/www.arahf.be\\\/?page_id=3797\",\"name\":\"L\u2019IMMERSION PR\u00c9COCE EN ALLEMAND - Bienvenue \u00e0 l&#039;ARAHF\",\"isPartOf\":{\"@id\":\"https:\\\/\\\/www.arahf.be\\\/#website\"},\"datePublished\":\"2019-04-01T08:12:08+00:00\",\"dateModified\":\"2021-12-16T18:07:38+00:00\",\"breadcrumb\":{\"@id\":\"https:\\\/\\\/www.arahf.be\\\/?page_id=3797#breadcrumb\"},\"inLanguage\":\"fr-FR\",\"potentialAction\":[{\"@type\":\"ReadAction\",\"target\":[\"https:\\\/\\\/www.arahf.be\\\/?page_id=3797\"]}]},{\"@type\":\"BreadcrumbList\",\"@id\":\"https:\\\/\\\/www.arahf.be\\\/?page_id=3797#breadcrumb\",\"itemListElement\":[{\"@type\":\"ListItem\",\"position\":1,\"name\":\"Accueil\",\"item\":\"https:\\\/\\\/www.arahf.be\\\/\"},{\"@type\":\"ListItem\",\"position\":2,\"name\":\"L\u2019IMMERSION PR\u00c9COCE EN ALLEMAND\"}]},{\"@type\":\"WebSite\",\"@id\":\"https:\\\/\\\/www.arahf.be\\\/#website\",\"url\":\"https:\\\/\\\/www.arahf.be\\\/\",\"name\":\"Bienvenue \u00e0 l&#039;ARAHF\",\"description\":\"\",\"potentialAction\":[{\"@type\":\"SearchAction\",\"target\":{\"@type\":\"EntryPoint\",\"urlTemplate\":\"https:\\\/\\\/www.arahf.be\\\/?s={search_term_string}\"},\"query-input\":{\"@type\":\"PropertyValueSpecification\",\"valueRequired\":true,\"valueName\":\"search_term_string\"}}],\"inLanguage\":\"fr-FR\"}]}<\/script>\n<!-- \/ Yoast SEO plugin. -->","yoast_head_json":{"title":"L\u2019IMMERSION PR\u00c9COCE EN ALLEMAND - Bienvenue \u00e0 l&#039;ARAHF","robots":{"index":"index","follow":"follow","max-snippet":"max-snippet:-1","max-image-preview":"max-image-preview:large","max-video-preview":"max-video-preview:-1"},"canonical":"https:\/\/www.arahf.be\/?page_id=3797","og_locale":"fr_FR","og_type":"article","og_title":"L\u2019IMMERSION PR\u00c9COCE EN ALLEMAND - Bienvenue \u00e0 l&#039;ARAHF","og_description":"[vc_row css=&#8221;.vc_custom_1567256536166{margin-top: 0px !important;margin-bottom: 0px !important;border-top-width: 0px !important;border-bottom-width: 0px !important;padding-top: 0px !important;padding-bottom: 0px !important;}&#8221;][vc_column][vc_column_text] Pourquoi l\u2019allemand et non une autre langue ? Diff\u00e9rents crit\u00e8res justifient le choix de l\u2019allemand dans notre \u00e9tablissement : * La proximit\u00e9 g\u00e9ographique de la r\u00e9gion germanophone et de l\u2019Allemagne.\u00a0 * L\u2019allemand est la langue maternelle de quelque 93 millions d\u2019Europ\u00e9ens. [&hellip;]","og_url":"https:\/\/www.arahf.be\/?page_id=3797","og_site_name":"Bienvenue \u00e0 l&#039;ARAHF","article_modified_time":"2021-12-16T18:07:38+00:00","twitter_card":"summary_large_image","twitter_misc":{"Dur\u00e9e de lecture estim\u00e9e":"2 minutes"},"schema":{"@context":"https:\/\/schema.org","@graph":[{"@type":"WebPage","@id":"https:\/\/www.arahf.be\/?page_id=3797","url":"https:\/\/www.arahf.be\/?page_id=3797","name":"L\u2019IMMERSION PR\u00c9COCE EN ALLEMAND - Bienvenue \u00e0 l&#039;ARAHF","isPartOf":{"@id":"https:\/\/www.arahf.be\/#website"},"datePublished":"2019-04-01T08:12:08+00:00","dateModified":"2021-12-16T18:07:38+00:00","breadcrumb":{"@id":"https:\/\/www.arahf.be\/?page_id=3797#breadcrumb"},"inLanguage":"fr-FR","potentialAction":[{"@type":"ReadAction","target":["https:\/\/www.arahf.be\/?page_id=3797"]}]},{"@type":"BreadcrumbList","@id":"https:\/\/www.arahf.be\/?page_id=3797#breadcrumb","itemListElement":[{"@type":"ListItem","position":1,"name":"Accueil","item":"https:\/\/www.arahf.be\/"},{"@type":"ListItem","position":2,"name":"L\u2019IMMERSION PR\u00c9COCE EN ALLEMAND"}]},{"@type":"WebSite","@id":"https:\/\/www.arahf.be\/#website","url":"https:\/\/www.arahf.be\/","name":"Bienvenue \u00e0 l&#039;ARAHF","description":"","potentialAction":[{"@type":"SearchAction","target":{"@type":"EntryPoint","urlTemplate":"https:\/\/www.arahf.be\/?s={search_term_string}"},"query-input":{"@type":"PropertyValueSpecification","valueRequired":true,"valueName":"search_term_string"}}],"inLanguage":"fr-FR"}]}},"_links":{"self":[{"href":"https:\/\/www.arahf.be\/index.php?rest_route=\/wp\/v2\/pages\/3797","targetHints":{"allow":["GET"]}}],"collection":[{"href":"https:\/\/www.arahf.be\/index.php?rest_route=\/wp\/v2\/pages"}],"about":[{"href":"https:\/\/www.arahf.be\/index.php?rest_route=\/wp\/v2\/types\/page"}],"author":[{"embeddable":true,"href":"https:\/\/www.arahf.be\/index.php?rest_route=\/wp\/v2\/users\/1"}],"replies":[{"embeddable":true,"href":"https:\/\/www.arahf.be\/index.php?rest_route=%2Fwp%2Fv2%2Fcomments&post=3797"}],"version-history":[{"count":8,"href":"https:\/\/www.arahf.be\/index.php?rest_route=\/wp\/v2\/pages\/3797\/revisions"}],"predecessor-version":[{"id":4658,"href":"https:\/\/www.arahf.be\/index.php?rest_route=\/wp\/v2\/pages\/3797\/revisions\/4658"}],"wp:attachment":[{"href":"https:\/\/www.arahf.be\/index.php?rest_route=%2Fwp%2Fv2%2Fmedia&parent=3797"}],"curies":[{"name":"wp","href":"https:\/\/api.w.org\/{rel}","templated":true}]}}