{"id":4042,"date":"2019-08-26T14:08:20","date_gmt":"2019-08-26T12:08:20","guid":{"rendered":"http:\/\/wp2019.arahf.be\/?page_id=4042"},"modified":"2021-12-16T13:36:15","modified_gmt":"2021-12-16T12:36:15","slug":"ecole-fondamentale-2","status":"publish","type":"page","link":"https:\/\/www.arahf.be\/?page_id=4042","title":{"rendered":"FONDAMENTAL"},"content":{"rendered":"<p>[vc_row css=&#8221;.vc_custom_1567254889268{margin-top: 0px !important;margin-bottom: 0px !important;border-top-width: 0px !important;border-bottom-width: 0px !important;padding-top: 0px !important;padding-bottom: 0px !important;}&#8221;][vc_column][vc_column_text]Monsieur,<br \/>\nChers parents,<br \/>\nChers \u00e9l\u00e8ves,<\/p>\n<p>C\u2019est un r\u00e9el plaisir de vous accueillir sur ce site internet.\u00a0 Cet outil de communication a pour but principal de vous donner un acc\u00e8s \u00e0 toutes les informations utiles concernant notre \u00e9cole en g\u00e9n\u00e9ral.<\/p>\n<p>J\u2019ose esp\u00e9rer que la majorit\u00e9 des informations qui seront plac\u00e9es sur ce site, vous donnera la possibilit\u00e9 de vous faire une id\u00e9e positive de notre \u00e9cole.\u00a0 Vous pourrez \u00e9galement visualiser tr\u00e8s rapidement sur le calendrier, toutes les activit\u00e9s planifi\u00e9es dans l\u2019\u00e9cole chaque mois (Mise \u00e0 jour en cours&#8230; un peu de patience)<\/p>\n<p>En tant que directrice d\u2019\u00e9cole, je consid\u00e8re que ma mission prioritaire consiste \u00e0 rendre vos enfants heureux de venir apprendre chaque jour \u00e0 l\u2019\u00e9cole, mais aussi de permettre aux membres du personnel de venir travailler dans des bonnes conditions.\u00a0 Je suis donc convaincue qu\u2019en tant que parents, vous serez ravis d&#8217;apprendre que tout est mis en \u0153uvre pour que les \u00a0rouages de notre \u00e9cole fonctionnent quotidiennement le mieux possible.<\/p>\n<p>Ce site se voudra \u00e9galement interactif et toutes les remarques constructives peuvent \u00eatre adress\u00e9es \u00e0 la direction de l\u2019\u00e9cole, au secr\u00e9tariat, par email, ou par un petit courrier gliss\u00e9 dans le journal de classe de votre enfant.<\/p>\n<p>Je vous demande \u00e9galement encore un peu d\u2019indulgence quant aux rubriques qui ne sont pas encore suffisamment remplies car ce site est en cours de cr\u00e9ation.<\/p>\n<p>Nous comptons\u00a0 mettre notre exp\u00e9rience mais \u00e9galement notre \u00e9nergie et motivation au service de nos deux \u00e9coles afin que chacun, enfant, \u00e9quipe \u00e9ducative et parents puissent s&#8217;y \u00e9panouir et construire l&#8217;avenir dans un climat serein.<\/p>\n<p>Nous restons, bien entendu, \u00e0 votre disposition pour tout renseignement compl\u00e9mentaire.<\/p>\n<h5 class=\"stm-contact-person__name\">Mme Ch. Gillot et Mme Remacle<\/h5>\n<p>Les directrices du fondamental[\/vc_column_text][\/vc_column][\/vc_row]<\/p>\n","protected":false},"excerpt":{"rendered":"<p>[vc_row css=&#8221;.vc_custom_1567254889268{margin-top: 0px !important;margin-bottom: 0px !important;border-top-width: 0px !important;border-bottom-width: 0px !important;padding-top: 0px !important;padding-bottom: 0px !important;}&#8221;][vc_column][vc_column_text]Monsieur, Chers parents, Chers \u00e9l\u00e8ves, C\u2019est un r\u00e9el plaisir de vous accueillir sur ce site internet.\u00a0 Cet outil de communication a pour but principal de vous donner un acc\u00e8s \u00e0 toutes les informations utiles concernant notre \u00e9cole en g\u00e9n\u00e9ral. J\u2019ose esp\u00e9rer que [&hellip;]<\/p>\n","protected":false},"author":1,"featured_media":0,"parent":0,"menu_order":0,"comment_status":"closed","ping_status":"closed","template":"","meta":{"content-type":"","om_disable_all_campaigns":false,"footnotes":""},"class_list":["post-4042","page","type-page","status-publish","hentry"],"yoast_head":"<!-- This site is optimized with the Yoast SEO plugin v27.4 - https:\/\/yoast.com\/product\/yoast-seo-wordpress\/ -->\n<title>FONDAMENTAL - Bienvenue \u00e0 l&#039;ARAHF<\/title>\n<meta name=\"robots\" content=\"index, follow, max-snippet:-1, max-image-preview:large, max-video-preview:-1\" \/>\n<link rel=\"canonical\" href=\"https:\/\/www.arahf.be\/?page_id=4042\" \/>\n<meta property=\"og:locale\" content=\"fr_FR\" \/>\n<meta property=\"og:type\" content=\"article\" \/>\n<meta property=\"og:title\" content=\"FONDAMENTAL - Bienvenue \u00e0 l&#039;ARAHF\" \/>\n<meta property=\"og:description\" content=\"[vc_row css=&#8221;.vc_custom_1567254889268{margin-top: 0px !important;margin-bottom: 0px !important;border-top-width: 0px !important;border-bottom-width: 0px !important;padding-top: 0px !important;padding-bottom: 0px !important;}&#8221;][vc_column][vc_column_text]Monsieur, Chers parents, Chers \u00e9l\u00e8ves, C\u2019est un r\u00e9el plaisir de vous accueillir sur ce site internet.\u00a0 Cet outil de communication a pour but principal de vous donner un acc\u00e8s \u00e0 toutes les informations utiles concernant notre \u00e9cole en g\u00e9n\u00e9ral. J\u2019ose esp\u00e9rer que [&hellip;]\" \/>\n<meta property=\"og:url\" content=\"https:\/\/www.arahf.be\/?page_id=4042\" \/>\n<meta property=\"og:site_name\" content=\"Bienvenue \u00e0 l&#039;ARAHF\" \/>\n<meta property=\"article:modified_time\" content=\"2021-12-16T12:36:15+00:00\" \/>\n<meta name=\"twitter:card\" content=\"summary_large_image\" \/>\n<meta name=\"twitter:label1\" content=\"Dur\u00e9e de lecture estim\u00e9e\" \/>\n\t<meta name=\"twitter:data1\" content=\"2 minutes\" \/>\n<script type=\"application\/ld+json\" class=\"yoast-schema-graph\">{\"@context\":\"https:\\\/\\\/schema.org\",\"@graph\":[{\"@type\":\"WebPage\",\"@id\":\"https:\\\/\\\/www.arahf.be\\\/?page_id=4042\",\"url\":\"https:\\\/\\\/www.arahf.be\\\/?page_id=4042\",\"name\":\"FONDAMENTAL - Bienvenue \u00e0 l&#039;ARAHF\",\"isPartOf\":{\"@id\":\"https:\\\/\\\/www.arahf.be\\\/#website\"},\"datePublished\":\"2019-08-26T12:08:20+00:00\",\"dateModified\":\"2021-12-16T12:36:15+00:00\",\"breadcrumb\":{\"@id\":\"https:\\\/\\\/www.arahf.be\\\/?page_id=4042#breadcrumb\"},\"inLanguage\":\"fr-FR\",\"potentialAction\":[{\"@type\":\"ReadAction\",\"target\":[\"https:\\\/\\\/www.arahf.be\\\/?page_id=4042\"]}]},{\"@type\":\"BreadcrumbList\",\"@id\":\"https:\\\/\\\/www.arahf.be\\\/?page_id=4042#breadcrumb\",\"itemListElement\":[{\"@type\":\"ListItem\",\"position\":1,\"name\":\"Accueil\",\"item\":\"https:\\\/\\\/www.arahf.be\\\/\"},{\"@type\":\"ListItem\",\"position\":2,\"name\":\"FONDAMENTAL\"}]},{\"@type\":\"WebSite\",\"@id\":\"https:\\\/\\\/www.arahf.be\\\/#website\",\"url\":\"https:\\\/\\\/www.arahf.be\\\/\",\"name\":\"Bienvenue \u00e0 l&#039;ARAHF\",\"description\":\"\",\"potentialAction\":[{\"@type\":\"SearchAction\",\"target\":{\"@type\":\"EntryPoint\",\"urlTemplate\":\"https:\\\/\\\/www.arahf.be\\\/?s={search_term_string}\"},\"query-input\":{\"@type\":\"PropertyValueSpecification\",\"valueRequired\":true,\"valueName\":\"search_term_string\"}}],\"inLanguage\":\"fr-FR\"}]}<\/script>\n<!-- \/ Yoast SEO plugin. -->","yoast_head_json":{"title":"FONDAMENTAL - Bienvenue \u00e0 l&#039;ARAHF","robots":{"index":"index","follow":"follow","max-snippet":"max-snippet:-1","max-image-preview":"max-image-preview:large","max-video-preview":"max-video-preview:-1"},"canonical":"https:\/\/www.arahf.be\/?page_id=4042","og_locale":"fr_FR","og_type":"article","og_title":"FONDAMENTAL - Bienvenue \u00e0 l&#039;ARAHF","og_description":"[vc_row css=&#8221;.vc_custom_1567254889268{margin-top: 0px !important;margin-bottom: 0px !important;border-top-width: 0px !important;border-bottom-width: 0px !important;padding-top: 0px !important;padding-bottom: 0px !important;}&#8221;][vc_column][vc_column_text]Monsieur, Chers parents, Chers \u00e9l\u00e8ves, C\u2019est un r\u00e9el plaisir de vous accueillir sur ce site internet.\u00a0 Cet outil de communication a pour but principal de vous donner un acc\u00e8s \u00e0 toutes les informations utiles concernant notre \u00e9cole en g\u00e9n\u00e9ral. J\u2019ose esp\u00e9rer que [&hellip;]","og_url":"https:\/\/www.arahf.be\/?page_id=4042","og_site_name":"Bienvenue \u00e0 l&#039;ARAHF","article_modified_time":"2021-12-16T12:36:15+00:00","twitter_card":"summary_large_image","twitter_misc":{"Dur\u00e9e de lecture estim\u00e9e":"2 minutes"},"schema":{"@context":"https:\/\/schema.org","@graph":[{"@type":"WebPage","@id":"https:\/\/www.arahf.be\/?page_id=4042","url":"https:\/\/www.arahf.be\/?page_id=4042","name":"FONDAMENTAL - Bienvenue \u00e0 l&#039;ARAHF","isPartOf":{"@id":"https:\/\/www.arahf.be\/#website"},"datePublished":"2019-08-26T12:08:20+00:00","dateModified":"2021-12-16T12:36:15+00:00","breadcrumb":{"@id":"https:\/\/www.arahf.be\/?page_id=4042#breadcrumb"},"inLanguage":"fr-FR","potentialAction":[{"@type":"ReadAction","target":["https:\/\/www.arahf.be\/?page_id=4042"]}]},{"@type":"BreadcrumbList","@id":"https:\/\/www.arahf.be\/?page_id=4042#breadcrumb","itemListElement":[{"@type":"ListItem","position":1,"name":"Accueil","item":"https:\/\/www.arahf.be\/"},{"@type":"ListItem","position":2,"name":"FONDAMENTAL"}]},{"@type":"WebSite","@id":"https:\/\/www.arahf.be\/#website","url":"https:\/\/www.arahf.be\/","name":"Bienvenue \u00e0 l&#039;ARAHF","description":"","potentialAction":[{"@type":"SearchAction","target":{"@type":"EntryPoint","urlTemplate":"https:\/\/www.arahf.be\/?s={search_term_string}"},"query-input":{"@type":"PropertyValueSpecification","valueRequired":true,"valueName":"search_term_string"}}],"inLanguage":"fr-FR"}]}},"_links":{"self":[{"href":"https:\/\/www.arahf.be\/index.php?rest_route=\/wp\/v2\/pages\/4042","targetHints":{"allow":["GET"]}}],"collection":[{"href":"https:\/\/www.arahf.be\/index.php?rest_route=\/wp\/v2\/pages"}],"about":[{"href":"https:\/\/www.arahf.be\/index.php?rest_route=\/wp\/v2\/types\/page"}],"author":[{"embeddable":true,"href":"https:\/\/www.arahf.be\/index.php?rest_route=\/wp\/v2\/users\/1"}],"replies":[{"embeddable":true,"href":"https:\/\/www.arahf.be\/index.php?rest_route=%2Fwp%2Fv2%2Fcomments&post=4042"}],"version-history":[{"count":9,"href":"https:\/\/www.arahf.be\/index.php?rest_route=\/wp\/v2\/pages\/4042\/revisions"}],"predecessor-version":[{"id":4655,"href":"https:\/\/www.arahf.be\/index.php?rest_route=\/wp\/v2\/pages\/4042\/revisions\/4655"}],"wp:attachment":[{"href":"https:\/\/www.arahf.be\/index.php?rest_route=%2Fwp%2Fv2%2Fmedia&parent=4042"}],"curies":[{"name":"wp","href":"https:\/\/api.w.org\/{rel}","templated":true}]}}