{"id":4131,"date":"2019-08-29T20:38:51","date_gmt":"2019-08-29T18:38:51","guid":{"rendered":"http:\/\/wp2019.arahf.be\/?page_id=4131"},"modified":"2025-04-18T17:05:47","modified_gmt":"2025-04-18T15:05:47","slug":"immersion-en-langue-allemande","status":"publish","type":"page","link":"https:\/\/www.arahf.be\/?page_id=4131","title":{"rendered":"IMMERSION EN LANGUE ALLEMANDE"},"content":{"rendered":"<p>[vc_row css=&#8221;.vc_custom_1567109754467{margin: 0px !important;padding: 0px !important;border: 0px initial !important;}&#8221;][vc_column][vc_column_text]<b>L&#8217;immersion &#8220;pr\u00e9coce&#8221; <\/b>constitue la continuit\u00e9 de l&#8217;apprentissage de l&#8217;allemand dans le fondamental. Elle s&#8217;adresse aussi aux \u00e9l\u00e8ves germanophones.<\/p>\n<p>Chaque \u00e9l\u00e8ve peut toutefois d\u00e9cider de d\u00e9buter l&#8217;immersion en langue allemande en premi\u00e8re secondaire, il s&#8217;agit de<b> l&#8217;immersion &#8220;tardive&#8221;.\u00a0<\/b><\/p>\n<p>A partir de la 3\u00e8me secondaire, il n&#8217;y a plus de distinction entre l&#8217;immersion tardive et pr\u00e9coce.<\/p>\n<p><span style=\"text-decoration: underline;\"><b>L&#8217;immersion en quelques mots : <\/b><\/span><\/p>\n<p>L\u2019immersion, c\u2019est 4h de cours d\u2019allemand (avec Madame Marganne en 1\u00e8re, Madame Sturtewaegen en 2\u00e8me et 3\u00e8me et Madame Krings en 4-5-6\u00e8me), 2h de g\u00e9ographie en allemand (avec Madame Genten) et 2h d\u2019histoire en allemand (avec Madame Bastin).<\/p>\n<p><strong>Pourquoi choisir l\u2019immersion ?<\/strong><\/p>\n<p>Les langues constituent un v\u00e9ritable atout de nos jours. Que ce soit au niveau professionnel, personnel ou relationnel. De nombreuses possibilit\u00e9s s\u2019offriront \u00e0 votre enfant, qui aura b\u00e9n\u00e9fici\u00e9 d\u2019un apprentissage plus pouss\u00e9 de la langue allemande, ax\u00e9 sur la communication. De plus, votre enfant aura cours dans un plus petit groupe-classe, ce qui permet un apprentissage plus ludique de la langue.<\/p>\n<p>Soyez rassur\u00e9s, il n\u2019y a aucun pr\u00e9requis \u00e0 avoir concernant l\u2019allemand. Les \u00e9l\u00e8ves apprennent et revoient toutes les bases en classe. Au d\u00e9but, les professeurs parleront allemand et fran\u00e7ais afin que tout le monde se sente \u00e0 l\u2019aise et comprenne la mati\u00e8re. Nous suivons nos \u00e9l\u00e8ves de pr\u00e8s et communiquons beaucoup entre professeurs d\u2019immersion. Si, malgr\u00e9 cela, votre enfant se rendait compte que l\u2019immersion n\u2019\u00e9tait pas faite pour lui, il ne s\u2019agit pas d\u2019un choix qui doit \u00eatre d\u00e9finitif. En effet, il est possible de quitter cette section apr\u00e8s chaque ann\u00e9e scolaire.<\/p>\n<p>Si votre enfant manifeste de l\u2019int\u00e9r\u00eat pour cette section, il est donc toujours possible de se lancer dans cette belle aventure, m\u00eame si les cours ont d\u00e9j\u00e0 commenc\u00e9. Veuillez nous contacter avant le 20\/09 pour tout changement d\u2019allemand \u00ab traditionnel \u00bb vers l\u2019allemand en immersion tardive.<\/p>\n<p>Notez \u00e9galement que toutes les options peuvent \u00eatre accompagn\u00e9es de l\u2019immersion.<\/p>\n<p>Pour les grilles horaires, vous pouvez vous rendre dans la section suivante:<\/p>\n<p><a href=\"http:\/\/www.arahf.be\/?page_id=4137\">http:\/\/www.arahf.be\/?page_id=4137<\/a><\/p>\n<table style=\"border-collapse: collapse; width: 100%;\">\n<tbody>\n<tr>\n<td style=\"width: 33.3333%;\"><\/td>\n<td style=\"width: 33.3333%;\"><\/td>\n<td style=\"width: 33.3333%;\"><\/td>\n<\/tr>\n<\/tbody>\n<\/table>\n<p>[\/vc_column_text][vc_separator][\/vc_column][\/vc_row][vc_row][vc_column width=&#8221;1\/2&#8243;][vc_row_inner][vc_column_inner][vc_single_image image=&#8221;9070&#8243; img_size=&#8221;full&#8221;][\/vc_column_inner][\/vc_row_inner][\/vc_column][vc_column width=&#8221;1\/2&#8243;][vc_row_inner][vc_column_inner][vc_single_image image=&#8221;9069&#8243; img_size=&#8221;full&#8221;][\/vc_column_inner][\/vc_row_inner][\/vc_column][\/vc_row][vc_row][vc_column][vc_separator][\/vc_column][\/vc_row][vc_row][vc_column width=&#8221;1\/2&#8243;][vc_row_inner][vc_column_inner width=&#8221;1\/3&#8243;][\/vc_column_inner][\/vc_row_inner][\/vc_column][\/vc_row][vc_row][vc_column][vc_separator][\/vc_column][\/vc_row]<\/p>\n","protected":false},"excerpt":{"rendered":"<p>[vc_row css=&#8221;.vc_custom_1567109754467{margin: 0px !important;padding: 0px !important;border: 0px initial !important;}&#8221;][vc_column][vc_column_text]L&#8217;immersion &#8220;pr\u00e9coce&#8221; constitue la continuit\u00e9 de l&#8217;apprentissage de l&#8217;allemand dans le fondamental. Elle s&#8217;adresse aussi aux \u00e9l\u00e8ves germanophones. Chaque \u00e9l\u00e8ve peut toutefois d\u00e9cider de d\u00e9buter l&#8217;immersion en langue allemande en premi\u00e8re secondaire, il s&#8217;agit de l&#8217;immersion &#8220;tardive&#8221;.\u00a0 A partir de la 3\u00e8me secondaire, il n&#8217;y a plus [&hellip;]<\/p>\n","protected":false},"author":1,"featured_media":0,"parent":0,"menu_order":0,"comment_status":"closed","ping_status":"closed","template":"","meta":{"content-type":"","om_disable_all_campaigns":false,"footnotes":""},"class_list":["post-4131","page","type-page","status-publish","hentry"],"yoast_head":"<!-- This site is optimized with the Yoast SEO plugin v27.4 - https:\/\/yoast.com\/product\/yoast-seo-wordpress\/ -->\n<title>IMMERSION EN LANGUE ALLEMANDE - Bienvenue \u00e0 l&#039;ARAHF<\/title>\n<meta name=\"robots\" content=\"index, follow, max-snippet:-1, max-image-preview:large, max-video-preview:-1\" \/>\n<link rel=\"canonical\" href=\"https:\/\/www.arahf.be\/?page_id=4131\" \/>\n<meta property=\"og:locale\" content=\"fr_FR\" \/>\n<meta property=\"og:type\" content=\"article\" \/>\n<meta property=\"og:title\" content=\"IMMERSION EN LANGUE ALLEMANDE - Bienvenue \u00e0 l&#039;ARAHF\" \/>\n<meta property=\"og:description\" content=\"[vc_row css=&#8221;.vc_custom_1567109754467{margin: 0px !important;padding: 0px !important;border: 0px initial !important;}&#8221;][vc_column][vc_column_text]L&#8217;immersion &#8220;pr\u00e9coce&#8221; constitue la continuit\u00e9 de l&#8217;apprentissage de l&#8217;allemand dans le fondamental. Elle s&#8217;adresse aussi aux \u00e9l\u00e8ves germanophones. Chaque \u00e9l\u00e8ve peut toutefois d\u00e9cider de d\u00e9buter l&#8217;immersion en langue allemande en premi\u00e8re secondaire, il s&#8217;agit de l&#8217;immersion &#8220;tardive&#8221;.\u00a0 A partir de la 3\u00e8me secondaire, il n&#8217;y a plus [&hellip;]\" \/>\n<meta property=\"og:url\" content=\"https:\/\/www.arahf.be\/?page_id=4131\" \/>\n<meta property=\"og:site_name\" content=\"Bienvenue \u00e0 l&#039;ARAHF\" \/>\n<meta property=\"article:modified_time\" content=\"2025-04-18T15:05:47+00:00\" \/>\n<meta name=\"twitter:card\" content=\"summary_large_image\" \/>\n<meta name=\"twitter:label1\" content=\"Dur\u00e9e de lecture estim\u00e9e\" \/>\n\t<meta name=\"twitter:data1\" content=\"2 minutes\" \/>\n<script type=\"application\/ld+json\" class=\"yoast-schema-graph\">{\"@context\":\"https:\\\/\\\/schema.org\",\"@graph\":[{\"@type\":\"WebPage\",\"@id\":\"https:\\\/\\\/www.arahf.be\\\/?page_id=4131\",\"url\":\"https:\\\/\\\/www.arahf.be\\\/?page_id=4131\",\"name\":\"IMMERSION EN LANGUE ALLEMANDE - Bienvenue \u00e0 l&#039;ARAHF\",\"isPartOf\":{\"@id\":\"https:\\\/\\\/www.arahf.be\\\/#website\"},\"datePublished\":\"2019-08-29T18:38:51+00:00\",\"dateModified\":\"2025-04-18T15:05:47+00:00\",\"breadcrumb\":{\"@id\":\"https:\\\/\\\/www.arahf.be\\\/?page_id=4131#breadcrumb\"},\"inLanguage\":\"fr-FR\",\"potentialAction\":[{\"@type\":\"ReadAction\",\"target\":[\"https:\\\/\\\/www.arahf.be\\\/?page_id=4131\"]}]},{\"@type\":\"BreadcrumbList\",\"@id\":\"https:\\\/\\\/www.arahf.be\\\/?page_id=4131#breadcrumb\",\"itemListElement\":[{\"@type\":\"ListItem\",\"position\":1,\"name\":\"Accueil\",\"item\":\"https:\\\/\\\/www.arahf.be\\\/\"},{\"@type\":\"ListItem\",\"position\":2,\"name\":\"IMMERSION EN LANGUE ALLEMANDE\"}]},{\"@type\":\"WebSite\",\"@id\":\"https:\\\/\\\/www.arahf.be\\\/#website\",\"url\":\"https:\\\/\\\/www.arahf.be\\\/\",\"name\":\"Bienvenue \u00e0 l&#039;ARAHF\",\"description\":\"\",\"potentialAction\":[{\"@type\":\"SearchAction\",\"target\":{\"@type\":\"EntryPoint\",\"urlTemplate\":\"https:\\\/\\\/www.arahf.be\\\/?s={search_term_string}\"},\"query-input\":{\"@type\":\"PropertyValueSpecification\",\"valueRequired\":true,\"valueName\":\"search_term_string\"}}],\"inLanguage\":\"fr-FR\"}]}<\/script>\n<!-- \/ Yoast SEO plugin. -->","yoast_head_json":{"title":"IMMERSION EN LANGUE ALLEMANDE - Bienvenue \u00e0 l&#039;ARAHF","robots":{"index":"index","follow":"follow","max-snippet":"max-snippet:-1","max-image-preview":"max-image-preview:large","max-video-preview":"max-video-preview:-1"},"canonical":"https:\/\/www.arahf.be\/?page_id=4131","og_locale":"fr_FR","og_type":"article","og_title":"IMMERSION EN LANGUE ALLEMANDE - Bienvenue \u00e0 l&#039;ARAHF","og_description":"[vc_row css=&#8221;.vc_custom_1567109754467{margin: 0px !important;padding: 0px !important;border: 0px initial !important;}&#8221;][vc_column][vc_column_text]L&#8217;immersion &#8220;pr\u00e9coce&#8221; constitue la continuit\u00e9 de l&#8217;apprentissage de l&#8217;allemand dans le fondamental. Elle s&#8217;adresse aussi aux \u00e9l\u00e8ves germanophones. Chaque \u00e9l\u00e8ve peut toutefois d\u00e9cider de d\u00e9buter l&#8217;immersion en langue allemande en premi\u00e8re secondaire, il s&#8217;agit de l&#8217;immersion &#8220;tardive&#8221;.\u00a0 A partir de la 3\u00e8me secondaire, il n&#8217;y a plus [&hellip;]","og_url":"https:\/\/www.arahf.be\/?page_id=4131","og_site_name":"Bienvenue \u00e0 l&#039;ARAHF","article_modified_time":"2025-04-18T15:05:47+00:00","twitter_card":"summary_large_image","twitter_misc":{"Dur\u00e9e de lecture estim\u00e9e":"2 minutes"},"schema":{"@context":"https:\/\/schema.org","@graph":[{"@type":"WebPage","@id":"https:\/\/www.arahf.be\/?page_id=4131","url":"https:\/\/www.arahf.be\/?page_id=4131","name":"IMMERSION EN LANGUE ALLEMANDE - Bienvenue \u00e0 l&#039;ARAHF","isPartOf":{"@id":"https:\/\/www.arahf.be\/#website"},"datePublished":"2019-08-29T18:38:51+00:00","dateModified":"2025-04-18T15:05:47+00:00","breadcrumb":{"@id":"https:\/\/www.arahf.be\/?page_id=4131#breadcrumb"},"inLanguage":"fr-FR","potentialAction":[{"@type":"ReadAction","target":["https:\/\/www.arahf.be\/?page_id=4131"]}]},{"@type":"BreadcrumbList","@id":"https:\/\/www.arahf.be\/?page_id=4131#breadcrumb","itemListElement":[{"@type":"ListItem","position":1,"name":"Accueil","item":"https:\/\/www.arahf.be\/"},{"@type":"ListItem","position":2,"name":"IMMERSION EN LANGUE ALLEMANDE"}]},{"@type":"WebSite","@id":"https:\/\/www.arahf.be\/#website","url":"https:\/\/www.arahf.be\/","name":"Bienvenue \u00e0 l&#039;ARAHF","description":"","potentialAction":[{"@type":"SearchAction","target":{"@type":"EntryPoint","urlTemplate":"https:\/\/www.arahf.be\/?s={search_term_string}"},"query-input":{"@type":"PropertyValueSpecification","valueRequired":true,"valueName":"search_term_string"}}],"inLanguage":"fr-FR"}]}},"_links":{"self":[{"href":"https:\/\/www.arahf.be\/index.php?rest_route=\/wp\/v2\/pages\/4131","targetHints":{"allow":["GET"]}}],"collection":[{"href":"https:\/\/www.arahf.be\/index.php?rest_route=\/wp\/v2\/pages"}],"about":[{"href":"https:\/\/www.arahf.be\/index.php?rest_route=\/wp\/v2\/types\/page"}],"author":[{"embeddable":true,"href":"https:\/\/www.arahf.be\/index.php?rest_route=\/wp\/v2\/users\/1"}],"replies":[{"embeddable":true,"href":"https:\/\/www.arahf.be\/index.php?rest_route=%2Fwp%2Fv2%2Fcomments&post=4131"}],"version-history":[{"count":26,"href":"https:\/\/www.arahf.be\/index.php?rest_route=\/wp\/v2\/pages\/4131\/revisions"}],"predecessor-version":[{"id":9080,"href":"https:\/\/www.arahf.be\/index.php?rest_route=\/wp\/v2\/pages\/4131\/revisions\/9080"}],"wp:attachment":[{"href":"https:\/\/www.arahf.be\/index.php?rest_route=%2Fwp%2Fv2%2Fmedia&parent=4131"}],"curies":[{"name":"wp","href":"https:\/\/api.w.org\/{rel}","templated":true}]}}