{"id":4137,"date":"2019-08-29T21:02:15","date_gmt":"2019-08-29T19:02:15","guid":{"rendered":"http:\/\/wp2019.arahf.be\/?page_id=4137"},"modified":"2022-03-28T18:13:09","modified_gmt":"2022-03-28T16:13:09","slug":"enseignement-general","status":"publish","type":"page","link":"https:\/\/www.arahf.be\/?page_id=4137","title":{"rendered":"ENSEIGNEMENT G\u00c9N\u00c9RAL"},"content":{"rendered":"<p>[vc_row css=&#8221;.vc_custom_1567109779035{margin: 0px !important;padding: 0px !important;border: 0px initial !important;}&#8221;][vc_column][vc_column_text]Vous trouverez dans ce menu, toutes les grilles des diff\u00e9rents types d&#8217;enseignement et des diff\u00e9rentes options.<\/p>\n<p>D\u00e8s la 3e ann\u00e9e, un large choix d&#8217;options est propos\u00e9. Vous pouvez trouver une fiche explicative de chacune de ces options au bas de cette page. N&#8217;h\u00e9sitez pas \u00e0 les consulter.<\/p>\n<p>Pour voir les grilles, cliquez sur la cat\u00e9gorie souhait\u00e9e.[\/vc_column_text][\/vc_column][\/vc_row][vc_row][vc_column][vc_separator][\/vc_column][\/vc_row][vc_row][vc_column width=&#8221;1\/2&#8243;][vc_row_inner][vc_column_inner width=&#8221;2\/3&#8243;][vc_column_text]<\/p>\n<h3 class=\"el-title uk-margin uk-h4\"><strong><span style=\"font-size: 18pt;\">1\u00e8re\u00a0ann\u00e9e commune<\/span><\/strong><\/h3>\n<div class=\"el-content uk-margin\">\n<p><a href=\"http:\/\/www.arahf.be\/wp-content\/uploads\/2022\/03\/grille-1ere-annee-Malmedy.docx\">grille 1\u00e8re ann\u00e9e Malmedy<\/a><\/p>\n<p><a href=\"http:\/\/www.arahf.be\/wp-content\/uploads\/2022\/03\/grille-1ere-annee-Stavelot.docx\">grille 1\u00e8re ann\u00e9e Stavelot<\/a><\/p>\n<\/div>\n<p>[\/vc_column_text][\/vc_column_inner][vc_column_inner width=&#8221;1\/3&#8243;][\/vc_column_inner][\/vc_row_inner][\/vc_column][vc_column width=&#8221;1\/2&#8243;][vc_row_inner][vc_column_inner width=&#8221;2\/3&#8243;][vc_column_text]<\/p>\n<h3 class=\"el-title uk-margin uk-h4\"><strong><span style=\"font-size: 18pt;\">1\u00e8re\u00a0ann\u00e9e diff\u00e9renci\u00e9e<\/span><\/strong><\/h3>\n<div class=\"el-content uk-margin\">\n<p><a href=\"http:\/\/www.arahf.be\/wp-content\/uploads\/2022\/03\/grille-1er-degre-differencie-Stavelot.docx\">grille 1er degr\u00e9 diff\u00e9renci\u00e9 Stavelot<\/a><\/p>\n<\/div>\n<p>[\/vc_column_text][\/vc_column_inner][vc_column_inner width=&#8221;1\/3&#8243;][\/vc_column_inner][\/vc_row_inner][\/vc_column][\/vc_row][vc_row][vc_column][vc_separator][\/vc_column][\/vc_row][vc_row][vc_column width=&#8221;1\/2&#8243;][vc_row_inner][vc_column_inner width=&#8221;2\/3&#8243;][vc_column_text]<\/p>\n<h3 class=\"el-title uk-margin uk-h4\"><strong><span style=\"font-size: 18pt;\">2<sup>e<\/sup> ann\u00e9e commune<\/span><\/strong><\/h3>\n<div class=\"el-content uk-margin\">\n<p><a href=\"http:\/\/www.arahf.be\/wp-content\/uploads\/2022\/03\/grilles-2eme-annee-Malmedy-1.docx\">grilles 2\u00e8me ann\u00e9e Malmedy<\/a><\/p>\n<p><a href=\"http:\/\/www.arahf.be\/wp-content\/uploads\/2022\/03\/grilles-2eme-annee-Stavelot.docx\">grilles 2\u00e8me ann\u00e9e Stavelot<\/a><\/p>\n<\/div>\n<p>[\/vc_column_text][\/vc_column_inner][vc_column_inner width=&#8221;1\/3&#8243;][\/vc_column_inner][\/vc_row_inner][\/vc_column][vc_column width=&#8221;1\/2&#8243;][vc_row_inner][vc_column_inner width=&#8221;2\/3&#8243;][vc_column_text]<\/p>\n<h3 class=\"el-title uk-margin uk-h4\"><strong><span style=\"font-size: 18pt;\">2<sup>e<\/sup> ann\u00e9e diff\u00e9renci\u00e9e<\/span><\/strong><\/h3>\n<div class=\"el-content uk-margin\">\n<p><a href=\"http:\/\/www.arahf.be\/wp-content\/uploads\/2022\/03\/grille-1er-degre-differencie-Stavelot-1.docx\">grille 1er degr\u00e9 diff\u00e9renci\u00e9 Stavelot<\/a><\/p>\n<\/div>\n<p>[\/vc_column_text][\/vc_column_inner][vc_column_inner width=&#8221;1\/3&#8243;][\/vc_column_inner][\/vc_row_inner][\/vc_column][\/vc_row][vc_row][vc_column][vc_separator][\/vc_column][\/vc_row][vc_row][vc_column width=&#8221;1\/2&#8243;][vc_row_inner][vc_column_inner width=&#8221;2\/3&#8243;][vc_column_text]<\/p>\n<h3><span style=\"font-size: 18pt;\"><strong>2\u00e8me degr\u00e9 (3\u00e8me et 4\u00e8me g\u00e9n\u00e9ral)<\/strong><\/span><\/h3>\n<div class=\"el-content uk-margin\">\n<p><a href=\"http:\/\/www.arahf.be\/wp-content\/uploads\/2022\/03\/grilles-3eme-et-4eme-annees-Malmedy.docx\">grilles 3\u00e8me et 4\u00e8me ann\u00e9es Malmedy<\/a><\/p>\n<p><a href=\"http:\/\/www.arahf.be\/wp-content\/uploads\/2022\/03\/grilles-3eme-et-4eme-annees-Stavelot.docx\">grilles 3\u00e8me et 4\u00e8me ann\u00e9es Stavelot<\/a><\/p>\n<\/div>\n<p>[\/vc_column_text][\/vc_column_inner][vc_column_inner width=&#8221;1\/3&#8243;][\/vc_column_inner][\/vc_row_inner][\/vc_column][vc_column width=&#8221;1\/2&#8243;][vc_row_inner][vc_column_inner width=&#8221;2\/3&#8243;][vc_column_text]<span style=\"font-size: 18pt;\"><strong>3\u00e8me degr\u00e9 (5\u00e8me et 6\u00e8me g\u00e9n\u00e9ral):<\/strong><\/span><\/p>\n<p><a href=\"http:\/\/www.arahf.be\/wp-content\/uploads\/2022\/03\/grilles-5eme-et-6eme-annees-Malmedy.docx\">grilles 5\u00e8me et 6\u00e8me ann\u00e9es Malmedy<\/a><\/p>\n<p><a href=\"http:\/\/www.arahf.be\/wp-content\/uploads\/2022\/03\/grilles-5eme-et-6eme-annees-Stavelot.docx\">grilles 5\u00e8me et 6\u00e8me ann\u00e9es Stavelot<\/a>[\/vc_column_text][\/vc_column_inner][vc_column_inner width=&#8221;1\/3&#8243;][\/vc_column_inner][\/vc_row_inner][\/vc_column][\/vc_row][vc_row][vc_column][vc_separator][\/vc_column][\/vc_row][vc_row][vc_column width=&#8221;1\/2&#8243;][vc_row_inner][vc_column_inner width=&#8221;1\/3&#8243;][\/vc_column_inner][\/vc_row_inner][\/vc_column][\/vc_row][vc_row][vc_column][vc_separator][\/vc_column][\/vc_row]<\/p>\n","protected":false},"excerpt":{"rendered":"<p>[vc_row css=&#8221;.vc_custom_1567109779035{margin: 0px !important;padding: 0px !important;border: 0px initial !important;}&#8221;][vc_column][vc_column_text]Vous trouverez dans ce menu, toutes les grilles des diff\u00e9rents types d&#8217;enseignement et des diff\u00e9rentes options. D\u00e8s la 3e ann\u00e9e, un large choix d&#8217;options est propos\u00e9. Vous pouvez trouver une fiche explicative de chacune de ces options au bas de cette page. N&#8217;h\u00e9sitez pas \u00e0 les consulter. [&hellip;]<\/p>\n","protected":false},"author":1,"featured_media":0,"parent":0,"menu_order":0,"comment_status":"closed","ping_status":"closed","template":"","meta":{"content-type":"","om_disable_all_campaigns":false,"footnotes":""},"class_list":["post-4137","page","type-page","status-publish","hentry"],"yoast_head":"<!-- This site is optimized with the Yoast SEO plugin v27.4 - https:\/\/yoast.com\/product\/yoast-seo-wordpress\/ -->\n<title>ENSEIGNEMENT G\u00c9N\u00c9RAL - Bienvenue \u00e0 l&#039;ARAHF<\/title>\n<meta name=\"robots\" content=\"index, follow, max-snippet:-1, max-image-preview:large, max-video-preview:-1\" \/>\n<link rel=\"canonical\" href=\"https:\/\/www.arahf.be\/?page_id=4137\" \/>\n<meta property=\"og:locale\" content=\"fr_FR\" \/>\n<meta property=\"og:type\" content=\"article\" \/>\n<meta property=\"og:title\" content=\"ENSEIGNEMENT G\u00c9N\u00c9RAL - Bienvenue \u00e0 l&#039;ARAHF\" \/>\n<meta property=\"og:description\" content=\"[vc_row css=&#8221;.vc_custom_1567109779035{margin: 0px !important;padding: 0px !important;border: 0px initial !important;}&#8221;][vc_column][vc_column_text]Vous trouverez dans ce menu, toutes les grilles des diff\u00e9rents types d&#8217;enseignement et des diff\u00e9rentes options. D\u00e8s la 3e ann\u00e9e, un large choix d&#8217;options est propos\u00e9. Vous pouvez trouver une fiche explicative de chacune de ces options au bas de cette page. N&#8217;h\u00e9sitez pas \u00e0 les consulter. [&hellip;]\" \/>\n<meta property=\"og:url\" content=\"https:\/\/www.arahf.be\/?page_id=4137\" \/>\n<meta property=\"og:site_name\" content=\"Bienvenue \u00e0 l&#039;ARAHF\" \/>\n<meta property=\"article:modified_time\" content=\"2022-03-28T16:13:09+00:00\" \/>\n<meta name=\"twitter:card\" content=\"summary_large_image\" \/>\n<meta name=\"twitter:label1\" content=\"Dur\u00e9e de lecture estim\u00e9e\" \/>\n\t<meta name=\"twitter:data1\" content=\"2 minutes\" \/>\n<script type=\"application\/ld+json\" class=\"yoast-schema-graph\">{\"@context\":\"https:\\\/\\\/schema.org\",\"@graph\":[{\"@type\":\"WebPage\",\"@id\":\"https:\\\/\\\/www.arahf.be\\\/?page_id=4137\",\"url\":\"https:\\\/\\\/www.arahf.be\\\/?page_id=4137\",\"name\":\"ENSEIGNEMENT G\u00c9N\u00c9RAL - Bienvenue \u00e0 l&#039;ARAHF\",\"isPartOf\":{\"@id\":\"https:\\\/\\\/www.arahf.be\\\/#website\"},\"datePublished\":\"2019-08-29T19:02:15+00:00\",\"dateModified\":\"2022-03-28T16:13:09+00:00\",\"breadcrumb\":{\"@id\":\"https:\\\/\\\/www.arahf.be\\\/?page_id=4137#breadcrumb\"},\"inLanguage\":\"fr-FR\",\"potentialAction\":[{\"@type\":\"ReadAction\",\"target\":[\"https:\\\/\\\/www.arahf.be\\\/?page_id=4137\"]}]},{\"@type\":\"BreadcrumbList\",\"@id\":\"https:\\\/\\\/www.arahf.be\\\/?page_id=4137#breadcrumb\",\"itemListElement\":[{\"@type\":\"ListItem\",\"position\":1,\"name\":\"Accueil\",\"item\":\"https:\\\/\\\/www.arahf.be\\\/\"},{\"@type\":\"ListItem\",\"position\":2,\"name\":\"ENSEIGNEMENT G\u00c9N\u00c9RAL\"}]},{\"@type\":\"WebSite\",\"@id\":\"https:\\\/\\\/www.arahf.be\\\/#website\",\"url\":\"https:\\\/\\\/www.arahf.be\\\/\",\"name\":\"Bienvenue \u00e0 l&#039;ARAHF\",\"description\":\"\",\"potentialAction\":[{\"@type\":\"SearchAction\",\"target\":{\"@type\":\"EntryPoint\",\"urlTemplate\":\"https:\\\/\\\/www.arahf.be\\\/?s={search_term_string}\"},\"query-input\":{\"@type\":\"PropertyValueSpecification\",\"valueRequired\":true,\"valueName\":\"search_term_string\"}}],\"inLanguage\":\"fr-FR\"}]}<\/script>\n<!-- \/ Yoast SEO plugin. -->","yoast_head_json":{"title":"ENSEIGNEMENT G\u00c9N\u00c9RAL - Bienvenue \u00e0 l&#039;ARAHF","robots":{"index":"index","follow":"follow","max-snippet":"max-snippet:-1","max-image-preview":"max-image-preview:large","max-video-preview":"max-video-preview:-1"},"canonical":"https:\/\/www.arahf.be\/?page_id=4137","og_locale":"fr_FR","og_type":"article","og_title":"ENSEIGNEMENT G\u00c9N\u00c9RAL - Bienvenue \u00e0 l&#039;ARAHF","og_description":"[vc_row css=&#8221;.vc_custom_1567109779035{margin: 0px !important;padding: 0px !important;border: 0px initial !important;}&#8221;][vc_column][vc_column_text]Vous trouverez dans ce menu, toutes les grilles des diff\u00e9rents types d&#8217;enseignement et des diff\u00e9rentes options. D\u00e8s la 3e ann\u00e9e, un large choix d&#8217;options est propos\u00e9. Vous pouvez trouver une fiche explicative de chacune de ces options au bas de cette page. N&#8217;h\u00e9sitez pas \u00e0 les consulter. [&hellip;]","og_url":"https:\/\/www.arahf.be\/?page_id=4137","og_site_name":"Bienvenue \u00e0 l&#039;ARAHF","article_modified_time":"2022-03-28T16:13:09+00:00","twitter_card":"summary_large_image","twitter_misc":{"Dur\u00e9e de lecture estim\u00e9e":"2 minutes"},"schema":{"@context":"https:\/\/schema.org","@graph":[{"@type":"WebPage","@id":"https:\/\/www.arahf.be\/?page_id=4137","url":"https:\/\/www.arahf.be\/?page_id=4137","name":"ENSEIGNEMENT G\u00c9N\u00c9RAL - Bienvenue \u00e0 l&#039;ARAHF","isPartOf":{"@id":"https:\/\/www.arahf.be\/#website"},"datePublished":"2019-08-29T19:02:15+00:00","dateModified":"2022-03-28T16:13:09+00:00","breadcrumb":{"@id":"https:\/\/www.arahf.be\/?page_id=4137#breadcrumb"},"inLanguage":"fr-FR","potentialAction":[{"@type":"ReadAction","target":["https:\/\/www.arahf.be\/?page_id=4137"]}]},{"@type":"BreadcrumbList","@id":"https:\/\/www.arahf.be\/?page_id=4137#breadcrumb","itemListElement":[{"@type":"ListItem","position":1,"name":"Accueil","item":"https:\/\/www.arahf.be\/"},{"@type":"ListItem","position":2,"name":"ENSEIGNEMENT G\u00c9N\u00c9RAL"}]},{"@type":"WebSite","@id":"https:\/\/www.arahf.be\/#website","url":"https:\/\/www.arahf.be\/","name":"Bienvenue \u00e0 l&#039;ARAHF","description":"","potentialAction":[{"@type":"SearchAction","target":{"@type":"EntryPoint","urlTemplate":"https:\/\/www.arahf.be\/?s={search_term_string}"},"query-input":{"@type":"PropertyValueSpecification","valueRequired":true,"valueName":"search_term_string"}}],"inLanguage":"fr-FR"}]}},"_links":{"self":[{"href":"https:\/\/www.arahf.be\/index.php?rest_route=\/wp\/v2\/pages\/4137","targetHints":{"allow":["GET"]}}],"collection":[{"href":"https:\/\/www.arahf.be\/index.php?rest_route=\/wp\/v2\/pages"}],"about":[{"href":"https:\/\/www.arahf.be\/index.php?rest_route=\/wp\/v2\/types\/page"}],"author":[{"embeddable":true,"href":"https:\/\/www.arahf.be\/index.php?rest_route=\/wp\/v2\/users\/1"}],"replies":[{"embeddable":true,"href":"https:\/\/www.arahf.be\/index.php?rest_route=%2Fwp%2Fv2%2Fcomments&post=4137"}],"version-history":[{"count":20,"href":"https:\/\/www.arahf.be\/index.php?rest_route=\/wp\/v2\/pages\/4137\/revisions"}],"predecessor-version":[{"id":4754,"href":"https:\/\/www.arahf.be\/index.php?rest_route=\/wp\/v2\/pages\/4137\/revisions\/4754"}],"wp:attachment":[{"href":"https:\/\/www.arahf.be\/index.php?rest_route=%2Fwp%2Fv2%2Fmedia&parent=4137"}],"curies":[{"name":"wp","href":"https:\/\/api.w.org\/{rel}","templated":true}]}}