{"id":4148,"date":"2019-08-29T21:42:54","date_gmt":"2019-08-29T19:42:54","guid":{"rendered":"http:\/\/wp2019.arahf.be\/?page_id=4148"},"modified":"2025-04-18T17:29:34","modified_gmt":"2025-04-18T15:29:34","slug":"options-et-grilles-2","status":"publish","type":"page","link":"https:\/\/www.arahf.be\/?page_id=4148","title":{"rendered":"OPTIONS ET GRILLES"},"content":{"rendered":"<p>[vc_row][vc_column width=&#8221;1\/3&#8243;][vc_column_text]<a href=\"http:\/\/www.arahf.be\/wp-content\/uploads\/2025\/04\/grille-1ere-annee.pdf\">grille 1\u00e8re ann\u00e9e<\/a><\/p>\n<p><a href=\"http:\/\/www.arahf.be\/wp-content\/uploads\/2025\/04\/grille-1er-degre-differencie.pdf\">grille 1er degr\u00e9 diff\u00e9renci\u00e9<\/a>[\/vc_column_text][\/vc_column][vc_column width=&#8221;1\/3&#8243;][vc_column_text]<a href=\"http:\/\/www.arahf.be\/wp-content\/uploads\/2025\/04\/grille-2e-annee.pdf\">grille 2e ann\u00e9e<\/a>[\/vc_column_text][vc_column_text]<a href=\"http:\/\/www.arahf.be\/wp-content\/uploads\/2025\/04\/grille-3-4-STVT.pdf\">grille 3-4 STVT<\/a>[\/vc_column_text][\/vc_column][vc_column width=&#8221;1\/3&#8243;][vc_column_text]<a href=\"http:\/\/www.arahf.be\/wp-content\/uploads\/2025\/04\/grille-5-et-6.pdf\">grille 5 et 6<\/a><\/p>\n<p><a href=\"http:\/\/www.arahf.be\/wp-content\/uploads\/2025\/04\/Enseignement-technique-de-qualification-grilles-malmedy-1.docx\">Enseignement technique de qualification grilles malmedy (1)<\/a>[\/vc_column_text][\/vc_column][\/vc_row][vc_row][vc_column width=&#8221;1\/2&#8243;][vc_raw_html]JTNDaWZyYW1lJTIwc3JjJTNEJTIyaHR0cHMlM0ElMkYlMkZhcmFoZmJlLW15LnNoYXJlcG9pbnQuY29tJTJGcGVyc29uYWwlMkZzdGVwaGFueV93ZXJ0el9hcmFoZl9iZSUyRl9sYXlvdXRzJTJGMTUlMkZEb2MuYXNweCUzRnNvdXJjZWRvYyUzRCU3QmYxNjE0N2YxLWM4NjctNGEyOS1iMmU4LWE0MjVjYjAxNDFmZCU3RCUyNmFtcCUzQmFjdGlvbiUzRGVtYmVkdmlldyUyNmFtcCUzQndkQXIlM0QxLjc3Nzc3Nzc3Nzc3Nzc3NzclMjIlMjB3aWR0aCUzRCUyMjQ3NnB4JTIyJTIwaGVpZ2h0JTNEJTIyMjg4cHglMjIlMjBmcmFtZWJvcmRlciUzRCUyMjAlMjIlM0VDZWNpJTIwZXN0JTIwdW4lMjBwciVDMyVBOXNlbnRhdGlvbiUyMCUzQ2ElMjB0YXJnZXQlM0QlMjJfYmxhbmslMjIlMjBocmVmJTNEJTIyaHR0cHMlM0ElMkYlMkZvZmZpY2UuY29tJTIyJTNFTWljcm9zb2Z0JTIwT2ZmaWNlJTNDJTJGYSUzRSUyMGluY29ycG9yJUMzJUE5JTJDJTIwYXZlYyUyMCUzQ2ElMjB0YXJnZXQlM0QlMjJfYmxhbmslMjIlMjBocmVmJTNEJTIyaHR0cHMlM0ElMkYlMkZvZmZpY2UuY29tJTJGd2ViYXBwcyUyMiUzRU9mZmljZSUzQyUyRmElM0UuJTNDJTJGaWZyYW1lJTNF[\/vc_raw_html][\/vc_column][vc_column width=&#8221;1\/2&#8243;][vc_raw_html]JTNDaWZyYW1lJTIwc3JjJTNEJTIyaHR0cHMlM0ElMkYlMkYxZHJ2Lm1zJTJGcCUyRmMlMkZhODE1Nzg5MDliMTZkMjc0JTJGSVFSYlVsUnBYYmJBUzVXZUxhYnBHSExDQVdlN2VtOFI3bEN5UC1ySlpucHl3VFElM0ZlbSUzRDIlMjZhbXAlM0J3ZEFyJTNEMS43Nzc3Nzc3Nzc3Nzc3Nzc3JTIyJTIwd2lkdGglM0QlMjI0NzZweCUyMiUyMGhlaWdodCUzRCUyMjI4OHB4JTIyJTIwZnJhbWVib3JkZXIlM0QlMjIwJTIyJTNFQ2VjaSUyMGVzdCUyMHVuZSUyMHByJUMzJUE5c2VudGF0aW9uJTIwJTNDYSUyMHRhcmdldCUzRCUyMl9ibGFuayUyMiUyMGhyZWYlM0QlMjJodHRwcyUzQSUyRiUyRm9mZmljZS5jb20lMjIlM0VNaWNyb3NvZnQlMjBPZmZpY2UlM0MlMkZhJTNFJTIwaW5jb3Jwb3IlQzMlQTklMkMlMjBhdmVjJTIwJTNDYSUyMHRhcmdldCUzRCUyMl9ibGFuayUyMiUyMGhyZWYlM0QlMjJodHRwcyUzQSUyRiUyRm9mZmljZS5jb20lMkZ3ZWJhcHBzJTIyJTNFT2ZmaWNlJTNDJTJGYSUzRS4lM0MlMkZpZnJhbWUlM0U=[\/vc_raw_html][\/vc_column][\/vc_row]<\/p>\n","protected":false},"excerpt":{"rendered":"<p>[vc_row][vc_column width=&#8221;1\/3&#8243;][vc_column_text]grille 1\u00e8re ann\u00e9e grille 1er degr\u00e9 diff\u00e9renci\u00e9[\/vc_column_text][\/vc_column][vc_column width=&#8221;1\/3&#8243;][vc_column_text]grille 2e ann\u00e9e[\/vc_column_text][vc_column_text]grille 3-4 STVT[\/vc_column_text][\/vc_column][vc_column width=&#8221;1\/3&#8243;][vc_column_text]grille 5 et 6 Enseignement technique de qualification grilles malmedy (1)[\/vc_column_text][\/vc_column][\/vc_row][vc_row][vc_column width=&#8221;1\/2&#8243;][vc_raw_html]JTNDaWZyYW1lJTIwc3JjJTNEJTIyaHR0cHMlM0ElMkYlMkZhcmFoZmJlLW15LnNoYXJlcG9pbnQuY29tJTJGcGVyc29uYWwlMkZzdGVwaGFueV93ZXJ0el9hcmFoZl9iZSUyRl9sYXlvdXRzJTJGMTUlMkZEb2MuYXNweCUzRnNvdXJjZWRvYyUzRCU3QmYxNjE0N2YxLWM4NjctNGEyOS1iMmU4LWE0MjVjYjAxNDFmZCU3RCUyNmFtcCUzQmFjdGlvbiUzRGVtYmVkdmlldyUyNmFtcCUzQndkQXIlM0QxLjc3Nzc3Nzc3Nzc3Nzc3NzclMjIlMjB3aWR0aCUzRCUyMjQ3NnB4JTIyJTIwaGVpZ2h0JTNEJTIyMjg4cHglMjIlMjBmcmFtZWJvcmRlciUzRCUyMjAlMjIlM0VDZWNpJTIwZXN0JTIwdW4lMjBwciVDMyVBOXNlbnRhdGlvbiUyMCUzQ2ElMjB0YXJnZXQlM0QlMjJfYmxhbmslMjIlMjBocmVmJTNEJTIyaHR0cHMlM0ElMkYlMkZvZmZpY2UuY29tJTIyJTNFTWljcm9zb2Z0JTIwT2ZmaWNlJTNDJTJGYSUzRSUyMGluY29ycG9yJUMzJUE5JTJDJTIwYXZlYyUyMCUzQ2ElMjB0YXJnZXQlM0QlMjJfYmxhbmslMjIlMjBocmVmJTNEJTIyaHR0cHMlM0ElMkYlMkZvZmZpY2UuY29tJTJGd2ViYXBwcyUyMiUzRU9mZmljZSUzQyUyRmElM0UuJTNDJTJGaWZyYW1lJTNF[\/vc_raw_html][\/vc_column][vc_column width=&#8221;1\/2&#8243;][vc_raw_html]JTNDaWZyYW1lJTIwc3JjJTNEJTIyaHR0cHMlM0ElMkYlMkYxZHJ2Lm1zJTJGcCUyRmMlMkZhODE1Nzg5MDliMTZkMjc0JTJGSVFSYlVsUnBYYmJBUzVXZUxhYnBHSExDQVdlN2VtOFI3bEN5UC1ySlpucHl3VFElM0ZlbSUzRDIlMjZhbXAlM0J3ZEFyJTNEMS43Nzc3Nzc3Nzc3Nzc3Nzc3JTIyJTIwd2lkdGglM0QlMjI0NzZweCUyMiUyMGhlaWdodCUzRCUyMjI4OHB4JTIyJTIwZnJhbWVib3JkZXIlM0QlMjIwJTIyJTNFQ2VjaSUyMGVzdCUyMHVuZSUyMHByJUMzJUE5c2VudGF0aW9uJTIwJTNDYSUyMHRhcmdldCUzRCUyMl9ibGFuayUyMiUyMGhyZWYlM0QlMjJodHRwcyUzQSUyRiUyRm9mZmljZS5jb20lMjIlM0VNaWNyb3NvZnQlMjBPZmZpY2UlM0MlMkZhJTNFJTIwaW5jb3Jwb3IlQzMlQTklMkMlMjBhdmVjJTIwJTNDYSUyMHRhcmdldCUzRCUyMl9ibGFuayUyMiUyMGhyZWYlM0QlMjJodHRwcyUzQSUyRiUyRm9mZmljZS5jb20lMkZ3ZWJhcHBzJTIyJTNFT2ZmaWNlJTNDJTJGYSUzRS4lM0MlMkZpZnJhbWUlM0U=[\/vc_raw_html][\/vc_column][\/vc_row]<\/p>\n","protected":false},"author":1,"featured_media":0,"parent":0,"menu_order":0,"comment_status":"closed","ping_status":"closed","template":"","meta":{"content-type":"","om_disable_all_campaigns":false,"footnotes":""},"class_list":["post-4148","page","type-page","status-publish","hentry"],"yoast_head":"<!-- This site is optimized with the Yoast SEO plugin v27.4 - https:\/\/yoast.com\/product\/yoast-seo-wordpress\/ -->\n<title>OPTIONS ET GRILLES - Bienvenue \u00e0 l&#039;ARAHF<\/title>\n<meta name=\"robots\" content=\"index, follow, max-snippet:-1, max-image-preview:large, max-video-preview:-1\" \/>\n<link rel=\"canonical\" href=\"https:\/\/www.arahf.be\/?page_id=4148\" \/>\n<meta property=\"og:locale\" content=\"fr_FR\" \/>\n<meta property=\"og:type\" content=\"article\" \/>\n<meta property=\"og:title\" content=\"OPTIONS ET GRILLES - Bienvenue \u00e0 l&#039;ARAHF\" \/>\n<meta property=\"og:description\" content=\"[vc_row][vc_column width=&#8221;1\/3&#8243;][vc_column_text]grille 1\u00e8re ann\u00e9e grille 1er degr\u00e9 diff\u00e9renci\u00e9[\/vc_column_text][\/vc_column][vc_column width=&#8221;1\/3&#8243;][vc_column_text]grille 2e ann\u00e9e[\/vc_column_text][vc_column_text]grille 3-4 STVT[\/vc_column_text][\/vc_column][vc_column width=&#8221;1\/3&#8243;][vc_column_text]grille 5 et 6 Enseignement technique de qualification grilles malmedy (1)[\/vc_column_text][\/vc_column][\/vc_row][vc_row][vc_column width=&#8221;1\/2&#8243;][vc_raw_html]JTNDaWZyYW1lJTIwc3JjJTNEJTIyaHR0cHMlM0ElMkYlMkZhcmFoZmJlLW15LnNoYXJlcG9pbnQuY29tJTJGcGVyc29uYWwlMkZzdGVwaGFueV93ZXJ0el9hcmFoZl9iZSUyRl9sYXlvdXRzJTJGMTUlMkZEb2MuYXNweCUzRnNvdXJjZWRvYyUzRCU3QmYxNjE0N2YxLWM4NjctNGEyOS1iMmU4LWE0MjVjYjAxNDFmZCU3RCUyNmFtcCUzQmFjdGlvbiUzRGVtYmVkdmlldyUyNmFtcCUzQndkQXIlM0QxLjc3Nzc3Nzc3Nzc3Nzc3NzclMjIlMjB3aWR0aCUzRCUyMjQ3NnB4JTIyJTIwaGVpZ2h0JTNEJTIyMjg4cHglMjIlMjBmcmFtZWJvcmRlciUzRCUyMjAlMjIlM0VDZWNpJTIwZXN0JTIwdW4lMjBwciVDMyVBOXNlbnRhdGlvbiUyMCUzQ2ElMjB0YXJnZXQlM0QlMjJfYmxhbmslMjIlMjBocmVmJTNEJTIyaHR0cHMlM0ElMkYlMkZvZmZpY2UuY29tJTIyJTNFTWljcm9zb2Z0JTIwT2ZmaWNlJTNDJTJGYSUzRSUyMGluY29ycG9yJUMzJUE5JTJDJTIwYXZlYyUyMCUzQ2ElMjB0YXJnZXQlM0QlMjJfYmxhbmslMjIlMjBocmVmJTNEJTIyaHR0cHMlM0ElMkYlMkZvZmZpY2UuY29tJTJGd2ViYXBwcyUyMiUzRU9mZmljZSUzQyUyRmElM0UuJTNDJTJGaWZyYW1lJTNF[\/vc_raw_html][\/vc_column][vc_column width=&#8221;1\/2&#8243;][vc_raw_html]JTNDaWZyYW1lJTIwc3JjJTNEJTIyaHR0cHMlM0ElMkYlMkYxZHJ2Lm1zJTJGcCUyRmMlMkZhODE1Nzg5MDliMTZkMjc0JTJGSVFSYlVsUnBYYmJBUzVXZUxhYnBHSExDQVdlN2VtOFI3bEN5UC1ySlpucHl3VFElM0ZlbSUzRDIlMjZhbXAlM0J3ZEFyJTNEMS43Nzc3Nzc3Nzc3Nzc3Nzc3JTIyJTIwd2lkdGglM0QlMjI0NzZweCUyMiUyMGhlaWdodCUzRCUyMjI4OHB4JTIyJTIwZnJhbWVib3JkZXIlM0QlMjIwJTIyJTNFQ2VjaSUyMGVzdCUyMHVuZSUyMHByJUMzJUE5c2VudGF0aW9uJTIwJTNDYSUyMHRhcmdldCUzRCUyMl9ibGFuayUyMiUyMGhyZWYlM0QlMjJodHRwcyUzQSUyRiUyRm9mZmljZS5jb20lMjIlM0VNaWNyb3NvZnQlMjBPZmZpY2UlM0MlMkZhJTNFJTIwaW5jb3Jwb3IlQzMlQTklMkMlMjBhdmVjJTIwJTNDYSUyMHRhcmdldCUzRCUyMl9ibGFuayUyMiUyMGhyZWYlM0QlMjJodHRwcyUzQSUyRiUyRm9mZmljZS5jb20lMkZ3ZWJhcHBzJTIyJTNFT2ZmaWNlJTNDJTJGYSUzRS4lM0MlMkZpZnJhbWUlM0U=[\/vc_raw_html][\/vc_column][\/vc_row]\" \/>\n<meta property=\"og:url\" content=\"https:\/\/www.arahf.be\/?page_id=4148\" \/>\n<meta property=\"og:site_name\" content=\"Bienvenue \u00e0 l&#039;ARAHF\" \/>\n<meta property=\"article:modified_time\" content=\"2025-04-18T15:29:34+00:00\" \/>\n<meta name=\"twitter:card\" content=\"summary_large_image\" \/>\n<meta name=\"twitter:label1\" content=\"Dur\u00e9e de lecture estim\u00e9e\" \/>\n\t<meta name=\"twitter:data1\" content=\"1 minute\" \/>\n<script type=\"application\/ld+json\" class=\"yoast-schema-graph\">{\"@context\":\"https:\\\/\\\/schema.org\",\"@graph\":[{\"@type\":\"WebPage\",\"@id\":\"https:\\\/\\\/www.arahf.be\\\/?page_id=4148\",\"url\":\"https:\\\/\\\/www.arahf.be\\\/?page_id=4148\",\"name\":\"OPTIONS ET GRILLES - Bienvenue \u00e0 l&#039;ARAHF\",\"isPartOf\":{\"@id\":\"https:\\\/\\\/www.arahf.be\\\/#website\"},\"datePublished\":\"2019-08-29T19:42:54+00:00\",\"dateModified\":\"2025-04-18T15:29:34+00:00\",\"breadcrumb\":{\"@id\":\"https:\\\/\\\/www.arahf.be\\\/?page_id=4148#breadcrumb\"},\"inLanguage\":\"fr-FR\",\"potentialAction\":[{\"@type\":\"ReadAction\",\"target\":[\"https:\\\/\\\/www.arahf.be\\\/?page_id=4148\"]}]},{\"@type\":\"BreadcrumbList\",\"@id\":\"https:\\\/\\\/www.arahf.be\\\/?page_id=4148#breadcrumb\",\"itemListElement\":[{\"@type\":\"ListItem\",\"position\":1,\"name\":\"Accueil\",\"item\":\"https:\\\/\\\/www.arahf.be\\\/\"},{\"@type\":\"ListItem\",\"position\":2,\"name\":\"OPTIONS ET GRILLES\"}]},{\"@type\":\"WebSite\",\"@id\":\"https:\\\/\\\/www.arahf.be\\\/#website\",\"url\":\"https:\\\/\\\/www.arahf.be\\\/\",\"name\":\"Bienvenue \u00e0 l&#039;ARAHF\",\"description\":\"\",\"potentialAction\":[{\"@type\":\"SearchAction\",\"target\":{\"@type\":\"EntryPoint\",\"urlTemplate\":\"https:\\\/\\\/www.arahf.be\\\/?s={search_term_string}\"},\"query-input\":{\"@type\":\"PropertyValueSpecification\",\"valueRequired\":true,\"valueName\":\"search_term_string\"}}],\"inLanguage\":\"fr-FR\"}]}<\/script>\n<!-- \/ Yoast SEO plugin. -->","yoast_head_json":{"title":"OPTIONS ET GRILLES - Bienvenue \u00e0 l&#039;ARAHF","robots":{"index":"index","follow":"follow","max-snippet":"max-snippet:-1","max-image-preview":"max-image-preview:large","max-video-preview":"max-video-preview:-1"},"canonical":"https:\/\/www.arahf.be\/?page_id=4148","og_locale":"fr_FR","og_type":"article","og_title":"OPTIONS ET GRILLES - Bienvenue \u00e0 l&#039;ARAHF","og_description":"[vc_row][vc_column width=&#8221;1\/3&#8243;][vc_column_text]grille 1\u00e8re ann\u00e9e grille 1er degr\u00e9 diff\u00e9renci\u00e9[\/vc_column_text][\/vc_column][vc_column width=&#8221;1\/3&#8243;][vc_column_text]grille 2e ann\u00e9e[\/vc_column_text][vc_column_text]grille 3-4 STVT[\/vc_column_text][\/vc_column][vc_column width=&#8221;1\/3&#8243;][vc_column_text]grille 5 et 6 Enseignement technique de qualification grilles malmedy (1)[\/vc_column_text][\/vc_column][\/vc_row][vc_row][vc_column width=&#8221;1\/2&#8243;][vc_raw_html]JTNDaWZyYW1lJTIwc3JjJTNEJTIyaHR0cHMlM0ElMkYlMkZhcmFoZmJlLW15LnNoYXJlcG9pbnQuY29tJTJGcGVyc29uYWwlMkZzdGVwaGFueV93ZXJ0el9hcmFoZl9iZSUyRl9sYXlvdXRzJTJGMTUlMkZEb2MuYXNweCUzRnNvdXJjZWRvYyUzRCU3QmYxNjE0N2YxLWM4NjctNGEyOS1iMmU4LWE0MjVjYjAxNDFmZCU3RCUyNmFtcCUzQmFjdGlvbiUzRGVtYmVkdmlldyUyNmFtcCUzQndkQXIlM0QxLjc3Nzc3Nzc3Nzc3Nzc3NzclMjIlMjB3aWR0aCUzRCUyMjQ3NnB4JTIyJTIwaGVpZ2h0JTNEJTIyMjg4cHglMjIlMjBmcmFtZWJvcmRlciUzRCUyMjAlMjIlM0VDZWNpJTIwZXN0JTIwdW4lMjBwciVDMyVBOXNlbnRhdGlvbiUyMCUzQ2ElMjB0YXJnZXQlM0QlMjJfYmxhbmslMjIlMjBocmVmJTNEJTIyaHR0cHMlM0ElMkYlMkZvZmZpY2UuY29tJTIyJTNFTWljcm9zb2Z0JTIwT2ZmaWNlJTNDJTJGYSUzRSUyMGluY29ycG9yJUMzJUE5JTJDJTIwYXZlYyUyMCUzQ2ElMjB0YXJnZXQlM0QlMjJfYmxhbmslMjIlMjBocmVmJTNEJTIyaHR0cHMlM0ElMkYlMkZvZmZpY2UuY29tJTJGd2ViYXBwcyUyMiUzRU9mZmljZSUzQyUyRmElM0UuJTNDJTJGaWZyYW1lJTNF[\/vc_raw_html][\/vc_column][vc_column width=&#8221;1\/2&#8243;][vc_raw_html]JTNDaWZyYW1lJTIwc3JjJTNEJTIyaHR0cHMlM0ElMkYlMkYxZHJ2Lm1zJTJGcCUyRmMlMkZhODE1Nzg5MDliMTZkMjc0JTJGSVFSYlVsUnBYYmJBUzVXZUxhYnBHSExDQVdlN2VtOFI3bEN5UC1ySlpucHl3VFElM0ZlbSUzRDIlMjZhbXAlM0J3ZEFyJTNEMS43Nzc3Nzc3Nzc3Nzc3Nzc3JTIyJTIwd2lkdGglM0QlMjI0NzZweCUyMiUyMGhlaWdodCUzRCUyMjI4OHB4JTIyJTIwZnJhbWVib3JkZXIlM0QlMjIwJTIyJTNFQ2VjaSUyMGVzdCUyMHVuZSUyMHByJUMzJUE5c2VudGF0aW9uJTIwJTNDYSUyMHRhcmdldCUzRCUyMl9ibGFuayUyMiUyMGhyZWYlM0QlMjJodHRwcyUzQSUyRiUyRm9mZmljZS5jb20lMjIlM0VNaWNyb3NvZnQlMjBPZmZpY2UlM0MlMkZhJTNFJTIwaW5jb3Jwb3IlQzMlQTklMkMlMjBhdmVjJTIwJTNDYSUyMHRhcmdldCUzRCUyMl9ibGFuayUyMiUyMGhyZWYlM0QlMjJodHRwcyUzQSUyRiUyRm9mZmljZS5jb20lMkZ3ZWJhcHBzJTIyJTNFT2ZmaWNlJTNDJTJGYSUzRS4lM0MlMkZpZnJhbWUlM0U=[\/vc_raw_html][\/vc_column][\/vc_row]","og_url":"https:\/\/www.arahf.be\/?page_id=4148","og_site_name":"Bienvenue \u00e0 l&#039;ARAHF","article_modified_time":"2025-04-18T15:29:34+00:00","twitter_card":"summary_large_image","twitter_misc":{"Dur\u00e9e de lecture estim\u00e9e":"1 minute"},"schema":{"@context":"https:\/\/schema.org","@graph":[{"@type":"WebPage","@id":"https:\/\/www.arahf.be\/?page_id=4148","url":"https:\/\/www.arahf.be\/?page_id=4148","name":"OPTIONS ET GRILLES - Bienvenue \u00e0 l&#039;ARAHF","isPartOf":{"@id":"https:\/\/www.arahf.be\/#website"},"datePublished":"2019-08-29T19:42:54+00:00","dateModified":"2025-04-18T15:29:34+00:00","breadcrumb":{"@id":"https:\/\/www.arahf.be\/?page_id=4148#breadcrumb"},"inLanguage":"fr-FR","potentialAction":[{"@type":"ReadAction","target":["https:\/\/www.arahf.be\/?page_id=4148"]}]},{"@type":"BreadcrumbList","@id":"https:\/\/www.arahf.be\/?page_id=4148#breadcrumb","itemListElement":[{"@type":"ListItem","position":1,"name":"Accueil","item":"https:\/\/www.arahf.be\/"},{"@type":"ListItem","position":2,"name":"OPTIONS ET GRILLES"}]},{"@type":"WebSite","@id":"https:\/\/www.arahf.be\/#website","url":"https:\/\/www.arahf.be\/","name":"Bienvenue \u00e0 l&#039;ARAHF","description":"","potentialAction":[{"@type":"SearchAction","target":{"@type":"EntryPoint","urlTemplate":"https:\/\/www.arahf.be\/?s={search_term_string}"},"query-input":{"@type":"PropertyValueSpecification","valueRequired":true,"valueName":"search_term_string"}}],"inLanguage":"fr-FR"}]}},"_links":{"self":[{"href":"https:\/\/www.arahf.be\/index.php?rest_route=\/wp\/v2\/pages\/4148","targetHints":{"allow":["GET"]}}],"collection":[{"href":"https:\/\/www.arahf.be\/index.php?rest_route=\/wp\/v2\/pages"}],"about":[{"href":"https:\/\/www.arahf.be\/index.php?rest_route=\/wp\/v2\/types\/page"}],"author":[{"embeddable":true,"href":"https:\/\/www.arahf.be\/index.php?rest_route=\/wp\/v2\/users\/1"}],"replies":[{"embeddable":true,"href":"https:\/\/www.arahf.be\/index.php?rest_route=%2Fwp%2Fv2%2Fcomments&post=4148"}],"version-history":[{"count":5,"href":"https:\/\/www.arahf.be\/index.php?rest_route=\/wp\/v2\/pages\/4148\/revisions"}],"predecessor-version":[{"id":9088,"href":"https:\/\/www.arahf.be\/index.php?rest_route=\/wp\/v2\/pages\/4148\/revisions\/9088"}],"wp:attachment":[{"href":"https:\/\/www.arahf.be\/index.php?rest_route=%2Fwp%2Fv2%2Fmedia&parent=4148"}],"curies":[{"name":"wp","href":"https:\/\/api.w.org\/{rel}","templated":true}]}}