{"id":4160,"date":"2019-08-29T22:24:46","date_gmt":"2019-08-29T20:24:46","guid":{"rendered":"http:\/\/wp2019.arahf.be\/?page_id=4160"},"modified":"2025-03-18T14:08:31","modified_gmt":"2025-03-18T13:08:31","slug":"enseignement-technique-de-qualification","status":"publish","type":"page","link":"https:\/\/www.arahf.be\/?page_id=4160","title":{"rendered":"ENSEIGNEMENT TECHNIQUE DE QUALIFICATION"},"content":{"rendered":"<p>[vc_row css=&#8221;.vc_custom_1567110498002{margin: 0px !important;padding: 0px !important;border: 0px initial !important;}&#8221;][vc_column][vc_column_text]Vous trouverez dans ce menu, toutes les grilles des diff\u00e9rents types d&#8217;enseignement et des diff\u00e9rentes options.<\/p>\n<p><span style=\"text-decoration: underline;\"><strong>D\u00e9couvrez la section en vid\u00e9o sur notre chaine youtube :\u00a0<\/strong><\/span><\/p>\n<p>pour l&#8217;infographie (5-6TQ): <a href=\"https:\/\/www.youtube.com\/watch?v=4Zjshh6EBwI&amp;ab_channel=ARAHFTQ\">https:\/\/www.youtube.com\/watch?v=4Zjshh6EBwI&amp;ab_channel=ARAHFTQ<\/a><\/p>\n<p>pour les arts appliqu\u00e9s (3-4TQ):\u00a0<a href=\"https:\/\/www.youtube.com\/watch?v=xFHJJRzjReE&amp;ab_channel=ARAHFTQ\">https:\/\/www.youtube.com\/watch?v=xFHJJRzjReE&amp;ab_channel=ARAHFTQ<\/a><\/p>\n<p>D\u00e8s la 3e ann\u00e9e, un large choix d&#8217;options est propos\u00e9. Vous pouvez trouver une fiche explicative de chacune de ces options au bas de cette page. N&#8217;h\u00e9sitez pas \u00e0 les consulter.<\/p>\n<p>D\u00e9couvrez le projet Erasmus+ de la section:<\/p>\n<p>&nbsp;<\/p>\n<p>Dans le cadre du projet Erasmus+ lanc\u00e9 par Monsieur Reyniers, nos \u00e9l\u00e8ves de 4\u00e8me et 5\u00e8me de la section technique infographie ont accueilli au mois de f\u00e9vrier des \u00e9l\u00e8ves du Lyc\u00e9e Andr\u00e9 Malraux de Montereau en France. Du 11 au 14 mars, c\u2019\u00e9tait \u00e0 leur tour de partir. Un programme tr\u00e8s riche avait \u00e9t\u00e9 pr\u00e9par\u00e9 pour eux par les professeurs du lyc\u00e9e pour leur permettre de d\u00e9couvrir du mat\u00e9riel et diff\u00e9rentes techniques compl\u00e9tant id\u00e9alement leur formation re\u00e7ue \u00e0 l\u2019Ath\u00e9n\u00e9e : linogravure, gaufrage, impression sur mug et sur tissu, visite des ateliers, \u2026 Nos jeunes ont \u00e9t\u00e9 parfaitement guid\u00e9s et \u00e9col\u00e9s par l\u2019\u00e9quipe de professeurs et les \u00e9l\u00e8ves tout au long des diff\u00e9rents ateliers. Ils \u00e9taient heureux de revenir avec diff\u00e9rentes r\u00e9alisations et objets personnalis\u00e9s.<\/p>\n<p>Une journ\u00e9e \u00e0 Paris \u00e9tait \u00e9galement pr\u00e9vue. Apr\u00e8s un trajet en m\u00e9tro, les \u00e9l\u00e8ves ont pu visiter le c\u00e9l\u00e8bre mus\u00e9e d\u2019Orsay et admirer les tableaux de grands artistes \u00e9tudi\u00e9s en classe comme Manet, Degas, Van Gogh, Courbet, Monet, \u2026 ainsi que l\u2019architecture exceptionnelle de cette ancienne gare devenue mus\u00e9e. Apr\u00e8s un pique-nique dans le jardin des Tuileries, un parcours dans les rues de Paris attendait nos jeunes : la cour du Louvre et sa pyramide de verre, les colonnes de Buren, la rue Rivoli, la rue Saint Honor\u00e9, la Conciergerie, la Samaritaine et son architecture art d\u00e9co, les ponts sur la Seine et les bateaux-mouches : les appareils photos ont bien fonctionn\u00e9 ! Une derni\u00e8re surprise de taille les attendait et les a enchant\u00e9s : la visite de Notre Dame r\u00e9cemment restaur\u00e9e. La journ\u00e9e s\u2019est termin\u00e9e par un repas pris tous ensemble au lyc\u00e9e.<\/p>\n<p>Si on ajoute \u00e0 ce s\u00e9jour le logement dans un gite dans un site magnifique, confortable, propre, calme, proposant des repas de qualit\u00e9 et tenu par des propri\u00e9taires chaleureux et aux petits soins pour nous, vous comprendrez que nous avons pass\u00e9 un s\u00e9jour inoubliable.<\/p>\n<p>Nous tenons \u00e0 adresser nos plus sinc\u00e8res remerciements \u00e0 Monsieur Christophe Olanier et \u00e0 ses coll\u00e8gues pour leur accueil chaleureux et leur professionnalisme. Des liens forts se sont cr\u00e9\u00e9s entre les \u00e9quipes de professeurs et les jeunes et nous esp\u00e9rons voir ces \u00e9changes perdurer.[\/vc_column_text][vc_separator][\/vc_column][\/vc_row][vc_row][vc_column][vc_images_carousel images=&#8221;8909,8916,8919,8921,8922,8924,8925,8932,8933,8931,8930,8929,8926&#8243;][\/vc_column][\/vc_row]<\/p>\n","protected":false},"excerpt":{"rendered":"<p>[vc_row css=&#8221;.vc_custom_1567110498002{margin: 0px !important;padding: 0px !important;border: 0px initial !important;}&#8221;][vc_column][vc_column_text]Vous trouverez dans ce menu, toutes les grilles des diff\u00e9rents types d&#8217;enseignement et des diff\u00e9rentes options. D\u00e9couvrez la section en vid\u00e9o sur notre chaine youtube :\u00a0 pour l&#8217;infographie (5-6TQ): https:\/\/www.youtube.com\/watch?v=4Zjshh6EBwI&amp;ab_channel=ARAHFTQ pour les arts appliqu\u00e9s (3-4TQ):\u00a0https:\/\/www.youtube.com\/watch?v=xFHJJRzjReE&amp;ab_channel=ARAHFTQ D\u00e8s la 3e ann\u00e9e, un large choix d&#8217;options est propos\u00e9. Vous pouvez [&hellip;]<\/p>\n","protected":false},"author":1,"featured_media":0,"parent":0,"menu_order":0,"comment_status":"closed","ping_status":"closed","template":"","meta":{"content-type":"","om_disable_all_campaigns":false,"footnotes":""},"class_list":["post-4160","page","type-page","status-publish","hentry"],"yoast_head":"<!-- This site is optimized with the Yoast SEO plugin v27.4 - https:\/\/yoast.com\/product\/yoast-seo-wordpress\/ -->\n<title>ENSEIGNEMENT TECHNIQUE DE QUALIFICATION - Bienvenue \u00e0 l&#039;ARAHF<\/title>\n<meta name=\"robots\" content=\"index, follow, max-snippet:-1, max-image-preview:large, max-video-preview:-1\" \/>\n<link rel=\"canonical\" href=\"https:\/\/www.arahf.be\/?page_id=4160\" \/>\n<meta property=\"og:locale\" content=\"fr_FR\" \/>\n<meta property=\"og:type\" content=\"article\" \/>\n<meta property=\"og:title\" content=\"ENSEIGNEMENT TECHNIQUE DE QUALIFICATION - Bienvenue \u00e0 l&#039;ARAHF\" \/>\n<meta property=\"og:description\" content=\"[vc_row css=&#8221;.vc_custom_1567110498002{margin: 0px !important;padding: 0px !important;border: 0px initial !important;}&#8221;][vc_column][vc_column_text]Vous trouverez dans ce menu, toutes les grilles des diff\u00e9rents types d&#8217;enseignement et des diff\u00e9rentes options. D\u00e9couvrez la section en vid\u00e9o sur notre chaine youtube :\u00a0 pour l&#8217;infographie (5-6TQ): https:\/\/www.youtube.com\/watch?v=4Zjshh6EBwI&amp;ab_channel=ARAHFTQ pour les arts appliqu\u00e9s (3-4TQ):\u00a0https:\/\/www.youtube.com\/watch?v=xFHJJRzjReE&amp;ab_channel=ARAHFTQ D\u00e8s la 3e ann\u00e9e, un large choix d&#8217;options est propos\u00e9. Vous pouvez [&hellip;]\" \/>\n<meta property=\"og:url\" content=\"https:\/\/www.arahf.be\/?page_id=4160\" \/>\n<meta property=\"og:site_name\" content=\"Bienvenue \u00e0 l&#039;ARAHF\" \/>\n<meta property=\"article:modified_time\" content=\"2025-03-18T13:08:31+00:00\" \/>\n<meta name=\"twitter:card\" content=\"summary_large_image\" \/>\n<meta name=\"twitter:label1\" content=\"Dur\u00e9e de lecture estim\u00e9e\" \/>\n\t<meta name=\"twitter:data1\" content=\"3 minutes\" \/>\n<script type=\"application\/ld+json\" class=\"yoast-schema-graph\">{\"@context\":\"https:\\\/\\\/schema.org\",\"@graph\":[{\"@type\":\"WebPage\",\"@id\":\"https:\\\/\\\/www.arahf.be\\\/?page_id=4160\",\"url\":\"https:\\\/\\\/www.arahf.be\\\/?page_id=4160\",\"name\":\"ENSEIGNEMENT TECHNIQUE DE QUALIFICATION - Bienvenue \u00e0 l&#039;ARAHF\",\"isPartOf\":{\"@id\":\"https:\\\/\\\/www.arahf.be\\\/#website\"},\"datePublished\":\"2019-08-29T20:24:46+00:00\",\"dateModified\":\"2025-03-18T13:08:31+00:00\",\"breadcrumb\":{\"@id\":\"https:\\\/\\\/www.arahf.be\\\/?page_id=4160#breadcrumb\"},\"inLanguage\":\"fr-FR\",\"potentialAction\":[{\"@type\":\"ReadAction\",\"target\":[\"https:\\\/\\\/www.arahf.be\\\/?page_id=4160\"]}]},{\"@type\":\"BreadcrumbList\",\"@id\":\"https:\\\/\\\/www.arahf.be\\\/?page_id=4160#breadcrumb\",\"itemListElement\":[{\"@type\":\"ListItem\",\"position\":1,\"name\":\"Accueil\",\"item\":\"https:\\\/\\\/www.arahf.be\\\/\"},{\"@type\":\"ListItem\",\"position\":2,\"name\":\"ENSEIGNEMENT TECHNIQUE DE QUALIFICATION\"}]},{\"@type\":\"WebSite\",\"@id\":\"https:\\\/\\\/www.arahf.be\\\/#website\",\"url\":\"https:\\\/\\\/www.arahf.be\\\/\",\"name\":\"Bienvenue \u00e0 l&#039;ARAHF\",\"description\":\"\",\"potentialAction\":[{\"@type\":\"SearchAction\",\"target\":{\"@type\":\"EntryPoint\",\"urlTemplate\":\"https:\\\/\\\/www.arahf.be\\\/?s={search_term_string}\"},\"query-input\":{\"@type\":\"PropertyValueSpecification\",\"valueRequired\":true,\"valueName\":\"search_term_string\"}}],\"inLanguage\":\"fr-FR\"}]}<\/script>\n<!-- \/ Yoast SEO plugin. -->","yoast_head_json":{"title":"ENSEIGNEMENT TECHNIQUE DE QUALIFICATION - Bienvenue \u00e0 l&#039;ARAHF","robots":{"index":"index","follow":"follow","max-snippet":"max-snippet:-1","max-image-preview":"max-image-preview:large","max-video-preview":"max-video-preview:-1"},"canonical":"https:\/\/www.arahf.be\/?page_id=4160","og_locale":"fr_FR","og_type":"article","og_title":"ENSEIGNEMENT TECHNIQUE DE QUALIFICATION - Bienvenue \u00e0 l&#039;ARAHF","og_description":"[vc_row css=&#8221;.vc_custom_1567110498002{margin: 0px !important;padding: 0px !important;border: 0px initial !important;}&#8221;][vc_column][vc_column_text]Vous trouverez dans ce menu, toutes les grilles des diff\u00e9rents types d&#8217;enseignement et des diff\u00e9rentes options. D\u00e9couvrez la section en vid\u00e9o sur notre chaine youtube :\u00a0 pour l&#8217;infographie (5-6TQ): https:\/\/www.youtube.com\/watch?v=4Zjshh6EBwI&amp;ab_channel=ARAHFTQ pour les arts appliqu\u00e9s (3-4TQ):\u00a0https:\/\/www.youtube.com\/watch?v=xFHJJRzjReE&amp;ab_channel=ARAHFTQ D\u00e8s la 3e ann\u00e9e, un large choix d&#8217;options est propos\u00e9. Vous pouvez [&hellip;]","og_url":"https:\/\/www.arahf.be\/?page_id=4160","og_site_name":"Bienvenue \u00e0 l&#039;ARAHF","article_modified_time":"2025-03-18T13:08:31+00:00","twitter_card":"summary_large_image","twitter_misc":{"Dur\u00e9e de lecture estim\u00e9e":"3 minutes"},"schema":{"@context":"https:\/\/schema.org","@graph":[{"@type":"WebPage","@id":"https:\/\/www.arahf.be\/?page_id=4160","url":"https:\/\/www.arahf.be\/?page_id=4160","name":"ENSEIGNEMENT TECHNIQUE DE QUALIFICATION - Bienvenue \u00e0 l&#039;ARAHF","isPartOf":{"@id":"https:\/\/www.arahf.be\/#website"},"datePublished":"2019-08-29T20:24:46+00:00","dateModified":"2025-03-18T13:08:31+00:00","breadcrumb":{"@id":"https:\/\/www.arahf.be\/?page_id=4160#breadcrumb"},"inLanguage":"fr-FR","potentialAction":[{"@type":"ReadAction","target":["https:\/\/www.arahf.be\/?page_id=4160"]}]},{"@type":"BreadcrumbList","@id":"https:\/\/www.arahf.be\/?page_id=4160#breadcrumb","itemListElement":[{"@type":"ListItem","position":1,"name":"Accueil","item":"https:\/\/www.arahf.be\/"},{"@type":"ListItem","position":2,"name":"ENSEIGNEMENT TECHNIQUE DE QUALIFICATION"}]},{"@type":"WebSite","@id":"https:\/\/www.arahf.be\/#website","url":"https:\/\/www.arahf.be\/","name":"Bienvenue \u00e0 l&#039;ARAHF","description":"","potentialAction":[{"@type":"SearchAction","target":{"@type":"EntryPoint","urlTemplate":"https:\/\/www.arahf.be\/?s={search_term_string}"},"query-input":{"@type":"PropertyValueSpecification","valueRequired":true,"valueName":"search_term_string"}}],"inLanguage":"fr-FR"}]}},"_links":{"self":[{"href":"https:\/\/www.arahf.be\/index.php?rest_route=\/wp\/v2\/pages\/4160","targetHints":{"allow":["GET"]}}],"collection":[{"href":"https:\/\/www.arahf.be\/index.php?rest_route=\/wp\/v2\/pages"}],"about":[{"href":"https:\/\/www.arahf.be\/index.php?rest_route=\/wp\/v2\/types\/page"}],"author":[{"embeddable":true,"href":"https:\/\/www.arahf.be\/index.php?rest_route=\/wp\/v2\/users\/1"}],"replies":[{"embeddable":true,"href":"https:\/\/www.arahf.be\/index.php?rest_route=%2Fwp%2Fv2%2Fcomments&post=4160"}],"version-history":[{"count":11,"href":"https:\/\/www.arahf.be\/index.php?rest_route=\/wp\/v2\/pages\/4160\/revisions"}],"predecessor-version":[{"id":8966,"href":"https:\/\/www.arahf.be\/index.php?rest_route=\/wp\/v2\/pages\/4160\/revisions\/8966"}],"wp:attachment":[{"href":"https:\/\/www.arahf.be\/index.php?rest_route=%2Fwp%2Fv2%2Fmedia&parent=4160"}],"curies":[{"name":"wp","href":"https:\/\/api.w.org\/{rel}","templated":true}]}}