{"id":4231,"date":"2019-08-30T22:56:33","date_gmt":"2019-08-30T20:56:33","guid":{"rendered":"http:\/\/wp2019.arahf.be\/?page_id=4231"},"modified":"2024-01-08T18:00:03","modified_gmt":"2024-01-08T17:00:03","slug":"menu","status":"publish","type":"page","link":"https:\/\/www.arahf.be\/?page_id=4231","title":{"rendered":"MENU TYPE"},"content":{"rendered":"<p>[vc_row css=&#8221;.vc_custom_1567245070537{margin-top: 0px !important;margin-bottom: 0px !important;border-top-width: 0px !important;border-bottom-width: 0px !important;padding-top: 0px !important;padding-bottom: 0px !important;}&#8221;][vc_column][stm_spacing][\/vc_column][\/vc_row][vc_row][vc_column css=&#8221;.vc_custom_1567240757677{margin-top: 0px !important;margin-bottom: 0px !important;border-top-width: 0px !important;border-bottom-width: 0px !important;padding-top: 0px !important;padding-bottom: 0px !important;}&#8221;][vc_column_text]Il s&#8217;agit d&#8217;un menu type (potage-plat-dessert).<\/p>\n<p>Les menus sont affich\u00e9s \u00e0 l&#8217;\u00e9cole et envoy\u00e9s via l&#8217;application KONECTO dans le fondamental.<\/p>\n<p>Ils sont \u00e9galement publi\u00e9s toutes les 2 semaines sur notre page facebook.<\/p>\n<p>Nos \u00e9l\u00e8ves peuvent \u00e9galement prendre simplement un potage et manger leurs tartines dans le r\u00e9fectoire.<\/p>\n<p>Nous proposons \u00e9galement des sandwichs et des portions de frites le jeudi.[\/vc_column_text][vc_single_image image=&#8221;6243&#8243; img_size=&#8221;full&#8221; alignment=&#8221;center&#8221; onclick=&#8221;zoom&#8221;][vc_single_image image=&#8221;6244&#8243; img_size=&#8221;full&#8221; alignment=&#8221;center&#8221; onclick=&#8221;zoom&#8221;][\/vc_column][\/vc_row][vc_row css=&#8221;.vc_custom_1567245070537{margin-top: 0px !important;margin-bottom: 0px !important;border-top-width: 0px !important;border-bottom-width: 0px !important;padding-top: 0px !important;padding-bottom: 0px !important;}&#8221;][vc_column][stm_spacing][\/vc_column][\/vc_row][vc_row][vc_column][vc_single_image image=&#8221;4781&#8243; img_size=&#8221;full&#8221; alignment=&#8221;center&#8221;][\/vc_column][\/vc_row]<\/p>\n","protected":false},"excerpt":{"rendered":"<p>[vc_row css=&#8221;.vc_custom_1567245070537{margin-top: 0px !important;margin-bottom: 0px !important;border-top-width: 0px !important;border-bottom-width: 0px !important;padding-top: 0px !important;padding-bottom: 0px !important;}&#8221;][vc_column][stm_spacing][\/vc_column][\/vc_row][vc_row][vc_column css=&#8221;.vc_custom_1567240757677{margin-top: 0px !important;margin-bottom: 0px !important;border-top-width: 0px !important;border-bottom-width: 0px !important;padding-top: 0px !important;padding-bottom: 0px !important;}&#8221;][vc_column_text]Il s&#8217;agit d&#8217;un menu type (potage-plat-dessert). Les menus sont affich\u00e9s \u00e0 l&#8217;\u00e9cole et envoy\u00e9s via l&#8217;application KONECTO dans le fondamental. Ils sont \u00e9galement publi\u00e9s toutes les 2 semaines sur [&hellip;]<\/p>\n","protected":false},"author":1,"featured_media":0,"parent":0,"menu_order":0,"comment_status":"closed","ping_status":"closed","template":"","meta":{"content-type":"","om_disable_all_campaigns":false,"footnotes":""},"class_list":["post-4231","page","type-page","status-publish","hentry"],"yoast_head":"<!-- This site is optimized with the Yoast SEO plugin v27.4 - https:\/\/yoast.com\/product\/yoast-seo-wordpress\/ -->\n<title>MENU TYPE - Bienvenue \u00e0 l&#039;ARAHF<\/title>\n<meta name=\"robots\" content=\"index, follow, max-snippet:-1, max-image-preview:large, max-video-preview:-1\" \/>\n<link rel=\"canonical\" href=\"https:\/\/www.arahf.be\/?page_id=4231\" \/>\n<meta property=\"og:locale\" content=\"fr_FR\" \/>\n<meta property=\"og:type\" content=\"article\" \/>\n<meta property=\"og:title\" content=\"MENU TYPE - Bienvenue \u00e0 l&#039;ARAHF\" \/>\n<meta property=\"og:description\" content=\"[vc_row css=&#8221;.vc_custom_1567245070537{margin-top: 0px !important;margin-bottom: 0px !important;border-top-width: 0px !important;border-bottom-width: 0px !important;padding-top: 0px !important;padding-bottom: 0px !important;}&#8221;][vc_column][stm_spacing][\/vc_column][\/vc_row][vc_row][vc_column css=&#8221;.vc_custom_1567240757677{margin-top: 0px !important;margin-bottom: 0px !important;border-top-width: 0px !important;border-bottom-width: 0px !important;padding-top: 0px !important;padding-bottom: 0px !important;}&#8221;][vc_column_text]Il s&#8217;agit d&#8217;un menu type (potage-plat-dessert). Les menus sont affich\u00e9s \u00e0 l&#8217;\u00e9cole et envoy\u00e9s via l&#8217;application KONECTO dans le fondamental. Ils sont \u00e9galement publi\u00e9s toutes les 2 semaines sur [&hellip;]\" \/>\n<meta property=\"og:url\" content=\"https:\/\/www.arahf.be\/?page_id=4231\" \/>\n<meta property=\"og:site_name\" content=\"Bienvenue \u00e0 l&#039;ARAHF\" \/>\n<meta property=\"article:modified_time\" content=\"2024-01-08T17:00:03+00:00\" \/>\n<meta name=\"twitter:card\" content=\"summary_large_image\" \/>\n<meta name=\"twitter:label1\" content=\"Dur\u00e9e de lecture estim\u00e9e\" \/>\n\t<meta name=\"twitter:data1\" content=\"1 minute\" \/>\n<script type=\"application\/ld+json\" class=\"yoast-schema-graph\">{\"@context\":\"https:\\\/\\\/schema.org\",\"@graph\":[{\"@type\":\"WebPage\",\"@id\":\"https:\\\/\\\/www.arahf.be\\\/?page_id=4231\",\"url\":\"https:\\\/\\\/www.arahf.be\\\/?page_id=4231\",\"name\":\"MENU TYPE - Bienvenue \u00e0 l&#039;ARAHF\",\"isPartOf\":{\"@id\":\"https:\\\/\\\/www.arahf.be\\\/#website\"},\"datePublished\":\"2019-08-30T20:56:33+00:00\",\"dateModified\":\"2024-01-08T17:00:03+00:00\",\"breadcrumb\":{\"@id\":\"https:\\\/\\\/www.arahf.be\\\/?page_id=4231#breadcrumb\"},\"inLanguage\":\"fr-FR\",\"potentialAction\":[{\"@type\":\"ReadAction\",\"target\":[\"https:\\\/\\\/www.arahf.be\\\/?page_id=4231\"]}]},{\"@type\":\"BreadcrumbList\",\"@id\":\"https:\\\/\\\/www.arahf.be\\\/?page_id=4231#breadcrumb\",\"itemListElement\":[{\"@type\":\"ListItem\",\"position\":1,\"name\":\"Accueil\",\"item\":\"https:\\\/\\\/www.arahf.be\\\/\"},{\"@type\":\"ListItem\",\"position\":2,\"name\":\"MENU TYPE\"}]},{\"@type\":\"WebSite\",\"@id\":\"https:\\\/\\\/www.arahf.be\\\/#website\",\"url\":\"https:\\\/\\\/www.arahf.be\\\/\",\"name\":\"Bienvenue \u00e0 l&#039;ARAHF\",\"description\":\"\",\"potentialAction\":[{\"@type\":\"SearchAction\",\"target\":{\"@type\":\"EntryPoint\",\"urlTemplate\":\"https:\\\/\\\/www.arahf.be\\\/?s={search_term_string}\"},\"query-input\":{\"@type\":\"PropertyValueSpecification\",\"valueRequired\":true,\"valueName\":\"search_term_string\"}}],\"inLanguage\":\"fr-FR\"}]}<\/script>\n<!-- \/ Yoast SEO plugin. -->","yoast_head_json":{"title":"MENU TYPE - Bienvenue \u00e0 l&#039;ARAHF","robots":{"index":"index","follow":"follow","max-snippet":"max-snippet:-1","max-image-preview":"max-image-preview:large","max-video-preview":"max-video-preview:-1"},"canonical":"https:\/\/www.arahf.be\/?page_id=4231","og_locale":"fr_FR","og_type":"article","og_title":"MENU TYPE - Bienvenue \u00e0 l&#039;ARAHF","og_description":"[vc_row css=&#8221;.vc_custom_1567245070537{margin-top: 0px !important;margin-bottom: 0px !important;border-top-width: 0px !important;border-bottom-width: 0px !important;padding-top: 0px !important;padding-bottom: 0px !important;}&#8221;][vc_column][stm_spacing][\/vc_column][\/vc_row][vc_row][vc_column css=&#8221;.vc_custom_1567240757677{margin-top: 0px !important;margin-bottom: 0px !important;border-top-width: 0px !important;border-bottom-width: 0px !important;padding-top: 0px !important;padding-bottom: 0px !important;}&#8221;][vc_column_text]Il s&#8217;agit d&#8217;un menu type (potage-plat-dessert). Les menus sont affich\u00e9s \u00e0 l&#8217;\u00e9cole et envoy\u00e9s via l&#8217;application KONECTO dans le fondamental. Ils sont \u00e9galement publi\u00e9s toutes les 2 semaines sur [&hellip;]","og_url":"https:\/\/www.arahf.be\/?page_id=4231","og_site_name":"Bienvenue \u00e0 l&#039;ARAHF","article_modified_time":"2024-01-08T17:00:03+00:00","twitter_card":"summary_large_image","twitter_misc":{"Dur\u00e9e de lecture estim\u00e9e":"1 minute"},"schema":{"@context":"https:\/\/schema.org","@graph":[{"@type":"WebPage","@id":"https:\/\/www.arahf.be\/?page_id=4231","url":"https:\/\/www.arahf.be\/?page_id=4231","name":"MENU TYPE - Bienvenue \u00e0 l&#039;ARAHF","isPartOf":{"@id":"https:\/\/www.arahf.be\/#website"},"datePublished":"2019-08-30T20:56:33+00:00","dateModified":"2024-01-08T17:00:03+00:00","breadcrumb":{"@id":"https:\/\/www.arahf.be\/?page_id=4231#breadcrumb"},"inLanguage":"fr-FR","potentialAction":[{"@type":"ReadAction","target":["https:\/\/www.arahf.be\/?page_id=4231"]}]},{"@type":"BreadcrumbList","@id":"https:\/\/www.arahf.be\/?page_id=4231#breadcrumb","itemListElement":[{"@type":"ListItem","position":1,"name":"Accueil","item":"https:\/\/www.arahf.be\/"},{"@type":"ListItem","position":2,"name":"MENU TYPE"}]},{"@type":"WebSite","@id":"https:\/\/www.arahf.be\/#website","url":"https:\/\/www.arahf.be\/","name":"Bienvenue \u00e0 l&#039;ARAHF","description":"","potentialAction":[{"@type":"SearchAction","target":{"@type":"EntryPoint","urlTemplate":"https:\/\/www.arahf.be\/?s={search_term_string}"},"query-input":{"@type":"PropertyValueSpecification","valueRequired":true,"valueName":"search_term_string"}}],"inLanguage":"fr-FR"}]}},"_links":{"self":[{"href":"https:\/\/www.arahf.be\/index.php?rest_route=\/wp\/v2\/pages\/4231","targetHints":{"allow":["GET"]}}],"collection":[{"href":"https:\/\/www.arahf.be\/index.php?rest_route=\/wp\/v2\/pages"}],"about":[{"href":"https:\/\/www.arahf.be\/index.php?rest_route=\/wp\/v2\/types\/page"}],"author":[{"embeddable":true,"href":"https:\/\/www.arahf.be\/index.php?rest_route=\/wp\/v2\/users\/1"}],"replies":[{"embeddable":true,"href":"https:\/\/www.arahf.be\/index.php?rest_route=%2Fwp%2Fv2%2Fcomments&post=4231"}],"version-history":[{"count":39,"href":"https:\/\/www.arahf.be\/index.php?rest_route=\/wp\/v2\/pages\/4231\/revisions"}],"predecessor-version":[{"id":8002,"href":"https:\/\/www.arahf.be\/index.php?rest_route=\/wp\/v2\/pages\/4231\/revisions\/8002"}],"wp:attachment":[{"href":"https:\/\/www.arahf.be\/index.php?rest_route=%2Fwp%2Fv2%2Fmedia&parent=4231"}],"curies":[{"name":"wp","href":"https:\/\/api.w.org\/{rel}","templated":true}]}}