{"id":4310,"date":"2019-08-31T14:37:34","date_gmt":"2019-08-31T12:37:34","guid":{"rendered":"http:\/\/wp2019.arahf.be\/?page_id=4310"},"modified":"2023-01-05T15:46:29","modified_gmt":"2023-01-05T14:46:29","slug":"atouts","status":"publish","type":"page","link":"https:\/\/www.arahf.be\/?page_id=4310","title":{"rendered":"MATERNELLES"},"content":{"rendered":"<p>[vc_row][vc_column][vc_column_text]<\/p>\n<ul class=\"retraitdisc\">\n<li>Deux b\u00e2timents accueillent nos bambins \u00e0 partir de 2,5 ans<\/li>\n<li>Potage frais offert tous les jours<\/li>\n<li>Mercredi &#8220;jour du fruit&#8221;<\/li>\n<li>Cours de r\u00e9cr\u00e9ation ind\u00e9pendantes et plaine de jeux am\u00e9nag\u00e9es.<\/li>\n<li>Repas chauds pr\u00e9par\u00e9s sur place et d\u00e9gust\u00e9s dans un magnifique r\u00e9fectoire<\/li>\n<li>Salle polyvalente<\/li>\n<li>Salle de repos pour les plus petits<\/li>\n<li>Salle de psychomotricit\u00e9<\/li>\n<li>Cours de natation d\u00e8s la 3\u00e8me maternelle<\/li>\n<li>Classe verte ou classe de mer pour les \u00e9l\u00e8ves de 3<sup>\u00e8me<\/sup> maternelle.<\/li>\n<li>Nombreuses activit\u00e9s et sorties p\u00e9dagogiques organis\u00e9es dans l\u2019\u00e9cole ou en dehors de l\u2019\u00e9cole<\/li>\n<li>Eveil au langues \u00e9trang\u00e8res: un jour par semaine, les enfants sont plong\u00e9s dans les langues. Cela signifie que les petits chantent, visionnent, jouent, d\u00e9couvrent, r\u00e9citent\u2026.en langue \u00e9trang\u00e8re.<\/li>\n<\/ul>\n<h1 class=\"uk-article-title\"><span style=\"font-size: 18pt;\">En maternelle \u00e0 Stavelot:<\/span><\/h1>\n<p>Une \u00e9quipe dynamique motiv\u00e9e et des nouveaux projets:<\/p>\n<p>&#8211; Projet interg\u00e9n\u00e9rationnel avec le home &#8220;Ferdinand Nicolay&#8221;; chaque classe de maternelle s&#8217;y rendra une fois par mois afin de r\u00e9aliser des<br aria-hidden=\"true\" \/>activit\u00e9s avec les r\u00e9sidents du home. Les enfants r\u00e9aliseront des ateliers culinaires, musicaux, artistiques&#8230;<br aria-hidden=\"true\" \/><br aria-hidden=\"true\" \/>\u00a0&#8211; Projet \u00e9cole du dehors: tous les \u00e9l\u00e8ves de maternelle se rendent une fois par mois \u00e0 Sart-Station afin de vivre des activit\u00e9s de l&#8217;\u00e9cole du<br aria-hidden=\"true\" \/>dehors. C&#8217;est une mani\u00e8re d&#8217;apprendre par la nature, en immersion.<br aria-hidden=\"true\" \/><br aria-hidden=\"true\" \/>Pourquoi est-il important d&#8217;apprendre dehors ? Pour \u00eatre en lien avec le monde r\u00e9el et vivre des apprentissages concrets. Pour \u00eatre en mouvement, cela facilite ces apprentissages.\u00a0 Pour solliciter tout l&#8217;\u00eatre : intellect, curiosit\u00e9, imaginaire, sens, corps. Parce que le contact r\u00e9gulier de la nature a des impacts sur le d\u00e9veloppement des enfants, et qu&#8217;\u00e0 l&#8217;inverse le manque de nature cr\u00e9e des probl\u00e8mes physiologiques et psychologiques.<\/p>\n<p style=\"text-align: center;\"><img loading=\"lazy\" decoding=\"async\" class=\"size-medium wp-image-6217 alignleft\" src=\"http:\/\/www.arahf.be\/wp-content\/uploads\/2022\/12\/ecoledehors-300x200.jpg\" alt=\"\" width=\"300\" height=\"200\" srcset=\"https:\/\/www.arahf.be\/wp-content\/uploads\/2022\/12\/ecoledehors-300x200.jpg 300w, https:\/\/www.arahf.be\/wp-content\/uploads\/2022\/12\/ecoledehors-768x511.jpg 768w, https:\/\/www.arahf.be\/wp-content\/uploads\/2022\/12\/ecoledehors.jpg 960w\" sizes=\"auto, (max-width: 300px) 100vw, 300px\" \/><img loading=\"lazy\" decoding=\"async\" class=\"size-medium wp-image-6216 alignright\" src=\"http:\/\/www.arahf.be\/wp-content\/uploads\/2022\/12\/ecole-dehors-300x200.jpg\" alt=\"\" width=\"300\" height=\"200\" srcset=\"https:\/\/www.arahf.be\/wp-content\/uploads\/2022\/12\/ecole-dehors-300x200.jpg 300w, https:\/\/www.arahf.be\/wp-content\/uploads\/2022\/12\/ecole-dehors-768x511.jpg 768w, https:\/\/www.arahf.be\/wp-content\/uploads\/2022\/12\/ecole-dehors.jpg 960w\" sizes=\"auto, (max-width: 300px) 100vw, 300px\" \/><\/p>\n<blockquote><p>&nbsp;<\/p>\n<p style=\"text-align: center;\"><strong>Parce que nous avons besoin que les enfants cr\u00e9ent un rapport intime au monde pour aborder les chamboulements \u00e0 venir.<\/strong><\/p>\n<\/blockquote>\n<p>&nbsp;<\/p>\n<p>&nbsp;<\/p>\n<p>&nbsp;<\/p>\n<p style=\"text-align: left;\">&#8211; Projet contes: illustration d&#8217;un conte par les classes maternelles.<\/p>\n<p style=\"text-align: left;\">Ce projet, en collaboration avec les \u00e9coles fondamentales WBE de la zone 5 sera pr\u00e9sent\u00e9 le jeudi 27 avril apr\u00e8s-midi dans le salon bleu du Centre culturel de Spa.<\/p>\n<div class=\"uk-margin-medium\">\n<p>&nbsp;<\/p>\n<\/div>\n<p>[\/vc_column_text][\/vc_column][\/vc_row]<\/p>\n","protected":false},"excerpt":{"rendered":"<p>[vc_row][vc_column][vc_column_text] Deux b\u00e2timents accueillent nos bambins \u00e0 partir de 2,5 ans Potage frais offert tous les jours Mercredi &#8220;jour du fruit&#8221; Cours de r\u00e9cr\u00e9ation ind\u00e9pendantes et plaine de jeux am\u00e9nag\u00e9es. Repas chauds pr\u00e9par\u00e9s sur place et d\u00e9gust\u00e9s dans un magnifique r\u00e9fectoire Salle polyvalente Salle de repos pour les plus petits Salle de psychomotricit\u00e9 Cours de [&hellip;]<\/p>\n","protected":false},"author":1,"featured_media":0,"parent":0,"menu_order":0,"comment_status":"closed","ping_status":"closed","template":"","meta":{"content-type":"","om_disable_all_campaigns":false,"footnotes":""},"class_list":["post-4310","page","type-page","status-publish","hentry"],"yoast_head":"<!-- This site is optimized with the Yoast SEO plugin v27.4 - https:\/\/yoast.com\/product\/yoast-seo-wordpress\/ -->\n<title>MATERNELLES - Bienvenue \u00e0 l&#039;ARAHF<\/title>\n<meta name=\"robots\" content=\"index, follow, max-snippet:-1, max-image-preview:large, max-video-preview:-1\" \/>\n<link rel=\"canonical\" href=\"https:\/\/www.arahf.be\/?page_id=4310\" \/>\n<meta property=\"og:locale\" content=\"fr_FR\" \/>\n<meta property=\"og:type\" content=\"article\" \/>\n<meta property=\"og:title\" content=\"MATERNELLES - Bienvenue \u00e0 l&#039;ARAHF\" \/>\n<meta property=\"og:description\" content=\"[vc_row][vc_column][vc_column_text] Deux b\u00e2timents accueillent nos bambins \u00e0 partir de 2,5 ans Potage frais offert tous les jours Mercredi &#8220;jour du fruit&#8221; Cours de r\u00e9cr\u00e9ation ind\u00e9pendantes et plaine de jeux am\u00e9nag\u00e9es. Repas chauds pr\u00e9par\u00e9s sur place et d\u00e9gust\u00e9s dans un magnifique r\u00e9fectoire Salle polyvalente Salle de repos pour les plus petits Salle de psychomotricit\u00e9 Cours de [&hellip;]\" \/>\n<meta property=\"og:url\" content=\"https:\/\/www.arahf.be\/?page_id=4310\" \/>\n<meta property=\"og:site_name\" content=\"Bienvenue \u00e0 l&#039;ARAHF\" \/>\n<meta property=\"article:modified_time\" content=\"2023-01-05T14:46:29+00:00\" \/>\n<meta property=\"og:image\" content=\"http:\/\/www.arahf.be\/wp-content\/uploads\/2022\/12\/ecoledehors-300x200.jpg\" \/>\n<meta name=\"twitter:card\" content=\"summary_large_image\" \/>\n<meta name=\"twitter:label1\" content=\"Dur\u00e9e de lecture estim\u00e9e\" \/>\n\t<meta name=\"twitter:data1\" content=\"3 minutes\" \/>\n<script type=\"application\/ld+json\" class=\"yoast-schema-graph\">{\"@context\":\"https:\\\/\\\/schema.org\",\"@graph\":[{\"@type\":\"WebPage\",\"@id\":\"https:\\\/\\\/www.arahf.be\\\/?page_id=4310\",\"url\":\"https:\\\/\\\/www.arahf.be\\\/?page_id=4310\",\"name\":\"MATERNELLES - Bienvenue \u00e0 l&#039;ARAHF\",\"isPartOf\":{\"@id\":\"https:\\\/\\\/www.arahf.be\\\/#website\"},\"primaryImageOfPage\":{\"@id\":\"https:\\\/\\\/www.arahf.be\\\/?page_id=4310#primaryimage\"},\"image\":{\"@id\":\"https:\\\/\\\/www.arahf.be\\\/?page_id=4310#primaryimage\"},\"thumbnailUrl\":\"http:\\\/\\\/www.arahf.be\\\/wp-content\\\/uploads\\\/2022\\\/12\\\/ecoledehors-300x200.jpg\",\"datePublished\":\"2019-08-31T12:37:34+00:00\",\"dateModified\":\"2023-01-05T14:46:29+00:00\",\"breadcrumb\":{\"@id\":\"https:\\\/\\\/www.arahf.be\\\/?page_id=4310#breadcrumb\"},\"inLanguage\":\"fr-FR\",\"potentialAction\":[{\"@type\":\"ReadAction\",\"target\":[\"https:\\\/\\\/www.arahf.be\\\/?page_id=4310\"]}]},{\"@type\":\"ImageObject\",\"inLanguage\":\"fr-FR\",\"@id\":\"https:\\\/\\\/www.arahf.be\\\/?page_id=4310#primaryimage\",\"url\":\"https:\\\/\\\/www.arahf.be\\\/wp-content\\\/uploads\\\/2022\\\/12\\\/ecoledehors.jpg\",\"contentUrl\":\"https:\\\/\\\/www.arahf.be\\\/wp-content\\\/uploads\\\/2022\\\/12\\\/ecoledehors.jpg\",\"width\":960,\"height\":639},{\"@type\":\"BreadcrumbList\",\"@id\":\"https:\\\/\\\/www.arahf.be\\\/?page_id=4310#breadcrumb\",\"itemListElement\":[{\"@type\":\"ListItem\",\"position\":1,\"name\":\"Accueil\",\"item\":\"https:\\\/\\\/www.arahf.be\\\/\"},{\"@type\":\"ListItem\",\"position\":2,\"name\":\"MATERNELLES\"}]},{\"@type\":\"WebSite\",\"@id\":\"https:\\\/\\\/www.arahf.be\\\/#website\",\"url\":\"https:\\\/\\\/www.arahf.be\\\/\",\"name\":\"Bienvenue \u00e0 l&#039;ARAHF\",\"description\":\"\",\"potentialAction\":[{\"@type\":\"SearchAction\",\"target\":{\"@type\":\"EntryPoint\",\"urlTemplate\":\"https:\\\/\\\/www.arahf.be\\\/?s={search_term_string}\"},\"query-input\":{\"@type\":\"PropertyValueSpecification\",\"valueRequired\":true,\"valueName\":\"search_term_string\"}}],\"inLanguage\":\"fr-FR\"}]}<\/script>\n<!-- \/ Yoast SEO plugin. -->","yoast_head_json":{"title":"MATERNELLES - Bienvenue \u00e0 l&#039;ARAHF","robots":{"index":"index","follow":"follow","max-snippet":"max-snippet:-1","max-image-preview":"max-image-preview:large","max-video-preview":"max-video-preview:-1"},"canonical":"https:\/\/www.arahf.be\/?page_id=4310","og_locale":"fr_FR","og_type":"article","og_title":"MATERNELLES - Bienvenue \u00e0 l&#039;ARAHF","og_description":"[vc_row][vc_column][vc_column_text] Deux b\u00e2timents accueillent nos bambins \u00e0 partir de 2,5 ans Potage frais offert tous les jours Mercredi &#8220;jour du fruit&#8221; Cours de r\u00e9cr\u00e9ation ind\u00e9pendantes et plaine de jeux am\u00e9nag\u00e9es. Repas chauds pr\u00e9par\u00e9s sur place et d\u00e9gust\u00e9s dans un magnifique r\u00e9fectoire Salle polyvalente Salle de repos pour les plus petits Salle de psychomotricit\u00e9 Cours de [&hellip;]","og_url":"https:\/\/www.arahf.be\/?page_id=4310","og_site_name":"Bienvenue \u00e0 l&#039;ARAHF","article_modified_time":"2023-01-05T14:46:29+00:00","og_image":[{"url":"http:\/\/www.arahf.be\/wp-content\/uploads\/2022\/12\/ecoledehors-300x200.jpg","type":"","width":"","height":""}],"twitter_card":"summary_large_image","twitter_misc":{"Dur\u00e9e de lecture estim\u00e9e":"3 minutes"},"schema":{"@context":"https:\/\/schema.org","@graph":[{"@type":"WebPage","@id":"https:\/\/www.arahf.be\/?page_id=4310","url":"https:\/\/www.arahf.be\/?page_id=4310","name":"MATERNELLES - Bienvenue \u00e0 l&#039;ARAHF","isPartOf":{"@id":"https:\/\/www.arahf.be\/#website"},"primaryImageOfPage":{"@id":"https:\/\/www.arahf.be\/?page_id=4310#primaryimage"},"image":{"@id":"https:\/\/www.arahf.be\/?page_id=4310#primaryimage"},"thumbnailUrl":"http:\/\/www.arahf.be\/wp-content\/uploads\/2022\/12\/ecoledehors-300x200.jpg","datePublished":"2019-08-31T12:37:34+00:00","dateModified":"2023-01-05T14:46:29+00:00","breadcrumb":{"@id":"https:\/\/www.arahf.be\/?page_id=4310#breadcrumb"},"inLanguage":"fr-FR","potentialAction":[{"@type":"ReadAction","target":["https:\/\/www.arahf.be\/?page_id=4310"]}]},{"@type":"ImageObject","inLanguage":"fr-FR","@id":"https:\/\/www.arahf.be\/?page_id=4310#primaryimage","url":"https:\/\/www.arahf.be\/wp-content\/uploads\/2022\/12\/ecoledehors.jpg","contentUrl":"https:\/\/www.arahf.be\/wp-content\/uploads\/2022\/12\/ecoledehors.jpg","width":960,"height":639},{"@type":"BreadcrumbList","@id":"https:\/\/www.arahf.be\/?page_id=4310#breadcrumb","itemListElement":[{"@type":"ListItem","position":1,"name":"Accueil","item":"https:\/\/www.arahf.be\/"},{"@type":"ListItem","position":2,"name":"MATERNELLES"}]},{"@type":"WebSite","@id":"https:\/\/www.arahf.be\/#website","url":"https:\/\/www.arahf.be\/","name":"Bienvenue \u00e0 l&#039;ARAHF","description":"","potentialAction":[{"@type":"SearchAction","target":{"@type":"EntryPoint","urlTemplate":"https:\/\/www.arahf.be\/?s={search_term_string}"},"query-input":{"@type":"PropertyValueSpecification","valueRequired":true,"valueName":"search_term_string"}}],"inLanguage":"fr-FR"}]}},"_links":{"self":[{"href":"https:\/\/www.arahf.be\/index.php?rest_route=\/wp\/v2\/pages\/4310","targetHints":{"allow":["GET"]}}],"collection":[{"href":"https:\/\/www.arahf.be\/index.php?rest_route=\/wp\/v2\/pages"}],"about":[{"href":"https:\/\/www.arahf.be\/index.php?rest_route=\/wp\/v2\/types\/page"}],"author":[{"embeddable":true,"href":"https:\/\/www.arahf.be\/index.php?rest_route=\/wp\/v2\/users\/1"}],"replies":[{"embeddable":true,"href":"https:\/\/www.arahf.be\/index.php?rest_route=%2Fwp%2Fv2%2Fcomments&post=4310"}],"version-history":[{"count":9,"href":"https:\/\/www.arahf.be\/index.php?rest_route=\/wp\/v2\/pages\/4310\/revisions"}],"predecessor-version":[{"id":6224,"href":"https:\/\/www.arahf.be\/index.php?rest_route=\/wp\/v2\/pages\/4310\/revisions\/6224"}],"wp:attachment":[{"href":"https:\/\/www.arahf.be\/index.php?rest_route=%2Fwp%2Fv2%2Fmedia&parent=4310"}],"curies":[{"name":"wp","href":"https:\/\/api.w.org\/{rel}","templated":true}]}}