{"id":4784,"date":"2022-05-11T11:35:10","date_gmt":"2022-05-11T09:35:10","guid":{"rendered":"https:\/\/www.arahf.be\/?page_id=4784"},"modified":"2024-01-08T18:03:47","modified_gmt":"2024-01-08T17:03:47","slug":"organisation-de-la-fin-dannee","status":"publish","type":"page","link":"https:\/\/www.arahf.be\/?page_id=4784","title":{"rendered":"ORGANISATION DE LA FIN D&#8217;ANN\u00c9E"},"content":{"rendered":"<p style=\"text-align: left;\">[vc_row][vc_column][vc_column_text]<\/p>\r\n<p style=\"text-align: left;\">Pour le calendrier (festivit\u00e9s, dates de fin de p\u00e9riodes, dates\u00a0 d&#8217;examens, bal promo, etc) et les formalit\u00e9s de fin d&#8217;ann\u00e9e, vous pouvez consulter la plateforme \u00e9cole en ligne:\u00a0<\/p>\r\n<p><a href=\"https:\/\/www4.ecoleenligne.be\/V01151-beta\/membres\/login.php?action=login&amp;opt=2&amp;id=1&amp;order=desc&amp;language_init=fr&amp;etp=arahf&amp;msg=Veuillez%20vous%20identifier%20%C3%A0%20%20nouveau.&amp;titre=Session%20expir%C3%A9e%20!\">https:\/\/www4.ecoleenligne.be\/V01151-beta\/membres\/login.php?action=login&amp;opt=2&amp;id=1&amp;order=desc&amp;language_init=fr&amp;etp=arahf&amp;msg=Veuillez%20vous%20identifier%20%C3%A0%20%20nouveau.&amp;titre=Session%20expir%C3%A9e%20!<\/a><\/p>\r\n<div class=\"wp-block-columns\" style=\"text-align: left;\">\r\n<div class=\"wp-block-column\">\r\n<h2>\u00a0<\/h2>\r\n<h2>\u00a0<\/h2>\r\n<\/div>\r\n<div class=\"wp-block-column\">\r\n<div class=\"wp-block-file\">\u00a0<\/div>\r\n<!-- \/wp:post-content --><\/div>\r\n<!-- \/wp:column --><\/div>\r\n<!-- \/wp:columns -->\r\n\r\n<!-- wp:tadv\/classic-paragraph \/-->\r\n<p style=\"text-align: left;\">\u00a0<\/p>\r\n<p style=\"text-align: left;\">[\/vc_column_text][\/vc_column][\/vc_row]<\/p>","protected":false},"excerpt":{"rendered":"<p>[vc_row][vc_column][vc_column_text] Pour le calendrier (festivit\u00e9s, dates de fin de p\u00e9riodes, dates\u00a0 d&#8217;examens, bal promo, etc) et les formalit\u00e9s de fin d&#8217;ann\u00e9e, vous pouvez consulter la plateforme \u00e9cole en ligne:\u00a0 https:\/\/www4.ecoleenligne.be\/V01151-beta\/membres\/login.php?action=login&amp;opt=2&amp;id=1&amp;order=desc&amp;language_init=fr&amp;etp=arahf&amp;msg=Veuillez%20vous%20identifier%20%C3%A0%20%20nouveau.&amp;titre=Session%20expir%C3%A9e%20! \u00a0 \u00a0 \u00a0 \u00a0 [\/vc_column_text][\/vc_column][\/vc_row]<\/p>\n","protected":false},"author":1,"featured_media":0,"parent":0,"menu_order":0,"comment_status":"closed","ping_status":"closed","template":"","meta":{"content-type":"","om_disable_all_campaigns":false,"footnotes":""},"class_list":["post-4784","page","type-page","status-publish","hentry"],"yoast_head":"<!-- This site is optimized with the Yoast SEO plugin v27.4 - https:\/\/yoast.com\/product\/yoast-seo-wordpress\/ -->\n<title>ORGANISATION DE LA FIN D&#039;ANN\u00c9E - Bienvenue \u00e0 l&#039;ARAHF<\/title>\n<meta name=\"robots\" content=\"index, follow, max-snippet:-1, max-image-preview:large, max-video-preview:-1\" \/>\n<link rel=\"canonical\" href=\"https:\/\/www.arahf.be\/?page_id=4784\" \/>\n<meta property=\"og:locale\" content=\"fr_FR\" \/>\n<meta property=\"og:type\" content=\"article\" \/>\n<meta property=\"og:title\" content=\"ORGANISATION DE LA FIN D&#039;ANN\u00c9E - Bienvenue \u00e0 l&#039;ARAHF\" \/>\n<meta property=\"og:description\" content=\"[vc_row][vc_column][vc_column_text] Pour le calendrier (festivit\u00e9s, dates de fin de p\u00e9riodes, dates\u00a0 d&#8217;examens, bal promo, etc) et les formalit\u00e9s de fin d&#8217;ann\u00e9e, vous pouvez consulter la plateforme \u00e9cole en ligne:\u00a0 https:\/\/www4.ecoleenligne.be\/V01151-beta\/membres\/login.php?action=login&amp;opt=2&amp;id=1&amp;order=desc&amp;language_init=fr&amp;etp=arahf&amp;msg=Veuillez%20vous%20identifier%20%C3%A0%20%20nouveau.&amp;titre=Session%20expir%C3%A9e%20! \u00a0 \u00a0 \u00a0 \u00a0 [\/vc_column_text][\/vc_column][\/vc_row]\" \/>\n<meta property=\"og:url\" content=\"https:\/\/www.arahf.be\/?page_id=4784\" \/>\n<meta property=\"og:site_name\" content=\"Bienvenue \u00e0 l&#039;ARAHF\" \/>\n<meta property=\"article:modified_time\" content=\"2024-01-08T17:03:47+00:00\" \/>\n<meta name=\"twitter:card\" content=\"summary_large_image\" \/>\n<meta name=\"twitter:label1\" content=\"Dur\u00e9e de lecture estim\u00e9e\" \/>\n\t<meta name=\"twitter:data1\" content=\"1 minute\" \/>\n<script type=\"application\/ld+json\" class=\"yoast-schema-graph\">{\"@context\":\"https:\\\/\\\/schema.org\",\"@graph\":[{\"@type\":\"WebPage\",\"@id\":\"https:\\\/\\\/www.arahf.be\\\/?page_id=4784\",\"url\":\"https:\\\/\\\/www.arahf.be\\\/?page_id=4784\",\"name\":\"ORGANISATION DE LA FIN D'ANN\u00c9E - Bienvenue \u00e0 l&#039;ARAHF\",\"isPartOf\":{\"@id\":\"https:\\\/\\\/www.arahf.be\\\/#website\"},\"datePublished\":\"2022-05-11T09:35:10+00:00\",\"dateModified\":\"2024-01-08T17:03:47+00:00\",\"breadcrumb\":{\"@id\":\"https:\\\/\\\/www.arahf.be\\\/?page_id=4784#breadcrumb\"},\"inLanguage\":\"fr-FR\",\"potentialAction\":[{\"@type\":\"ReadAction\",\"target\":[\"https:\\\/\\\/www.arahf.be\\\/?page_id=4784\"]}]},{\"@type\":\"BreadcrumbList\",\"@id\":\"https:\\\/\\\/www.arahf.be\\\/?page_id=4784#breadcrumb\",\"itemListElement\":[{\"@type\":\"ListItem\",\"position\":1,\"name\":\"Accueil\",\"item\":\"https:\\\/\\\/www.arahf.be\\\/\"},{\"@type\":\"ListItem\",\"position\":2,\"name\":\"ORGANISATION DE LA FIN D&#8217;ANN\u00c9E\"}]},{\"@type\":\"WebSite\",\"@id\":\"https:\\\/\\\/www.arahf.be\\\/#website\",\"url\":\"https:\\\/\\\/www.arahf.be\\\/\",\"name\":\"Bienvenue \u00e0 l&#039;ARAHF\",\"description\":\"\",\"potentialAction\":[{\"@type\":\"SearchAction\",\"target\":{\"@type\":\"EntryPoint\",\"urlTemplate\":\"https:\\\/\\\/www.arahf.be\\\/?s={search_term_string}\"},\"query-input\":{\"@type\":\"PropertyValueSpecification\",\"valueRequired\":true,\"valueName\":\"search_term_string\"}}],\"inLanguage\":\"fr-FR\"}]}<\/script>\n<!-- \/ Yoast SEO plugin. -->","yoast_head_json":{"title":"ORGANISATION DE LA FIN D'ANN\u00c9E - Bienvenue \u00e0 l&#039;ARAHF","robots":{"index":"index","follow":"follow","max-snippet":"max-snippet:-1","max-image-preview":"max-image-preview:large","max-video-preview":"max-video-preview:-1"},"canonical":"https:\/\/www.arahf.be\/?page_id=4784","og_locale":"fr_FR","og_type":"article","og_title":"ORGANISATION DE LA FIN D'ANN\u00c9E - Bienvenue \u00e0 l&#039;ARAHF","og_description":"[vc_row][vc_column][vc_column_text] Pour le calendrier (festivit\u00e9s, dates de fin de p\u00e9riodes, dates\u00a0 d&#8217;examens, bal promo, etc) et les formalit\u00e9s de fin d&#8217;ann\u00e9e, vous pouvez consulter la plateforme \u00e9cole en ligne:\u00a0 https:\/\/www4.ecoleenligne.be\/V01151-beta\/membres\/login.php?action=login&amp;opt=2&amp;id=1&amp;order=desc&amp;language_init=fr&amp;etp=arahf&amp;msg=Veuillez%20vous%20identifier%20%C3%A0%20%20nouveau.&amp;titre=Session%20expir%C3%A9e%20! \u00a0 \u00a0 \u00a0 \u00a0 [\/vc_column_text][\/vc_column][\/vc_row]","og_url":"https:\/\/www.arahf.be\/?page_id=4784","og_site_name":"Bienvenue \u00e0 l&#039;ARAHF","article_modified_time":"2024-01-08T17:03:47+00:00","twitter_card":"summary_large_image","twitter_misc":{"Dur\u00e9e de lecture estim\u00e9e":"1 minute"},"schema":{"@context":"https:\/\/schema.org","@graph":[{"@type":"WebPage","@id":"https:\/\/www.arahf.be\/?page_id=4784","url":"https:\/\/www.arahf.be\/?page_id=4784","name":"ORGANISATION DE LA FIN D'ANN\u00c9E - Bienvenue \u00e0 l&#039;ARAHF","isPartOf":{"@id":"https:\/\/www.arahf.be\/#website"},"datePublished":"2022-05-11T09:35:10+00:00","dateModified":"2024-01-08T17:03:47+00:00","breadcrumb":{"@id":"https:\/\/www.arahf.be\/?page_id=4784#breadcrumb"},"inLanguage":"fr-FR","potentialAction":[{"@type":"ReadAction","target":["https:\/\/www.arahf.be\/?page_id=4784"]}]},{"@type":"BreadcrumbList","@id":"https:\/\/www.arahf.be\/?page_id=4784#breadcrumb","itemListElement":[{"@type":"ListItem","position":1,"name":"Accueil","item":"https:\/\/www.arahf.be\/"},{"@type":"ListItem","position":2,"name":"ORGANISATION DE LA FIN D&#8217;ANN\u00c9E"}]},{"@type":"WebSite","@id":"https:\/\/www.arahf.be\/#website","url":"https:\/\/www.arahf.be\/","name":"Bienvenue \u00e0 l&#039;ARAHF","description":"","potentialAction":[{"@type":"SearchAction","target":{"@type":"EntryPoint","urlTemplate":"https:\/\/www.arahf.be\/?s={search_term_string}"},"query-input":{"@type":"PropertyValueSpecification","valueRequired":true,"valueName":"search_term_string"}}],"inLanguage":"fr-FR"}]}},"_links":{"self":[{"href":"https:\/\/www.arahf.be\/index.php?rest_route=\/wp\/v2\/pages\/4784","targetHints":{"allow":["GET"]}}],"collection":[{"href":"https:\/\/www.arahf.be\/index.php?rest_route=\/wp\/v2\/pages"}],"about":[{"href":"https:\/\/www.arahf.be\/index.php?rest_route=\/wp\/v2\/types\/page"}],"author":[{"embeddable":true,"href":"https:\/\/www.arahf.be\/index.php?rest_route=\/wp\/v2\/users\/1"}],"replies":[{"embeddable":true,"href":"https:\/\/www.arahf.be\/index.php?rest_route=%2Fwp%2Fv2%2Fcomments&post=4784"}],"version-history":[{"count":12,"href":"https:\/\/www.arahf.be\/index.php?rest_route=\/wp\/v2\/pages\/4784\/revisions"}],"predecessor-version":[{"id":8003,"href":"https:\/\/www.arahf.be\/index.php?rest_route=\/wp\/v2\/pages\/4784\/revisions\/8003"}],"wp:attachment":[{"href":"https:\/\/www.arahf.be\/index.php?rest_route=%2Fwp%2Fv2%2Fmedia&parent=4784"}],"curies":[{"name":"wp","href":"https:\/\/api.w.org\/{rel}","templated":true}]}}