{"id":5401,"date":"2022-08-25T16:52:45","date_gmt":"2022-08-25T14:52:45","guid":{"rendered":"http:\/\/www.arahf.be\/?page_id=5401"},"modified":"2024-07-01T22:27:11","modified_gmt":"2024-07-01T20:27:11","slug":"infos-rentree-2022-2023","status":"publish","type":"page","link":"https:\/\/www.arahf.be\/?page_id=5401","title":{"rendered":"INFOS RENTREE 2024-2025"},"content":{"rendered":"<p>Aux futurs \u00e9l\u00e8ves de premi\u00e8re ann\u00e9e et \u00e0 leurs parents:<\/p>\n<p>Nous vous remercions de la confiance que vous nous accordez en choisissant de vous inscrire \u00e0 l\u2019Ath\u00e9n\u00e9e Royal Ardenne \u2013 Hautes Fagnes. Les premi\u00e8res journ\u00e9es font l\u2019objet d\u2019une prise en charge particuli\u00e8re qui permet aux nouveaux \u00e9l\u00e8ves de d\u00e9couvrir progressivement leur nouvel environnement.<\/p>\n<p>Ils se familiariseront peu \u00e0 peu avec les lieux, leurs condisciples, notre \u00e9quipe et son fonctionnement:<\/p>\n<ul>\n<li style=\"text-align: justify;\"><strong>Le lundi 26 ao\u00fbt 2024<\/strong>, nous vous accueillerons<strong> d\u00e8s 9h pour un petit d\u00e9jeuner<\/strong>. Apr\u00e8s l\u2019allocution de bienvenue \u2013 pr\u00e9sentation de l\u2019\u00e9tablissement et recommandations d\u2019usage \u2013 nous emm\u00e8nerons les \u00e9l\u00e8ves pour constituer les groupes classes. Quelques documents \u00e0 conserver et d\u2019autres \u00e0 restituer le lendemain, d\u00fbment compl\u00e9t\u00e9s, feront l\u2019objet d\u2019explication circonstanci\u00e9es. L\u2019attention des \u00e9l\u00e8ves sera attir\u00e9e sur quelques points du r\u00e8glement. Une visite des locaux est \u00e9galement programm\u00e9e. <strong style=\"color: #595959; font-size: revert;\">Les \u00e9l\u00e8ves seront lib\u00e9r\u00e9s \u00e0 12h \u00e0 Stavelot et \u00e0 12H45 \u00e0 Malmedy.<\/strong><\/li>\n<\/ul>\n<ul>\n<li style=\"text-align: justify;\"><strong>Le mardi 27 ao\u00fbt, la journ\u00e9e d\u00e9butera \u00e0 8h20.<\/strong> Les professeurs encadreront une matin\u00e9e r\u00e9cr\u00e9ative destin\u00e9e \u00e0 favoriser l\u2019int\u00e9gration de chacun et \u00e0 promouvoir un esprit de solidarit\u00e9. A Malmedy, les nouveaux \u00e9l\u00e8ves feront un &#8220;Escape Game&#8221; par \u00e9quipes pour d\u00e9couvrir l&#8217;\u00e9cole et leurs nouveaux camarades. Les parents sont invit\u00e9s \u00e0 s\u2019inscrire pour partager un <strong>barbecue convivial \u00e0 partir de 12h45<\/strong>. Ce sera l\u2019occasion de rencontrer d\u2019autres parents mais aussi plusieurs enseignants et les \u00e9ducateurs. Les inscriptions sont vivement souhait\u00e9es (educ.stavelot@arahf.be ou 080 291 200 pour les \u00e9l\u00e8ves de Stavelot et educ.malmedy@arahf.be ou 080 79 11 22 pour les \u00e9l\u00e8ves de Malmedy). Le prix correspond \u00e0 un ticket repas soit 3.5\u20ac par personne. La pr\u00e9sence de tous les \u00e9l\u00e8ves est indispensable,<strong> le repas leur est offert<\/strong>. Ils pourront rentrer au domicile d\u00e8s <strong>13h45. <a href=\"#_ftnref1\" name=\"_ftn1\">[1]<\/a> Que chacun soit rassur\u00e9\u00a0: quel que soit le r\u00e9gime alimentaire suivi (v\u00e9g\u00e9tarien, halal, etc.) tout le monde pourra manger \u00e0 sa faim.<\/strong><\/li>\n<\/ul>\n<ul>\n<li style=\"text-align: justify;\"><strong>Le mercredi 28 ao\u00fbt<\/strong>, le d\u00e9but des activit\u00e9s est fix<strong>\u00e9 \u00e0 8h20.<\/strong> Elles se d\u00e9rouleront le long d\u2019un parcours de d\u00e9couverte de nos contr\u00e9es. Il faudra donc pr\u00e9voir des chaussures de marche et une tenue adapt\u00e9e aux conditions m\u00e9t\u00e9orologiques. Le retour \u00e0 l\u2019\u00e9cole est pr\u00e9vu pour<strong> midi.<\/strong><\/li>\n<\/ul>\n<ul>\n<li><strong>D\u00e8s le jeudi 29 ao\u00fbt<\/strong>, les \u00e9l\u00e8ves suivront les cours de 8h20 \u00e0 15h30 selon l\u2019horaire qui leur aura \u00e9t\u00e9 fourni d\u2019ici-l\u00e0.<\/li>\n<li>Le vendredi 30, les cours commenceront selon l&#8217;horaire normal.<\/li>\n<\/ul>\n<p>Pour les \u00e9l\u00e8ves des autres ann\u00e9es, les informations de rentr\u00e9e seront diffus\u00e9es sur \u00e9cole en ligne:<\/p>\n<p><a href=\"https:\/\/www4.ecoleenligne.be\/V01151-beta\/membres\/login.php?action=login&amp;opt=2&amp;id=1&amp;order=desc&amp;language_init=fr&amp;etp=arahf&amp;msg=Veuillez%20vous%20identifier%20%C3%A0%20%20nouveau.&amp;titre=Session%20expir%C3%A9e%20!\">https:\/\/www4.ecoleenligne.be\/V01151-beta\/membres\/login.php?action=login&amp;opt=2&amp;id=1&amp;order=desc&amp;language_init=fr&amp;etp=arahf&amp;msg=Veuillez%20vous%20identifier%20%C3%A0%20%20nouveau.&amp;titre=Session%20expir%C3%A9e%20!<\/a><\/p>\n","protected":false},"excerpt":{"rendered":"<p>Aux futurs \u00e9l\u00e8ves de premi\u00e8re ann\u00e9e et \u00e0 leurs parents: Nous vous remercions de la confiance que vous nous accordez en choisissant de vous inscrire \u00e0 l\u2019Ath\u00e9n\u00e9e Royal Ardenne \u2013 Hautes Fagnes. Les premi\u00e8res journ\u00e9es font l\u2019objet d\u2019une prise en charge particuli\u00e8re qui permet aux nouveaux \u00e9l\u00e8ves de d\u00e9couvrir progressivement leur nouvel environnement. Ils se [&hellip;]<\/p>\n","protected":false},"author":1,"featured_media":0,"parent":0,"menu_order":0,"comment_status":"closed","ping_status":"closed","template":"","meta":{"content-type":"","om_disable_all_campaigns":false,"footnotes":""},"class_list":["post-5401","page","type-page","status-publish","hentry"],"yoast_head":"<!-- This site is optimized with the Yoast SEO plugin v27.6 - https:\/\/yoast.com\/product\/yoast-seo-wordpress\/ -->\n<title>INFOS RENTREE 2024-2025 - Bienvenue \u00e0 l&#039;ARAHF<\/title>\n<meta name=\"robots\" content=\"index, follow, max-snippet:-1, max-image-preview:large, max-video-preview:-1\" \/>\n<link rel=\"canonical\" href=\"https:\/\/www.arahf.be\/?page_id=5401\" \/>\n<meta property=\"og:locale\" content=\"fr_FR\" \/>\n<meta property=\"og:type\" content=\"article\" \/>\n<meta property=\"og:title\" content=\"INFOS RENTREE 2024-2025 - Bienvenue \u00e0 l&#039;ARAHF\" \/>\n<meta property=\"og:description\" content=\"Aux futurs \u00e9l\u00e8ves de premi\u00e8re ann\u00e9e et \u00e0 leurs parents: Nous vous remercions de la confiance que vous nous accordez en choisissant de vous inscrire \u00e0 l\u2019Ath\u00e9n\u00e9e Royal Ardenne \u2013 Hautes Fagnes. Les premi\u00e8res journ\u00e9es font l\u2019objet d\u2019une prise en charge particuli\u00e8re qui permet aux nouveaux \u00e9l\u00e8ves de d\u00e9couvrir progressivement leur nouvel environnement. Ils se [&hellip;]\" \/>\n<meta property=\"og:url\" content=\"https:\/\/www.arahf.be\/?page_id=5401\" \/>\n<meta property=\"og:site_name\" content=\"Bienvenue \u00e0 l&#039;ARAHF\" \/>\n<meta property=\"article:modified_time\" content=\"2024-07-01T20:27:11+00:00\" \/>\n<meta name=\"twitter:card\" content=\"summary_large_image\" \/>\n<meta name=\"twitter:label1\" content=\"Dur\u00e9e de lecture estim\u00e9e\" \/>\n\t<meta name=\"twitter:data1\" content=\"3 minutes\" \/>\n<script type=\"application\/ld+json\" class=\"yoast-schema-graph\">{\"@context\":\"https:\\\/\\\/schema.org\",\"@graph\":[{\"@type\":\"WebPage\",\"@id\":\"https:\\\/\\\/www.arahf.be\\\/?page_id=5401\",\"url\":\"https:\\\/\\\/www.arahf.be\\\/?page_id=5401\",\"name\":\"INFOS RENTREE 2024-2025 - Bienvenue \u00e0 l&#039;ARAHF\",\"isPartOf\":{\"@id\":\"https:\\\/\\\/www.arahf.be\\\/#website\"},\"datePublished\":\"2022-08-25T14:52:45+00:00\",\"dateModified\":\"2024-07-01T20:27:11+00:00\",\"breadcrumb\":{\"@id\":\"https:\\\/\\\/www.arahf.be\\\/?page_id=5401#breadcrumb\"},\"inLanguage\":\"fr-FR\",\"potentialAction\":[{\"@type\":\"ReadAction\",\"target\":[\"https:\\\/\\\/www.arahf.be\\\/?page_id=5401\"]}]},{\"@type\":\"BreadcrumbList\",\"@id\":\"https:\\\/\\\/www.arahf.be\\\/?page_id=5401#breadcrumb\",\"itemListElement\":[{\"@type\":\"ListItem\",\"position\":1,\"name\":\"Accueil\",\"item\":\"https:\\\/\\\/www.arahf.be\\\/\"},{\"@type\":\"ListItem\",\"position\":2,\"name\":\"INFOS RENTREE 2024-2025\"}]},{\"@type\":\"WebSite\",\"@id\":\"https:\\\/\\\/www.arahf.be\\\/#website\",\"url\":\"https:\\\/\\\/www.arahf.be\\\/\",\"name\":\"Bienvenue \u00e0 l&#039;ARAHF\",\"description\":\"\",\"potentialAction\":[{\"@type\":\"SearchAction\",\"target\":{\"@type\":\"EntryPoint\",\"urlTemplate\":\"https:\\\/\\\/www.arahf.be\\\/?s={search_term_string}\"},\"query-input\":{\"@type\":\"PropertyValueSpecification\",\"valueRequired\":true,\"valueName\":\"search_term_string\"}}],\"inLanguage\":\"fr-FR\"}]}<\/script>\n<!-- \/ Yoast SEO plugin. -->","yoast_head_json":{"title":"INFOS RENTREE 2024-2025 - Bienvenue \u00e0 l&#039;ARAHF","robots":{"index":"index","follow":"follow","max-snippet":"max-snippet:-1","max-image-preview":"max-image-preview:large","max-video-preview":"max-video-preview:-1"},"canonical":"https:\/\/www.arahf.be\/?page_id=5401","og_locale":"fr_FR","og_type":"article","og_title":"INFOS RENTREE 2024-2025 - Bienvenue \u00e0 l&#039;ARAHF","og_description":"Aux futurs \u00e9l\u00e8ves de premi\u00e8re ann\u00e9e et \u00e0 leurs parents: Nous vous remercions de la confiance que vous nous accordez en choisissant de vous inscrire \u00e0 l\u2019Ath\u00e9n\u00e9e Royal Ardenne \u2013 Hautes Fagnes. Les premi\u00e8res journ\u00e9es font l\u2019objet d\u2019une prise en charge particuli\u00e8re qui permet aux nouveaux \u00e9l\u00e8ves de d\u00e9couvrir progressivement leur nouvel environnement. Ils se [&hellip;]","og_url":"https:\/\/www.arahf.be\/?page_id=5401","og_site_name":"Bienvenue \u00e0 l&#039;ARAHF","article_modified_time":"2024-07-01T20:27:11+00:00","twitter_card":"summary_large_image","twitter_misc":{"Dur\u00e9e de lecture estim\u00e9e":"3 minutes"},"schema":{"@context":"https:\/\/schema.org","@graph":[{"@type":"WebPage","@id":"https:\/\/www.arahf.be\/?page_id=5401","url":"https:\/\/www.arahf.be\/?page_id=5401","name":"INFOS RENTREE 2024-2025 - Bienvenue \u00e0 l&#039;ARAHF","isPartOf":{"@id":"https:\/\/www.arahf.be\/#website"},"datePublished":"2022-08-25T14:52:45+00:00","dateModified":"2024-07-01T20:27:11+00:00","breadcrumb":{"@id":"https:\/\/www.arahf.be\/?page_id=5401#breadcrumb"},"inLanguage":"fr-FR","potentialAction":[{"@type":"ReadAction","target":["https:\/\/www.arahf.be\/?page_id=5401"]}]},{"@type":"BreadcrumbList","@id":"https:\/\/www.arahf.be\/?page_id=5401#breadcrumb","itemListElement":[{"@type":"ListItem","position":1,"name":"Accueil","item":"https:\/\/www.arahf.be\/"},{"@type":"ListItem","position":2,"name":"INFOS RENTREE 2024-2025"}]},{"@type":"WebSite","@id":"https:\/\/www.arahf.be\/#website","url":"https:\/\/www.arahf.be\/","name":"Bienvenue \u00e0 l&#039;ARAHF","description":"","potentialAction":[{"@type":"SearchAction","target":{"@type":"EntryPoint","urlTemplate":"https:\/\/www.arahf.be\/?s={search_term_string}"},"query-input":{"@type":"PropertyValueSpecification","valueRequired":true,"valueName":"search_term_string"}}],"inLanguage":"fr-FR"}]}},"_links":{"self":[{"href":"https:\/\/www.arahf.be\/index.php?rest_route=\/wp\/v2\/pages\/5401","targetHints":{"allow":["GET"]}}],"collection":[{"href":"https:\/\/www.arahf.be\/index.php?rest_route=\/wp\/v2\/pages"}],"about":[{"href":"https:\/\/www.arahf.be\/index.php?rest_route=\/wp\/v2\/types\/page"}],"author":[{"embeddable":true,"href":"https:\/\/www.arahf.be\/index.php?rest_route=\/wp\/v2\/users\/1"}],"replies":[{"embeddable":true,"href":"https:\/\/www.arahf.be\/index.php?rest_route=%2Fwp%2Fv2%2Fcomments&post=5401"}],"version-history":[{"count":12,"href":"https:\/\/www.arahf.be\/index.php?rest_route=\/wp\/v2\/pages\/5401\/revisions"}],"predecessor-version":[{"id":8240,"href":"https:\/\/www.arahf.be\/index.php?rest_route=\/wp\/v2\/pages\/5401\/revisions\/8240"}],"wp:attachment":[{"href":"https:\/\/www.arahf.be\/index.php?rest_route=%2Fwp%2Fv2%2Fmedia&parent=5401"}],"curies":[{"name":"wp","href":"https:\/\/api.w.org\/{rel}","templated":true}]}}