{"id":94,"date":"2019-02-11T09:09:52","date_gmt":"2019-02-11T08:09:52","guid":{"rendered":"http:\/\/wp2019.arahf.be\/?page_id=94"},"modified":"2025-02-11T19:24:46","modified_gmt":"2025-02-11T18:24:46","slug":"blog-2","status":"publish","type":"page","link":"https:\/\/www.arahf.be\/?page_id=94","title":{"rendered":"Voyages extra-scolaires"},"content":{"rendered":"<p>[vc_row][vc_column][vc_column_text]<strong>Vacances d&#8217;automne:<\/strong><\/p>\n<p>Chaque ann\u00e9e durant les vacances d&#8217;automne, nos \u00e9l\u00e8ves ont l&#8217;opportunit\u00e9 de participer \u00e0 un voyage r\u00e9cr\u00e9atif. Tous les \u00e9l\u00e8ves de la 2\u00e8me \u00e0 la rh\u00e9to peuvent participer. La destination varie d&#8217;une ann\u00e9e \u00e0 l&#8217;autre.<\/p>\n<p>En 2023 nos \u00e9l\u00e8ves sont partis du c\u00f4t\u00e9 des ch\u00e2teaux de la Loire et du Futuroscope.<\/p>\n<p>En 2024 c&#8217;\u00e9tait l&#8217;Alsace avec la visite de Colmar, du Haut Koenigsbourg et l&#8217;amusement \u00e0 EuropaParc.<\/p>\n<p><strong>Cong\u00e9 de d\u00e9tente (carnaval):<\/strong><\/p>\n<p>Durant le cong\u00e9 de d\u00e9tente, les \u00e9l\u00e8ves de 2\u00e8me, 3\u00e8me et 4\u00e8me ont l&#8217;opportunit\u00e9 de participer \u00e0 un s\u00e9jour au ski avec \u00e9videmment des cours dispens\u00e9s par l&#8217;ESF sur le domaine des &#8220;Gets&#8221; en France.<\/p>\n<p>Ces voyages sont \u00e9videmment facultatifs.[\/vc_column_text][\/vc_column][\/vc_row][vc_row][vc_column][vc_gallery type=&#8221;image_grid&#8221; images=&#8221;8883,8882,8880,8885,8884,8887,8888,8889,8886,8881,8879,8875,8873,8890&#8243;][\/vc_column][\/vc_row]<\/p>\n","protected":false},"excerpt":{"rendered":"<p>[vc_row][vc_column][vc_column_text]Vacances d&#8217;automne: Chaque ann\u00e9e durant les vacances d&#8217;automne, nos \u00e9l\u00e8ves ont l&#8217;opportunit\u00e9 de participer \u00e0 un voyage r\u00e9cr\u00e9atif. Tous les \u00e9l\u00e8ves de la 2\u00e8me \u00e0 la rh\u00e9to peuvent participer. La destination varie d&#8217;une ann\u00e9e \u00e0 l&#8217;autre. En 2023 nos \u00e9l\u00e8ves sont partis du c\u00f4t\u00e9 des ch\u00e2teaux de la Loire et du Futuroscope. En 2024 c&#8217;\u00e9tait [&hellip;]<\/p>\n","protected":false},"author":1,"featured_media":0,"parent":0,"menu_order":0,"comment_status":"closed","ping_status":"closed","template":"","meta":{"content-type":"","om_disable_all_campaigns":false,"footnotes":""},"class_list":["post-94","page","type-page","status-publish","hentry"],"yoast_head":"<!-- This site is optimized with the Yoast SEO plugin v27.4 - https:\/\/yoast.com\/product\/yoast-seo-wordpress\/ -->\n<title>Voyages extra-scolaires - Bienvenue \u00e0 l&#039;ARAHF<\/title>\n<meta name=\"robots\" content=\"index, follow, max-snippet:-1, max-image-preview:large, max-video-preview:-1\" \/>\n<link rel=\"canonical\" href=\"https:\/\/www.arahf.be\/?page_id=94\" \/>\n<meta property=\"og:locale\" content=\"fr_FR\" \/>\n<meta property=\"og:type\" content=\"article\" \/>\n<meta property=\"og:title\" content=\"Voyages extra-scolaires - Bienvenue \u00e0 l&#039;ARAHF\" \/>\n<meta property=\"og:description\" content=\"[vc_row][vc_column][vc_column_text]Vacances d&#8217;automne: Chaque ann\u00e9e durant les vacances d&#8217;automne, nos \u00e9l\u00e8ves ont l&#8217;opportunit\u00e9 de participer \u00e0 un voyage r\u00e9cr\u00e9atif. Tous les \u00e9l\u00e8ves de la 2\u00e8me \u00e0 la rh\u00e9to peuvent participer. La destination varie d&#8217;une ann\u00e9e \u00e0 l&#8217;autre. En 2023 nos \u00e9l\u00e8ves sont partis du c\u00f4t\u00e9 des ch\u00e2teaux de la Loire et du Futuroscope. En 2024 c&#8217;\u00e9tait [&hellip;]\" \/>\n<meta property=\"og:url\" content=\"https:\/\/www.arahf.be\/?page_id=94\" \/>\n<meta property=\"og:site_name\" content=\"Bienvenue \u00e0 l&#039;ARAHF\" \/>\n<meta property=\"article:modified_time\" content=\"2025-02-11T18:24:46+00:00\" \/>\n<meta name=\"twitter:card\" content=\"summary_large_image\" \/>\n<meta name=\"twitter:label1\" content=\"Dur\u00e9e de lecture estim\u00e9e\" \/>\n\t<meta name=\"twitter:data1\" content=\"1 minute\" \/>\n<script type=\"application\/ld+json\" class=\"yoast-schema-graph\">{\"@context\":\"https:\\\/\\\/schema.org\",\"@graph\":[{\"@type\":\"WebPage\",\"@id\":\"https:\\\/\\\/www.arahf.be\\\/?page_id=94\",\"url\":\"https:\\\/\\\/www.arahf.be\\\/?page_id=94\",\"name\":\"Voyages extra-scolaires - Bienvenue \u00e0 l&#039;ARAHF\",\"isPartOf\":{\"@id\":\"https:\\\/\\\/www.arahf.be\\\/#website\"},\"datePublished\":\"2019-02-11T08:09:52+00:00\",\"dateModified\":\"2025-02-11T18:24:46+00:00\",\"breadcrumb\":{\"@id\":\"https:\\\/\\\/www.arahf.be\\\/?page_id=94#breadcrumb\"},\"inLanguage\":\"fr-FR\",\"potentialAction\":[{\"@type\":\"ReadAction\",\"target\":[\"https:\\\/\\\/www.arahf.be\\\/?page_id=94\"]}]},{\"@type\":\"BreadcrumbList\",\"@id\":\"https:\\\/\\\/www.arahf.be\\\/?page_id=94#breadcrumb\",\"itemListElement\":[{\"@type\":\"ListItem\",\"position\":1,\"name\":\"Accueil\",\"item\":\"https:\\\/\\\/www.arahf.be\\\/\"},{\"@type\":\"ListItem\",\"position\":2,\"name\":\"Voyages extra-scolaires\"}]},{\"@type\":\"WebSite\",\"@id\":\"https:\\\/\\\/www.arahf.be\\\/#website\",\"url\":\"https:\\\/\\\/www.arahf.be\\\/\",\"name\":\"Bienvenue \u00e0 l&#039;ARAHF\",\"description\":\"\",\"potentialAction\":[{\"@type\":\"SearchAction\",\"target\":{\"@type\":\"EntryPoint\",\"urlTemplate\":\"https:\\\/\\\/www.arahf.be\\\/?s={search_term_string}\"},\"query-input\":{\"@type\":\"PropertyValueSpecification\",\"valueRequired\":true,\"valueName\":\"search_term_string\"}}],\"inLanguage\":\"fr-FR\"}]}<\/script>\n<!-- \/ Yoast SEO plugin. -->","yoast_head_json":{"title":"Voyages extra-scolaires - Bienvenue \u00e0 l&#039;ARAHF","robots":{"index":"index","follow":"follow","max-snippet":"max-snippet:-1","max-image-preview":"max-image-preview:large","max-video-preview":"max-video-preview:-1"},"canonical":"https:\/\/www.arahf.be\/?page_id=94","og_locale":"fr_FR","og_type":"article","og_title":"Voyages extra-scolaires - Bienvenue \u00e0 l&#039;ARAHF","og_description":"[vc_row][vc_column][vc_column_text]Vacances d&#8217;automne: Chaque ann\u00e9e durant les vacances d&#8217;automne, nos \u00e9l\u00e8ves ont l&#8217;opportunit\u00e9 de participer \u00e0 un voyage r\u00e9cr\u00e9atif. Tous les \u00e9l\u00e8ves de la 2\u00e8me \u00e0 la rh\u00e9to peuvent participer. La destination varie d&#8217;une ann\u00e9e \u00e0 l&#8217;autre. En 2023 nos \u00e9l\u00e8ves sont partis du c\u00f4t\u00e9 des ch\u00e2teaux de la Loire et du Futuroscope. En 2024 c&#8217;\u00e9tait [&hellip;]","og_url":"https:\/\/www.arahf.be\/?page_id=94","og_site_name":"Bienvenue \u00e0 l&#039;ARAHF","article_modified_time":"2025-02-11T18:24:46+00:00","twitter_card":"summary_large_image","twitter_misc":{"Dur\u00e9e de lecture estim\u00e9e":"1 minute"},"schema":{"@context":"https:\/\/schema.org","@graph":[{"@type":"WebPage","@id":"https:\/\/www.arahf.be\/?page_id=94","url":"https:\/\/www.arahf.be\/?page_id=94","name":"Voyages extra-scolaires - Bienvenue \u00e0 l&#039;ARAHF","isPartOf":{"@id":"https:\/\/www.arahf.be\/#website"},"datePublished":"2019-02-11T08:09:52+00:00","dateModified":"2025-02-11T18:24:46+00:00","breadcrumb":{"@id":"https:\/\/www.arahf.be\/?page_id=94#breadcrumb"},"inLanguage":"fr-FR","potentialAction":[{"@type":"ReadAction","target":["https:\/\/www.arahf.be\/?page_id=94"]}]},{"@type":"BreadcrumbList","@id":"https:\/\/www.arahf.be\/?page_id=94#breadcrumb","itemListElement":[{"@type":"ListItem","position":1,"name":"Accueil","item":"https:\/\/www.arahf.be\/"},{"@type":"ListItem","position":2,"name":"Voyages extra-scolaires"}]},{"@type":"WebSite","@id":"https:\/\/www.arahf.be\/#website","url":"https:\/\/www.arahf.be\/","name":"Bienvenue \u00e0 l&#039;ARAHF","description":"","potentialAction":[{"@type":"SearchAction","target":{"@type":"EntryPoint","urlTemplate":"https:\/\/www.arahf.be\/?s={search_term_string}"},"query-input":{"@type":"PropertyValueSpecification","valueRequired":true,"valueName":"search_term_string"}}],"inLanguage":"fr-FR"}]}},"_links":{"self":[{"href":"https:\/\/www.arahf.be\/index.php?rest_route=\/wp\/v2\/pages\/94","targetHints":{"allow":["GET"]}}],"collection":[{"href":"https:\/\/www.arahf.be\/index.php?rest_route=\/wp\/v2\/pages"}],"about":[{"href":"https:\/\/www.arahf.be\/index.php?rest_route=\/wp\/v2\/types\/page"}],"author":[{"embeddable":true,"href":"https:\/\/www.arahf.be\/index.php?rest_route=\/wp\/v2\/users\/1"}],"replies":[{"embeddable":true,"href":"https:\/\/www.arahf.be\/index.php?rest_route=%2Fwp%2Fv2%2Fcomments&post=94"}],"version-history":[{"count":1,"href":"https:\/\/www.arahf.be\/index.php?rest_route=\/wp\/v2\/pages\/94\/revisions"}],"predecessor-version":[{"id":8891,"href":"https:\/\/www.arahf.be\/index.php?rest_route=\/wp\/v2\/pages\/94\/revisions\/8891"}],"wp:attachment":[{"href":"https:\/\/www.arahf.be\/index.php?rest_route=%2Fwp%2Fv2%2Fmedia&parent=94"}],"curies":[{"name":"wp","href":"https:\/\/api.w.org\/{rel}","templated":true}]}}